{"id":3305,"date":"2021-10-28T10:38:10","date_gmt":"2021-10-28T07:38:10","guid":{"rendered":"https:\/\/uusi.actiw.com\/etusivu\/"},"modified":"2022-02-17T21:20:12","modified_gmt":"2022-02-17T19:20:12","slug":"etusivu","status":"publish","type":"page","link":"https:\/\/uusi.actiw.com\/de\/","title":{"rendered":"Etusivu"},"content":{"rendered":"<p>[vc_row row_height_percent=&#8220;90&#8243; override_padding=&#8220;yes&#8220; h_padding=&#8220;2&#8243; top_padding=&#8220;5&#8243; bottom_padding=&#8220;3&#8243; back_image=&#8220;4649&#8243; back_repeat=&#8220;no-repeat&#8220; back_position=&#8220;center center&#8220; overlay_color=&#8220;color-970157&#8243; overlay_alpha=&#8220;30&#8243; gutter_size=&#8220;3&#8243; column_width_percent=&#8220;100&#8243; shift_y=&#8220;0&#8243; z_index=&#8220;0&#8243; back_size=&#8220;cover&#8220; uncode_shortcode_id=&#8220;157408&#8243; overlay_color_type=&#8220;uncode-palette&#8220; shape_dividers=&#8220;&#8220;][vc_column column_width_percent=&#8220;100&#8243; position_vertical=&#8220;bottom&#8220; gutter_size=&#8220;3&#8243; overlay_alpha=&#8220;50&#8243; shift_x=&#8220;0&#8243; shift_y=&#8220;0&#8243; shift_y_down=&#8220;0&#8243; z_index=&#8220;0&#8243; medium_width=&#8220;0&#8243; mobile_width=&#8220;0&#8243; width=&#8220;2\/3&#8243;][vc_empty_space empty_h=&#8220;2&#8243; desktop_visibility=&#8220;yes&#8220;][vc_custom_heading text_color=&#8220;color-451140&#8243; heading_semantic=&#8220;h1&#8243; text_size=&#8220;h4&#8243; css_animation=&#8220;single-slide&#8220; uncode_shortcode_id=&#8220;155770&#8243; text_color_type=&#8220;uncode-palette&#8220;]Welcome\u00a0to the Actiw Showroom[\/vc_custom_heading][vc_custom_heading text_color=&#8220;color-451140&#8243; heading_semantic=&#8220;h1&#8243; text_size=&#8220;h1&#8243; css_animation=&#8220;top-t-bottom&#8220; animation_delay=&#8220;500&#8243; el_class=&#8220;header-subtext&#8220; uncode_shortcode_id=&#8220;456048&#8243; text_color_type=&#8220;uncode-palette&#8220;]Explore our solutions in<br \/>\nvirtual loading environments[\/vc_custom_heading][vc_empty_space empty_h=&#8220;2&#8243; desktop_visibility=&#8220;yes&#8220; medium_visibility=&#8220;yes&#8220; mobile_visibility=&#8220;yes&#8220;][vc_button button_color=&#8220;accent&#8220; radius=&#8220;btn-round&#8220; hover_fx=&#8220;full-colored&#8220; border_width=&#8220;0&#8243; css_animation=&#8220;top-t-bottom&#8220; animation_delay=&#8220;600&#8243; link=&#8220;url:https%3A%2F%2Factiw-showroom.web.app%2F|title:Go%20to%20showroom|target:%20_blank|&#8220; el_class=&#8220;button-orange&#8220; button_color_type=&#8220;uncode-palette&#8220; uncode_shortcode_id=&#8220;588165&#8243;]Go to showroom[\/vc_button][\/vc_column][vc_column width=&#8220;1\/3&#8243;][\/vc_column][\/vc_row][vc_row row_height_percent=&#8220;0&#8243; override_padding=&#8220;yes&#8220; h_padding=&#8220;0&#8243; top_padding=&#8220;1&#8243; bottom_padding=&#8220;2&#8243; overlay_alpha=&#8220;50&#8243; gutter_size=&#8220;0&#8243; column_width_percent=&#8220;100&#8243; shift_y=&#8220;0&#8243; z_index=&#8220;0&#8243; el_class=&#8220;inverted-device-order&#8220;][vc_column column_width_percent=&#8220;100&#8243; gutter_size=&#8220;3&#8243; override_padding=&#8220;yes&#8220; column_padding=&#8220;2&#8243; style=&#8220;light&#8220; overlay_alpha=&#8220;50&#8243; shift_x=&#8220;0&#8243; shift_y=&#8220;0&#8243; shift_y_down=&#8220;0&#8243; z_index=&#8220;0&#8243; medium_width=&#8220;0&#8243; mobile_width=&#8220;0&#8243; width=&#8220;2\/3&#8243; mobile_height=&#8220;340&#8243;][vc_empty_space empty_h=&#8220;2&#8243;][vc_column_text text_lead=&#8220;yes&#8220; uncode_shortcode_id=&#8220;143092&#8243;]Wir entwickeln, produzieren liefern seit ueber 30 Jahren Automatisierungsl\u00f6sungen zur Steigerung der Outbound-Logistik.[\/vc_column_text][\/vc_column][vc_column column_width_percent=&#8220;100&#8243; position_horizontal=&#8220;left&#8220; align_horizontal=&#8220;align_center&#8220; gutter_size=&#8220;0&#8243; override_padding=&#8220;yes&#8220; column_padding=&#8220;4&#8243; expand_height=&#8220;yes&#8220; style=&#8220;dark&#8220; back_color=&#8220;color-771635&#8243; overlay_alpha=&#8220;50&#8243; shift_x=&#8220;0&#8243; shift_y=&#8220;-5&#8243; shift_y_down=&#8220;0&#8243; z_index=&#8220;8&#8243; medium_width=&#8220;0&#8243; mobile_width=&#8220;5&#8243; width=&#8220;1\/3&#8243; el_class=&#8220;blue-header-box&#8220;][uncode_counter value=&#8220;50&#8243; counter_color=&#8220;color-451140&#8243; font=&#8220;font-393766&#8243; size=&#8220;h1&#8243; weight=&#8220;700&#8243; height=&#8220;fontheight-146349&#8243; suffix=&#8220;%&#8220;][vc_custom_heading text_color=&#8220;color-451140&#8243; heading_semantic=&#8220;h4&#8243; text_size=&#8220;h4&#8243;]schnellere Beladezeit der Container im Hafen[\/vc_custom_heading][vc_empty_space empty_h=&#8220;1&#8243;][\/vc_column][\/vc_row][vc_row row_height_percent=&#8220;0&#8243; override_padding=&#8220;yes&#8220; h_padding=&#8220;2&#8243; top_padding=&#8220;3&#8243; bottom_padding=&#8220;6&#8243; overlay_alpha=&#8220;50&#8243; gutter_size=&#8220;4&#8243; column_width_percent=&#8220;100&#8243; shift_y=&#8220;0&#8243; z_index=&#8220;0&#8243;][vc_column column_width_percent=&#8220;100&#8243; gutter_size=&#8220;2&#8243; overlay_alpha=&#8220;50&#8243; shift_x=&#8220;0&#8243; shift_y=&#8220;0&#8243; shift_y_down=&#8220;0&#8243; z_index=&#8220;0&#8243; medium_width=&#8220;7&#8243; mobile_width=&#8220;7&#8243; width=&#8220;1\/1&#8243;][vc_row_inner][vc_column_inner column_width_percent=&#8220;100&#8243; position_vertical=&#8220;bottom&#8220; gutter_size=&#8220;3&#8243; overlay_alpha=&#8220;50&#8243; shift_x=&#8220;0&#8243; shift_y=&#8220;0&#8243; shift_y_down=&#8220;0&#8243; z_index=&#8220;0&#8243; medium_width=&#8220;7&#8243; mobile_width=&#8220;7&#8243; width=&#8220;1\/2&#8243;][vc_custom_heading uncode_shortcode_id=&#8220;172539&#8243;]Verbessern Sie die Produktivit\u00e4t und die Sicherheit Ihrer Verladung[\/vc_custom_heading][\/vc_column_inner][vc_column_inner column_width_percent=&#8220;100&#8243; position_vertical=&#8220;bottom&#8220; gutter_size=&#8220;3&#8243; overlay_alpha=&#8220;50&#8243; shift_x=&#8220;0&#8243; shift_y=&#8220;0&#8243; shift_y_down=&#8220;0&#8243; z_index=&#8220;0&#8243; medium_width=&#8220;6&#8243; mobile_width=&#8220;7&#8243; width=&#8220;1\/2&#8243;][vc_column_text uncode_shortcode_id=&#8220;296802&#8243;]Kompetenz in der Automatisierungstechnik, Engagement und kontinuierliche Weiterentwicklung sind das Grundger\u00fcst unserer Systeme und helfen dabei effiziente L\u00f6sungen f\u00fcr viele verschiedene Branchen zu entwickeln.[\/vc_column_text][\/vc_column_inner][\/vc_row_inner][vc_empty_space empty_h=&#8220;2&#8243;][uncode_index el_id=&#8220;index-746809&#8243; loop=&#8220;size:3|order_by:menu_order|order:ASC|post_type:page|by_id:2042,57,55&#8243; style_preset=&#8220;metro&#8220; gutter_size=&#8220;2&#8243; page_items=&#8220;icon|md,title,text|excerpt,media|featured|onpost|poster&#8220; screen_lg=&#8220;1000&#8243; screen_md=&#8220;600&#8243; screen_sm=&#8220;480&#8243; single_text=&#8220;overlay&#8220; single_height=&#8220;6&#8243; single_back_color=&#8220;color-451140&#8243; single_overlay_color=&#8220;color-970157&#8243; single_overlay_coloration=&#8220;bottom_gradient&#8220; single_overlay_blend=&#8220;darken&#8220; single_overlay_opacity=&#8220;95&#8243; single_overlay_visible=&#8220;yes&#8220; single_overlay_anim=&#8220;no&#8220; single_text_visible=&#8220;yes&#8220; single_text_anim=&#8220;no&#8220; single_v_position=&#8220;bottom&#8220; single_padding=&#8220;2&#8243; single_title_semantic=&#8220;h4&#8243; single_title_weight=&#8220;700&#8243; single_text_lead=&#8220;yes&#8220; single_border=&#8220;yes&#8220; single_image_anim_move=&#8220;yes&#8220; items=&#8220;eyIzOV9pIjp7ImltYWdlc19zaXplIjoiIn0sIjM3X2kiOnsiaW1hZ2VzX3NpemUiOiIifSwiNTNfaSI6eyJzaW5nbGVfdGV4dF9sZWFkIjoibm8ifSwiMjA0Ml9pIjp7InNpbmdsZV9sYXlvdXRfcGFnZV9pdGVtcyI6Imljb258bWQsdGl0bGUsdGV4dHxleGNlcnB0LG1lZGlhfGN1c3RvbXxvbnBvc3R8cG9zdGVyIiwiYmFja19pbWFnZSI6IjI4MDEifSwiNTVfaSI6eyJiYWNrX2ltYWdlIjoiMjgwMCIsInNpbmdsZV9sYXlvdXRfcGFnZV9pdGVtcyI6Imljb258bWQsdGl0bGUsdGV4dHxleGNlcnB0LG1lZGlhfGN1c3RvbXxvbnBvc3R8cG9zdGVyIiwic2luZ2xlX2ltYWdlX2NvbG9yYXRpb24iOiIifX0=&#8220; single_icon=&#8220;fa fa-arrow-right2&#8243; order_ids=&#8220;53,55,57&#8243; el_class=&#8220;post-grid-texts&#8220;][\/vc_column][\/vc_row][vc_row row_height_percent=&#8220;0&#8243; override_padding=&#8220;yes&#8220; h_padding=&#8220;2&#8243; top_padding=&#8220;5&#8243; bottom_padding=&#8220;5&#8243; back_color=&#8220;color-771635&#8243; back_image=&#8220;1533&#8243; back_repeat=&#8220;no-repeat&#8220; back_position=&#8220;center center&#8220; overlay_color=&#8220;color-771635&#8243; overlay_alpha=&#8220;90&#8243; gutter_size=&#8220;3&#8243; column_width_percent=&#8220;100&#8243; shift_y=&#8220;0&#8243; z_index=&#8220;0&#8243; bottom_divider=&#8220;step_3_4&#8243;][vc_column column_width_percent=&#8220;100&#8243; gutter_size=&#8220;3&#8243; style=&#8220;dark&#8220; overlay_alpha=&#8220;50&#8243; shift_x=&#8220;0&#8243; shift_y=&#8220;0&#8243; shift_y_down=&#8220;0&#8243; z_index=&#8220;0&#8243; medium_width=&#8220;0&#8243; mobile_width=&#8220;0&#8243; width=&#8220;1\/1&#8243;][vc_row_inner][vc_column_inner column_width_percent=&#8220;100&#8243; position_vertical=&#8220;bottom&#8220; gutter_size=&#8220;3&#8243; style=&#8220;dark&#8220; overlay_alpha=&#8220;50&#8243; shift_x=&#8220;0&#8243; shift_y=&#8220;0&#8243; shift_y_down=&#8220;0&#8243; z_index=&#8220;0&#8243; medium_width=&#8220;7&#8243; mobile_width=&#8220;7&#8243; width=&#8220;2\/3&#8243;][vc_custom_heading uncode_shortcode_id=&#8220;274523&#8243;]Bew\u00e4hrtes Know-how zur Optimierung Ihrer Outbound-Logistik[\/vc_custom_heading][\/vc_column_inner][vc_column_inner column_width_percent=&#8220;100&#8243; position_vertical=&#8220;bottom&#8220; gutter_size=&#8220;3&#8243; overlay_alpha=&#8220;50&#8243; shift_x=&#8220;0&#8243; shift_y=&#8220;0&#8243; shift_y_down=&#8220;0&#8243; z_index=&#8220;0&#8243; medium_width=&#8220;6&#8243; mobile_width=&#8220;7&#8243; width=&#8220;1\/3&#8243;][\/vc_column_inner][\/vc_row_inner][vc_row_inner][vc_column_inner column_width_percent=&#8220;100&#8243; align_horizontal=&#8220;align_center&#8220; gutter_size=&#8220;3&#8243; style=&#8220;dark&#8220; overlay_alpha=&#8220;50&#8243; shift_x=&#8220;0&#8243; shift_y=&#8220;0&#8243; shift_y_down=&#8220;0&#8243; z_index=&#8220;0&#8243; medium_width=&#8220;0&#8243; mobile_width=&#8220;0&#8243; width=&#8220;1\/3&#8243;][uncode_counter value=&#8220;30&#8243; counter_color=&#8220;color-451140&#8243; font=&#8220;font-393766&#8243; size=&#8220;h1&#8243; weight=&#8220;700&#8243; text=&#8220;Jahre Erfahrung mit automatisierten L\u00f6sungen in der Outbound-Logistik&#8220; suffix=&#8220;+&#8220; uncode_shortcode_id=&#8220;193102&#8243; counter_color_type=&#8220;uncode-palette&#8220;][\/vc_column_inner][vc_column_inner column_width_percent=&#8220;100&#8243; align_horizontal=&#8220;align_center&#8220; gutter_size=&#8220;3&#8243; style=&#8220;dark&#8220; overlay_alpha=&#8220;50&#8243; shift_x=&#8220;0&#8243; shift_y=&#8220;0&#8243; shift_y_down=&#8220;0&#8243; z_index=&#8220;0&#8243; medium_width=&#8220;0&#8243; mobile_width=&#8220;0&#8243; width=&#8220;1\/3&#8243;][uncode_counter value=&#8220;200&#8243; counter_color=&#8220;color-451140&#8243; font=&#8220;font-393766&#8243; size=&#8220;h1&#8243; weight=&#8220;700&#8243; text=&#8220;Outbound-Logistik L\u00f6sungen f\u00fcr die Industrie&#8220; suffix=&#8220;+&#8220; uncode_shortcode_id=&#8220;534380&#8243; counter_color_type=&#8220;uncode-palette&#8220;][\/vc_column_inner][vc_column_inner column_width_percent=&#8220;100&#8243; align_horizontal=&#8220;align_center&#8220; gutter_size=&#8220;3&#8243; style=&#8220;dark&#8220; overlay_alpha=&#8220;50&#8243; shift_x=&#8220;0&#8243; shift_y=&#8220;0&#8243; shift_y_down=&#8220;0&#8243; z_index=&#8220;0&#8243; medium_width=&#8220;0&#8243; mobile_width=&#8220;0&#8243; width=&#8220;1\/3&#8243;][uncode_counter value=&#8220;1,500,000&#8243; counter_color=&#8220;color-451140&#8243; font=&#8220;font-393766&#8243; size=&#8220;h1&#8243; weight=&#8220;700&#8243; text=&#8220;verladene Anh\u00e4nger und Container&#8220; suffix=&#8220;+&#8220;][\/vc_column_inner][\/vc_row_inner][vc_raw_html]JTNDYSUyMG5hbWUlM0QlMjJjb250YWN0dXMlMjIlMjBzdHlsZSUzRCUyMmZvbnQtc2l6ZSUzQTBweCUzQiUyMGhlaWdodCUzQTBweCUzQiUyMiUzRSUzQyUyRmElM0U=[\/vc_raw_html][\/vc_column][\/vc_row][vc_row unlock_row_content=&#8220;yes&#8220; row_height_percent=&#8220;0&#8243; override_padding=&#8220;yes&#8220; h_padding=&#8220;0&#8243; top_padding=&#8220;0&#8243; bottom_padding=&#8220;0&#8243; back_color=&#8220;color-771635&#8243; overlay_alpha=&#8220;50&#8243; equal_height=&#8220;yes&#8220; gutter_size=&#8220;0&#8243; column_width_percent=&#8220;100&#8243; shift_y=&#8220;0&#8243; z_index=&#8220;0&#8243;][vc_column column_width_percent=&#8220;100&#8243; gutter_size=&#8220;3&#8243; override_padding=&#8220;yes&#8220; column_padding=&#8220;5&#8243; style=&#8220;dark&#8220; back_image=&#8220;762&#8243; back_repeat=&#8220;no-repeat&#8220; back_position=&#8220;center center&#8220; overlay_color=&#8220;color-970157&#8243; overlay_alpha=&#8220;50&#8243; shift_x=&#8220;0&#8243; shift_y=&#8220;0&#8243; shift_y_down=&#8220;0&#8243; z_index=&#8220;0&#8243; medium_width=&#8220;0&#8243; mobile_width=&#8220;0&#8243; width=&#8220;1\/2&#8243; mobile_height=&#8220;340&#8243;][vc_custom_heading heading_semantic=&#8220;h6&#8243; text_size=&#8220;h6&#8243; text_weight=&#8220;600&#8243; text_transform=&#8220;uppercase&#8220; text_height=&#8220;fontheight-146349&#8243; sub_reduced=&#8220;yes&#8220;]KUNDENZITAT[\/vc_custom_heading][vc_custom_heading heading_semantic=&#8220;h3&#8243; text_size=&#8220;h4&#8243; uncode_shortcode_id=&#8220;177889&#8243;]\u201eActiw hat uns bei unserer Automatisierung sehr geholfen. Sie haben uns nicht nur Maschinen verkauft, sondern auch mit uns einen Prozess entwickelt der unsere Effizienz wesentlich gesteigert hat.\u201c[\/vc_custom_heading][vc_column_text text_lead=&#8220;yes&#8220; uncode_shortcode_id=&#8220;249103&#8243;]Head of Service Delivery, eines Unternehmen aus der Petrochemie[\/vc_column_text][vc_button button_color=&#8220;accent&#8220; radius=&#8220;btn-round&#8220; hover_fx=&#8220;full-colored&#8220; border_width=&#8220;0&#8243; link=&#8220;url:https%3A%2F%2Fuusi.actiw.com%2Fde%2Fkundenberichte%2F|title:Customer%20Stories||&#8220; el_class=&#8220;button-orange&#8220;]LESEN SIE UNSERE KUNDENBERICHTE[\/vc_button][\/vc_column][vc_column column_width_use_pixel=&#8220;yes&#8220; position_horizontal=&#8220;left&#8220; gutter_size=&#8220;3&#8243; override_padding=&#8220;yes&#8220; column_padding=&#8220;5&#8243; style=&#8220;dark&#8220; back_image=&#8220;1862&#8243; back_repeat=&#8220;no-repeat&#8220; back_position=&#8220;right top&#8220; overlay_color=&#8220;color-970157&#8243; overlay_alpha=&#8220;25&#8243; shift_x=&#8220;0&#8243; shift_y=&#8220;0&#8243; shift_y_down=&#8220;0&#8243; z_index=&#8220;0&#8243; medium_width=&#8220;0&#8243; mobile_width=&#8220;0&#8243; width=&#8220;1\/2&#8243; column_width_pixel=&#8220;528&#8243;][vc_custom_heading heading_semantic=&#8220;h6&#8243; text_size=&#8220;h6&#8243; text_weight=&#8220;600&#8243; text_transform=&#8220;uppercase&#8220; text_height=&#8220;fontheight-146349&#8243; sub_reduced=&#8220;yes&#8220; uncode_shortcode_id=&#8220;149026&#8243;]KONTAKTIEREN SIE UNSERE EXPERTEN[\/vc_custom_heading][vc_custom_heading heading_semantic=&#8220;h3&#8243;]Haben Sie<br \/>\nnoch Fragen?[\/vc_custom_heading][vc_column_text text_lead=&#8220;yes&#8220; el_class=&#8220;extra-padding&#8220; uncode_shortcode_id=&#8220;211250&#8243;]Sprechen Sie mit unseren Experten dar\u00fcber, wie unsere automatisierten Logistikl\u00f6sungen Ihre Logistik verbessern k\u00f6nnen.[\/vc_column_text][vc_row_inner row_inner_height_percent=&#8220;0&#8243; overlay_alpha=&#8220;50&#8243; equal_height=&#8220;yes&#8220; gutter_size=&#8220;2&#8243; shift_y=&#8220;0&#8243; z_index=&#8220;0&#8243; limit_content=&#8220;&#8220; el_class=&#8220;contact-box-buttons&#8220;][vc_column_inner column_width_percent=&#8220;100&#8243; position_horizontal=&#8220;left&#8220; gutter_size=&#8220;3&#8243; overlay_alpha=&#8220;50&#8243; shift_x=&#8220;0&#8243; shift_y=&#8220;0&#8243; shift_y_down=&#8220;0&#8243; z_index=&#8220;0&#8243; medium_width=&#8220;7&#8243; mobile_width=&#8220;7&#8243; width=&#8220;1\/1&#8243;][vc_icon display=&#8220;inline&#8220; icon_image=&#8220;661&#8243; icon_color=&#8220;color-117229&#8243; background_style=&#8220;fa-rounded&#8220; media_size=&#8220;80&#8243; link=&#8220;url:tel%3A%2B358207424820|||&#8220; el_class=&#8220;contact-box-btn&#8220;][\/vc_icon][vc_icon display=&#8220;inline&#8220; icon_image=&#8220;659&#8243; icon_color=&#8220;color-117229&#8243; background_style=&#8220;fa-rounded&#8220; media_size=&#8220;60&#8243; link=&#8220;url:mailto%3Ainfo%40actiw.com|||&#8220; el_class=&#8220;contact-box-btn&#8220;][\/vc_icon][\/vc_column_inner][\/vc_row_inner][\/vc_column][\/vc_row][vc_row][vc_column width=&#8220;1\/1&#8243;][uncode_block id=&#8220;1450&#8243;][\/vc_column][\/vc_row]<\/p>\n","protected":false},"excerpt":{"rendered":"<p>[vc_row row_height_percent=&#8220;90&#8243; override_padding=&#8220;yes&#8220; h_padding=&#8220;2&#8243; top_padding=&#8220;5&#8243; bottom_padding=&#8220;3&#8243; back_image=&#8220;4649&#8243; back_repeat=&#8220;no-repeat&#8220; back_position=&#8220;center center&#8220; overlay_color=&#8220;color-970157&#8243; overlay_alpha=&#8220;30&#8243; gutter_size=&#8220;3&#8243; column_width_percent=&#8220;100&#8243; shift_y=&#8220;0&#8243; z_index=&#8220;0&#8243; back_size=&#8220;cover&#8220; uncode_shortcode_id=&#8220;157408&#8243; overlay_color_type=&#8220;uncode-palette&#8220; shape_dividers=&#8220;&#8220;][vc_column [&hellip;]<\/p>\n","protected":false},"author":3,"featured_media":0,"parent":0,"menu_order":1,"comment_status":"closed","ping_status":"closed","template":"","meta":{"footnotes":""},"yoast_head":"<!-- This site is optimized with the Yoast SEO plugin v21.8.1 - https:\/\/yoast.com\/wordpress\/plugins\/seo\/ -->\n<title>ACTIW | Produkte und L\u00f6sungen f\u00fcr die automatisierte Verladung<\/title>\n<meta name=\"description\" content=\"Wir verf\u00fcgen \u00fcber 30 Jahre Erfahrung in der Automatisierung der Outbound-Logistik f\u00fcr diverse Branchen. Wir finden die passende Equipment und die L\u00f6sung fuer Ihre Anforderungen.\" \/>\n<meta name=\"robots\" content=\"noindex, follow, max-snippet:-1, max-image-preview:large, max-video-preview:-1\" \/>\n<meta property=\"og:locale\" content=\"de_DE\" \/>\n<meta property=\"og:type\" content=\"article\" \/>\n<meta property=\"og:title\" content=\"ACTIW | Produkte und L\u00f6sungen f\u00fcr die automatisierte Verladung\" \/>\n<meta property=\"og:description\" content=\"Wir verf\u00fcgen \u00fcber 30 Jahre Erfahrung in der Automatisierung der Outbound-Logistik f\u00fcr diverse Branchen. Wir finden die passende Equipment und die L\u00f6sung fuer Ihre Anforderungen.\" \/>\n<meta property=\"og:url\" content=\"https:\/\/uusi.actiw.com\/de\/\" \/>\n<meta property=\"og:site_name\" content=\"ACTIW | Automated loading products &amp; solutions\" \/>\n<meta property=\"article:modified_time\" content=\"2022-02-17T19:20:12+00:00\" \/>\n<meta name=\"twitter:card\" content=\"summary_large_image\" \/>\n<meta name=\"twitter:label1\" content=\"Gesch\u00e4tzte Lesezeit\" \/>\n\t<meta name=\"twitter:data1\" content=\"3\u00a0Minuten\" \/>\n<script type=\"application\/ld+json\" class=\"yoast-schema-graph\">{\"@context\":\"https:\/\/schema.org\",\"@graph\":[{\"@type\":\"WebPage\",\"@id\":\"https:\/\/uusi.actiw.com\/de\/\",\"url\":\"https:\/\/uusi.actiw.com\/de\/\",\"name\":\"ACTIW | Produkte und L\u00f6sungen f\u00fcr die automatisierte Verladung\",\"isPartOf\":{\"@id\":\"https:\/\/uusi.actiw.com\/#website\"},\"datePublished\":\"2021-10-28T07:38:10+00:00\",\"dateModified\":\"2022-02-17T19:20:12+00:00\",\"description\":\"Wir verf\u00fcgen \u00fcber 30 Jahre Erfahrung in der Automatisierung der Outbound-Logistik f\u00fcr diverse Branchen. Wir finden die passende Equipment und die L\u00f6sung fuer Ihre Anforderungen.\",\"inLanguage\":\"de\",\"potentialAction\":[{\"@type\":\"ReadAction\",\"target\":[\"https:\/\/uusi.actiw.com\/de\/\"]}]},{\"@type\":\"WebSite\",\"@id\":\"https:\/\/uusi.actiw.com\/#website\",\"url\":\"https:\/\/uusi.actiw.com\/\",\"name\":\"ACTIW | Automated loading products &amp; solutions\",\"description\":\"Actiw \u2013 Lighten the load\",\"potentialAction\":[{\"@type\":\"SearchAction\",\"target\":{\"@type\":\"EntryPoint\",\"urlTemplate\":\"https:\/\/uusi.actiw.com\/?s={search_term_string}\"},\"query-input\":\"required name=search_term_string\"}],\"inLanguage\":\"de\"}]}<\/script>\n<!-- \/ Yoast SEO plugin. -->","yoast_head_json":{"title":"ACTIW | Produkte und L\u00f6sungen f\u00fcr die automatisierte Verladung","description":"Wir verf\u00fcgen \u00fcber 30 Jahre Erfahrung in der Automatisierung der Outbound-Logistik f\u00fcr diverse Branchen. Wir finden die passende Equipment und die L\u00f6sung fuer Ihre Anforderungen.","robots":{"index":"noindex","follow":"follow","max-snippet":"max-snippet:-1","max-image-preview":"max-image-preview:large","max-video-preview":"max-video-preview:-1"},"og_locale":"de_DE","og_type":"article","og_title":"ACTIW | Produkte und L\u00f6sungen f\u00fcr die automatisierte Verladung","og_description":"Wir verf\u00fcgen \u00fcber 30 Jahre Erfahrung in der Automatisierung der Outbound-Logistik f\u00fcr diverse Branchen. Wir finden die passende Equipment und die L\u00f6sung fuer Ihre Anforderungen.","og_url":"https:\/\/uusi.actiw.com\/de\/","og_site_name":"ACTIW | Automated loading products &amp; solutions","article_modified_time":"2022-02-17T19:20:12+00:00","twitter_card":"summary_large_image","twitter_misc":{"Gesch\u00e4tzte Lesezeit":"3\u00a0Minuten"},"schema":{"@context":"https:\/\/schema.org","@graph":[{"@type":"WebPage","@id":"https:\/\/uusi.actiw.com\/de\/","url":"https:\/\/uusi.actiw.com\/de\/","name":"ACTIW | Produkte und L\u00f6sungen f\u00fcr die automatisierte Verladung","isPartOf":{"@id":"https:\/\/uusi.actiw.com\/#website"},"datePublished":"2021-10-28T07:38:10+00:00","dateModified":"2022-02-17T19:20:12+00:00","description":"Wir verf\u00fcgen \u00fcber 30 Jahre Erfahrung in der Automatisierung der Outbound-Logistik f\u00fcr diverse Branchen. Wir finden die passende Equipment und die L\u00f6sung fuer Ihre Anforderungen.","inLanguage":"de","potentialAction":[{"@type":"ReadAction","target":["https:\/\/uusi.actiw.com\/de\/"]}]},{"@type":"WebSite","@id":"https:\/\/uusi.actiw.com\/#website","url":"https:\/\/uusi.actiw.com\/","name":"ACTIW | Automated loading products &amp; solutions","description":"Actiw \u2013 Lighten the load","potentialAction":[{"@type":"SearchAction","target":{"@type":"EntryPoint","urlTemplate":"https:\/\/uusi.actiw.com\/?s={search_term_string}"},"query-input":"required name=search_term_string"}],"inLanguage":"de"}]}},"_links":{"self":[{"href":"https:\/\/uusi.actiw.com\/de\/wp-json\/wp\/v2\/pages\/3305"}],"collection":[{"href":"https:\/\/uusi.actiw.com\/de\/wp-json\/wp\/v2\/pages"}],"about":[{"href":"https:\/\/uusi.actiw.com\/de\/wp-json\/wp\/v2\/types\/page"}],"author":[{"embeddable":true,"href":"https:\/\/uusi.actiw.com\/de\/wp-json\/wp\/v2\/users\/3"}],"replies":[{"embeddable":true,"href":"https:\/\/uusi.actiw.com\/de\/wp-json\/wp\/v2\/comments?post=3305"}],"version-history":[{"count":20,"href":"https:\/\/uusi.actiw.com\/de\/wp-json\/wp\/v2\/pages\/3305\/revisions"}],"predecessor-version":[{"id":4671,"href":"https:\/\/uusi.actiw.com\/de\/wp-json\/wp\/v2\/pages\/3305\/revisions\/4671"}],"wp:attachment":[{"href":"https:\/\/uusi.actiw.com\/de\/wp-json\/wp\/v2\/media?parent=3305"}],"curies":[{"name":"wp","href":"https:\/\/api.w.org\/{rel}","templated":true}]}}