{"id":3398,"date":"2021-10-28T14:38:55","date_gmt":"2021-10-28T11:38:55","guid":{"rendered":"https:\/\/uusi.actiw.com\/kundenberichte\/"},"modified":"2021-10-29T10:40:30","modified_gmt":"2021-10-29T07:40:30","slug":"kundenberichte","status":"publish","type":"page","link":"https:\/\/uusi.actiw.com\/de\/kundenberichte\/","title":{"rendered":"Kundenberichte"},"content":{"rendered":"<p>[vc_row row_height_percent=&#8220;90&#8243; override_padding=&#8220;yes&#8220; h_padding=&#8220;2&#8243; top_padding=&#8220;0&#8243; bottom_padding=&#8220;3&#8243; back_image=&#8220;1384&#8243; back_repeat=&#8220;no-repeat&#8220; back_position=&#8220;center bottom&#8220; parallax=&#8220;yes&#8220; overlay_color=&#8220;color-970157&#8243; overlay_alpha=&#8220;20&#8243; gutter_size=&#8220;3&#8243; column_width_percent=&#8220;100&#8243; shift_y=&#8220;-5&#8243; z_index=&#8220;2&#8243; bottom_divider=&#8220;fan-opacity&#8220; row_name=&#8220;Header&#8220; el_class=&#8220;header-box&#8220;][vc_column column_width_percent=&#8220;100&#8243; position_vertical=&#8220;bottom&#8220; gutter_size=&#8220;3&#8243; overlay_alpha=&#8220;50&#8243; shift_x=&#8220;0&#8243; shift_y=&#8220;0&#8243; shift_y_down=&#8220;0&#8243; z_index=&#8220;0&#8243; medium_width=&#8220;0&#8243; mobile_width=&#8220;0&#8243; width=&#8220;1\/1&#8243;][vc_row_inner row_inner_height_percent=&#8220;0&#8243; overlay_alpha=&#8220;50&#8243; gutter_size=&#8220;3&#8243; shift_y=&#8220;0&#8243; z_index=&#8220;0&#8243; limit_content=&#8220;&#8220; el_class=&#8220;header-texts&#8220;][vc_column_inner column_width_percent=&#8220;100&#8243; position_vertical=&#8220;bottom&#8220; gutter_size=&#8220;3&#8243; overlay_alpha=&#8220;50&#8243; shift_x=&#8220;0&#8243; shift_y=&#8220;0&#8243; shift_y_down=&#8220;0&#8243; z_index=&#8220;0&#8243; medium_width=&#8220;6&#8243; mobile_width=&#8220;7&#8243; width=&#8220;1\/2&#8243;][vc_empty_space empty_h=&#8220;2&#8243; desktop_visibility=&#8220;yes&#8220;][vc_custom_heading heading_semantic=&#8220;h1&#8243; text_size=&#8220;h1&#8243; text_color=&#8220;color-451140&#8243; css_animation=&#8220;top-t-bottom&#8220; el_class=&#8220;header-subtext&#8220;]Kundenberichte[\/vc_custom_heading][vc_empty_space empty_h=&#8220;2&#8243; medium_visibility=&#8220;yes&#8220; mobile_visibility=&#8220;yes&#8220;][\/vc_column_inner][vc_column_inner width=&#8220;1\/2&#8243;][\/vc_column_inner][\/vc_row_inner][\/vc_column][\/vc_row][vc_row row_height_percent=&#8220;0&#8243; override_padding=&#8220;yes&#8220; h_padding=&#8220;2&#8243; top_padding=&#8220;3&#8243; bottom_padding=&#8220;6&#8243; overlay_alpha=&#8220;50&#8243; gutter_size=&#8220;4&#8243; column_width_percent=&#8220;100&#8243; shift_y=&#8220;0&#8243; z_index=&#8220;0&#8243;][vc_column column_width_percent=&#8220;100&#8243; gutter_size=&#8220;2&#8243; overlay_alpha=&#8220;50&#8243; shift_x=&#8220;0&#8243; shift_y=&#8220;0&#8243; shift_y_down=&#8220;0&#8243; z_index=&#8220;0&#8243; medium_width=&#8220;7&#8243; mobile_width=&#8220;7&#8243; width=&#8220;1\/1&#8243;][vc_column_text]<\/p>\n\t\t\t<!-- Flexy Breadcrumb -->\r\n\t\t\t<div class=\"fbc fbc-page\">\r\n\r\n\t\t\t\t<!-- Breadcrumb wrapper -->\r\n\t\t\t\t<div class=\"fbc-wrap\">\r\n\r\n\t\t\t\t\t<!-- Ordered list-->\r\n\t\t\t\t\t<ol class=\"fbc-items\" itemscope itemtype=\"https:\/\/schema.org\/BreadcrumbList\">\r\n\t\t\t\t\t\t            <li itemprop=\"itemListElement\" itemscope itemtype=\"https:\/\/schema.org\/ListItem\">\r\n                <span itemprop=\"name\">\r\n                    <!-- Home Link -->\r\n                    <a itemprop=\"item\" href=\"https:\/\/uusi.actiw.com\/de\/\">\r\n                    \r\n                        Home                    <\/a>\r\n                <\/span>\r\n                <meta itemprop=\"position\" content=\"1\" \/><!-- Meta Position-->\r\n             <\/li><li><span class=\"fbc-separator\">\/<\/span><\/li><li class=\"active\" itemprop=\"itemListElement\" itemscope itemtype=\"https:\/\/schema.org\/ListItem\"><span itemprop=\"name\" title=\"Kundenberichte\">Kundenberichte<\/span><meta itemprop=\"position\" content=\"2\" \/><\/li>\t\t\t\t\t<\/ol>\r\n\t\t\t\t\t<div class=\"clearfix\"><\/div>\r\n\t\t\t\t<\/div>\r\n\t\t\t<\/div>\r\n\t\t\t\n<p>[\/vc_column_text][vc_empty_space empty_h=&#8220;3&#8243;][vc_row_inner][vc_column_inner column_width_percent=&#8220;100&#8243; position_vertical=&#8220;bottom&#8220; gutter_size=&#8220;3&#8243; overlay_alpha=&#8220;50&#8243; shift_x=&#8220;0&#8243; shift_y=&#8220;0&#8243; shift_y_down=&#8220;0&#8243; z_index=&#8220;0&#8243; medium_width=&#8220;7&#8243; mobile_width=&#8220;7&#8243; width=&#8220;1\/2&#8243;][vc_custom_heading]Steigerung der Effizienz bei Beladevorg\u00e4ngen[\/vc_custom_heading][\/vc_column_inner][vc_column_inner column_width_percent=&#8220;100&#8243; position_vertical=&#8220;bottom&#8220; gutter_size=&#8220;3&#8243; overlay_alpha=&#8220;50&#8243; shift_x=&#8220;0&#8243; shift_y=&#8220;0&#8243; shift_y_down=&#8220;0&#8243; z_index=&#8220;0&#8243; medium_width=&#8220;6&#8243; mobile_width=&#8220;7&#8243; width=&#8220;1\/2&#8243;][vc_column_text]Lernen Sie Kunden kennen, die mit unseren automatisierten Verladel\u00f6sungen die Sicherheit und Produktivit\u00e4t ihrer Outbound-Logistik verbessert haben. Wir freuen uns darauf, auch Ihren ausgehenden Materialstrom zu verbessern, zu optimieren und zu automatisieren. <a href=\"https:\/\/uusi.actiw.com\/de\/kontakt\/\" target=\"_blank\" rel=\"noopener noreferrer\">Kontaktieren Sie uns<\/a>.[\/vc_column_text][\/vc_column_inner][\/vc_row_inner][vc_empty_space empty_h=&#8220;3&#8243;][uncode_index el_id=&#8220;index-746809&#8243; loop=&#8220;size:All|order_by:date|order:DESC|post_type:post|categories:-31&#8243; style_preset=&#8220;metro&#8220; filtering=&#8220;yes&#8220; infinite=&#8220;yes&#8220; infinite_button=&#8220;yes&#8220; infinite_hover_fx=&#8220;full-colored&#8220; infinite_button_shape=&#8220;btn-round&#8220; infinite_button_color=&#8220;accent&#8220; gutter_size=&#8220;2&#8243; post_items=&#8220;icon|md,title,text|excerpt,media|featured|onpost|original&#8220; page_items=&#8220;title,icon|lg,media|featured|onpost|poster&#8220; screen_lg=&#8220;1000&#8243; screen_md=&#8220;600&#8243; screen_sm=&#8220;480&#8243; single_text=&#8220;overlay&#8220; single_height=&#8220;5&#8243; single_overlay_color=&#8220;color-970157&#8243; single_overlay_coloration=&#8220;bottom_gradient&#8220; single_overlay_opacity=&#8220;85&#8243; single_text_visible=&#8220;yes&#8220; single_text_anim=&#8220;no&#8220; single_overlay_visible=&#8220;yes&#8220; single_overlay_anim=&#8220;no&#8220; single_v_position=&#8220;bottom&#8220; single_padding=&#8220;2&#8243; single_text_lead=&#8220;yes&#8220; single_title_semantic=&#8220;h4&#8243; single_title_weight=&#8220;700&#8243; single_border=&#8220;yes&#8220; items=&#8220;eyIzOV9pIjp7ImltYWdlc19zaXplIjoiIn0sIjM3X2kiOnsiaW1hZ2VzX3NpemUiOiIifX0=&#8220; single_icon=&#8220;fa fa-arrow-right2&#8243; order_ids=&#8220;37,39,41,49,212,43,45,47,51&#8243; infinite_button_text=&#8220;Show more&#8220; el_class=&#8220;post-grid-texts&#8220;][\/vc_column][\/vc_row]<\/p>\n","protected":false},"excerpt":{"rendered":"<p>[vc_row row_height_percent=&#8220;90&#8243; override_padding=&#8220;yes&#8220; h_padding=&#8220;2&#8243; top_padding=&#8220;0&#8243; bottom_padding=&#8220;3&#8243; back_image=&#8220;1384&#8243; back_repeat=&#8220;no-repeat&#8220; back_position=&#8220;center bottom&#8220; parallax=&#8220;yes&#8220; overlay_color=&#8220;color-970157&#8243; overlay_alpha=&#8220;20&#8243; gutter_size=&#8220;3&#8243; column_width_percent=&#8220;100&#8243; shift_y=&#8220;-5&#8243; z_index=&#8220;2&#8243; bottom_divider=&#8220;fan-opacity&#8220; row_name=&#8220;Header&#8220; el_class=&#8220;header-box&#8220;][vc_column [&hellip;]<\/p>\n","protected":false},"author":3,"featured_media":1384,"parent":0,"menu_order":6,"comment_status":"closed","ping_status":"closed","template":"","meta":{"footnotes":""},"yoast_head":"<!-- This site is optimized with the Yoast SEO plugin v21.8.1 - https:\/\/yoast.com\/wordpress\/plugins\/seo\/ -->\n<title>Kundenberichte: Automatisierte Ladel\u00f6sungen\u00a0\u2013\u00a0Actiw<\/title>\n<meta name=\"description\" content=\"Erfahren Sie mehr \u00fcber unsere Kunden und die automatisierten Ladel\u00f6sungen, die Sicherheit und Produktivit\u00e4t der Outbound-Logistik unserer Kunden verbessert haben.\" \/>\n<meta name=\"robots\" content=\"noindex, follow, max-snippet:-1, max-image-preview:large, max-video-preview:-1\" \/>\n<meta property=\"og:locale\" content=\"de_DE\" \/>\n<meta property=\"og:type\" content=\"article\" \/>\n<meta property=\"og:title\" content=\"Kundenberichte: Automatisierte Ladel\u00f6sungen\u00a0\u2013\u00a0Actiw\" \/>\n<meta property=\"og:description\" content=\"Erfahren Sie mehr \u00fcber unsere Kunden und die automatisierten Ladel\u00f6sungen, die Sicherheit und Produktivit\u00e4t der Outbound-Logistik unserer Kunden verbessert haben.\" \/>\n<meta property=\"og:url\" content=\"https:\/\/uusi.actiw.com\/de\/kundenberichte\/\" \/>\n<meta property=\"og:site_name\" content=\"ACTIW | Automated loading products &amp; solutions\" \/>\n<meta property=\"article:modified_time\" content=\"2021-10-29T07:40:30+00:00\" \/>\n<meta property=\"og:image\" content=\"https:\/\/uusi.actiw.com\/wp-content\/uploads\/2020\/02\/Actiw_loadplate_Rauma.jpg\" \/>\n\t<meta property=\"og:image:width\" content=\"1920\" \/>\n\t<meta property=\"og:image:height\" content=\"1440\" \/>\n\t<meta property=\"og:image:type\" content=\"image\/jpeg\" \/>\n<meta name=\"twitter:card\" content=\"summary_large_image\" \/>\n<meta name=\"twitter:label1\" content=\"Gesch\u00e4tzte Lesezeit\" \/>\n\t<meta name=\"twitter:data1\" content=\"1\u00a0Minute\" \/>\n<script type=\"application\/ld+json\" class=\"yoast-schema-graph\">{\"@context\":\"https:\/\/schema.org\",\"@graph\":[{\"@type\":\"WebPage\",\"@id\":\"https:\/\/uusi.actiw.com\/de\/kundenberichte\/\",\"url\":\"https:\/\/uusi.actiw.com\/de\/kundenberichte\/\",\"name\":\"Kundenberichte: Automatisierte Ladel\u00f6sungen\u00a0\u2013\u00a0Actiw\",\"isPartOf\":{\"@id\":\"https:\/\/uusi.actiw.com\/#website\"},\"datePublished\":\"2021-10-28T11:38:55+00:00\",\"dateModified\":\"2021-10-29T07:40:30+00:00\",\"description\":\"Erfahren Sie mehr \u00fcber unsere Kunden und die automatisierten Ladel\u00f6sungen, die Sicherheit und Produktivit\u00e4t der Outbound-Logistik unserer Kunden verbessert haben.\",\"inLanguage\":\"de\",\"potentialAction\":[{\"@type\":\"ReadAction\",\"target\":[\"https:\/\/uusi.actiw.com\/de\/kundenberichte\/\"]}]},{\"@type\":\"WebSite\",\"@id\":\"https:\/\/uusi.actiw.com\/#website\",\"url\":\"https:\/\/uusi.actiw.com\/\",\"name\":\"ACTIW | Automated loading products &amp; solutions\",\"description\":\"Actiw \u2013 Lighten the load\",\"potentialAction\":[{\"@type\":\"SearchAction\",\"target\":{\"@type\":\"EntryPoint\",\"urlTemplate\":\"https:\/\/uusi.actiw.com\/?s={search_term_string}\"},\"query-input\":\"required name=search_term_string\"}],\"inLanguage\":\"de\"}]}<\/script>\n<!-- \/ Yoast SEO plugin. -->","yoast_head_json":{"title":"Kundenberichte: Automatisierte Ladel\u00f6sungen\u00a0\u2013\u00a0Actiw","description":"Erfahren Sie mehr \u00fcber unsere Kunden und die automatisierten Ladel\u00f6sungen, die Sicherheit und Produktivit\u00e4t der Outbound-Logistik unserer Kunden verbessert haben.","robots":{"index":"noindex","follow":"follow","max-snippet":"max-snippet:-1","max-image-preview":"max-image-preview:large","max-video-preview":"max-video-preview:-1"},"og_locale":"de_DE","og_type":"article","og_title":"Kundenberichte: Automatisierte Ladel\u00f6sungen\u00a0\u2013\u00a0Actiw","og_description":"Erfahren Sie mehr \u00fcber unsere Kunden und die automatisierten Ladel\u00f6sungen, die Sicherheit und Produktivit\u00e4t der Outbound-Logistik unserer Kunden verbessert haben.","og_url":"https:\/\/uusi.actiw.com\/de\/kundenberichte\/","og_site_name":"ACTIW | Automated loading products &amp; solutions","article_modified_time":"2021-10-29T07:40:30+00:00","og_image":[{"width":1920,"height":1440,"url":"https:\/\/uusi.actiw.com\/wp-content\/uploads\/2020\/02\/Actiw_loadplate_Rauma.jpg","type":"image\/jpeg"}],"twitter_card":"summary_large_image","twitter_misc":{"Gesch\u00e4tzte Lesezeit":"1\u00a0Minute"},"schema":{"@context":"https:\/\/schema.org","@graph":[{"@type":"WebPage","@id":"https:\/\/uusi.actiw.com\/de\/kundenberichte\/","url":"https:\/\/uusi.actiw.com\/de\/kundenberichte\/","name":"Kundenberichte: Automatisierte Ladel\u00f6sungen\u00a0\u2013\u00a0Actiw","isPartOf":{"@id":"https:\/\/uusi.actiw.com\/#website"},"datePublished":"2021-10-28T11:38:55+00:00","dateModified":"2021-10-29T07:40:30+00:00","description":"Erfahren Sie mehr \u00fcber unsere Kunden und die automatisierten Ladel\u00f6sungen, die Sicherheit und Produktivit\u00e4t der Outbound-Logistik unserer Kunden verbessert haben.","inLanguage":"de","potentialAction":[{"@type":"ReadAction","target":["https:\/\/uusi.actiw.com\/de\/kundenberichte\/"]}]},{"@type":"WebSite","@id":"https:\/\/uusi.actiw.com\/#website","url":"https:\/\/uusi.actiw.com\/","name":"ACTIW | Automated loading products &amp; solutions","description":"Actiw \u2013 Lighten the load","potentialAction":[{"@type":"SearchAction","target":{"@type":"EntryPoint","urlTemplate":"https:\/\/uusi.actiw.com\/?s={search_term_string}"},"query-input":"required name=search_term_string"}],"inLanguage":"de"}]}},"_links":{"self":[{"href":"https:\/\/uusi.actiw.com\/de\/wp-json\/wp\/v2\/pages\/3398"}],"collection":[{"href":"https:\/\/uusi.actiw.com\/de\/wp-json\/wp\/v2\/pages"}],"about":[{"href":"https:\/\/uusi.actiw.com\/de\/wp-json\/wp\/v2\/types\/page"}],"author":[{"embeddable":true,"href":"https:\/\/uusi.actiw.com\/de\/wp-json\/wp\/v2\/users\/3"}],"replies":[{"embeddable":true,"href":"https:\/\/uusi.actiw.com\/de\/wp-json\/wp\/v2\/comments?post=3398"}],"version-history":[{"count":6,"href":"https:\/\/uusi.actiw.com\/de\/wp-json\/wp\/v2\/pages\/3398\/revisions"}],"predecessor-version":[{"id":3490,"href":"https:\/\/uusi.actiw.com\/de\/wp-json\/wp\/v2\/pages\/3398\/revisions\/3490"}],"wp:featuredmedia":[{"embeddable":true,"href":"https:\/\/uusi.actiw.com\/de\/wp-json\/wp\/v2\/media\/1384"}],"wp:attachment":[{"href":"https:\/\/uusi.actiw.com\/de\/wp-json\/wp\/v2\/media?parent=3398"}],"curies":[{"name":"wp","href":"https:\/\/api.w.org\/{rel}","templated":true}]}}