{"id":3404,"date":"2021-10-28T19:36:36","date_gmt":"2021-10-28T16:36:36","guid":{"rendered":"https:\/\/uusi.actiw.com\/datenschutzrichtlinie\/"},"modified":"2021-10-28T19:36:44","modified_gmt":"2021-10-28T16:36:44","slug":"datenschutzrichtlinie","status":"publish","type":"page","link":"https:\/\/uusi.actiw.com\/de\/datenschutzrichtlinie\/","title":{"rendered":"Datenschutzrichtlinie"},"content":{"rendered":"<p>[vc_row row_height_percent=&#8220;90&#8243; override_padding=&#8220;yes&#8220; h_padding=&#8220;2&#8243; top_padding=&#8220;0&#8243; bottom_padding=&#8220;3&#8243; back_image=&#8220;376&#8243; back_repeat=&#8220;no-repeat&#8220; back_position=&#8220;center bottom&#8220; parallax=&#8220;yes&#8220; overlay_color=&#8220;color-970157&#8243; overlay_alpha=&#8220;20&#8243; gutter_size=&#8220;3&#8243; column_width_percent=&#8220;100&#8243; shift_y=&#8220;-5&#8243; z_index=&#8220;2&#8243; bottom_divider=&#8220;fan-opacity&#8220; row_name=&#8220;Header&#8220; el_class=&#8220;header-box&#8220;][vc_column column_width_percent=&#8220;100&#8243; position_vertical=&#8220;bottom&#8220; gutter_size=&#8220;3&#8243; overlay_alpha=&#8220;50&#8243; shift_x=&#8220;0&#8243; shift_y=&#8220;0&#8243; shift_y_down=&#8220;0&#8243; z_index=&#8220;0&#8243; medium_width=&#8220;0&#8243; mobile_width=&#8220;0&#8243; width=&#8220;1\/1&#8243;][vc_row_inner row_inner_height_percent=&#8220;0&#8243; overlay_alpha=&#8220;50&#8243; gutter_size=&#8220;3&#8243; shift_y=&#8220;0&#8243; z_index=&#8220;0&#8243; limit_content=&#8220;&#8220; el_class=&#8220;header-texts&#8220;][vc_column_inner column_width_percent=&#8220;100&#8243; position_vertical=&#8220;bottom&#8220; gutter_size=&#8220;3&#8243; overlay_alpha=&#8220;50&#8243; shift_x=&#8220;0&#8243; shift_y=&#8220;0&#8243; shift_y_down=&#8220;0&#8243; z_index=&#8220;0&#8243; medium_width=&#8220;6&#8243; mobile_width=&#8220;7&#8243; width=&#8220;1\/2&#8243;][vc_empty_space empty_h=&#8220;2&#8243; desktop_visibility=&#8220;yes&#8220;][vc_custom_heading heading_semantic=&#8220;h1&#8243; text_size=&#8220;h1&#8243; text_color=&#8220;color-451140&#8243; css_animation=&#8220;top-t-bottom&#8220; el_class=&#8220;header-subtext&#8220;]Datenschutzrichtlinie[\/vc_custom_heading][vc_empty_space empty_h=&#8220;2&#8243; medium_visibility=&#8220;yes&#8220; mobile_visibility=&#8220;yes&#8220;][\/vc_column_inner][vc_column_inner width=&#8220;1\/2&#8243;][\/vc_column_inner][\/vc_row_inner][\/vc_column][\/vc_row][vc_row row_height_percent=&#8220;0&#8243; override_padding=&#8220;yes&#8220; h_padding=&#8220;2&#8243; top_padding=&#8220;3&#8243; bottom_padding=&#8220;6&#8243; overlay_alpha=&#8220;50&#8243; gutter_size=&#8220;4&#8243; column_width_percent=&#8220;100&#8243; shift_y=&#8220;0&#8243; z_index=&#8220;0&#8243;][vc_column column_width_percent=&#8220;100&#8243; gutter_size=&#8220;2&#8243; overlay_alpha=&#8220;50&#8243; shift_x=&#8220;0&#8243; shift_y=&#8220;0&#8243; shift_y_down=&#8220;0&#8243; z_index=&#8220;0&#8243; medium_width=&#8220;7&#8243; mobile_width=&#8220;7&#8243; width=&#8220;1\/1&#8243;][vc_column_text]<\/p>\n\t\t\t<!-- Flexy Breadcrumb -->\r\n\t\t\t<div class=\"fbc fbc-page\">\r\n\r\n\t\t\t\t<!-- Breadcrumb wrapper -->\r\n\t\t\t\t<div class=\"fbc-wrap\">\r\n\r\n\t\t\t\t\t<!-- Ordered list-->\r\n\t\t\t\t\t<ol class=\"fbc-items\" itemscope itemtype=\"https:\/\/schema.org\/BreadcrumbList\">\r\n\t\t\t\t\t\t            <li itemprop=\"itemListElement\" itemscope itemtype=\"https:\/\/schema.org\/ListItem\">\r\n                <span itemprop=\"name\">\r\n                    <!-- Home Link -->\r\n                    <a itemprop=\"item\" href=\"https:\/\/uusi.actiw.com\/de\/\">\r\n                    \r\n                        Home                    <\/a>\r\n                <\/span>\r\n                <meta itemprop=\"position\" content=\"1\" \/><!-- Meta Position-->\r\n             <\/li><li><span class=\"fbc-separator\">\/<\/span><\/li><li class=\"active\" itemprop=\"itemListElement\" itemscope itemtype=\"https:\/\/schema.org\/ListItem\"><span itemprop=\"name\" title=\"Datenschutzrichtlinie\">Datenschutzrichtlinie<\/span><meta itemprop=\"position\" content=\"2\" \/><\/li>\t\t\t\t\t<\/ol>\r\n\t\t\t\t\t<div class=\"clearfix\"><\/div>\r\n\t\t\t\t<\/div>\r\n\t\t\t<\/div>\r\n\t\t\t\n<p>[\/vc_column_text][vc_empty_space empty_h=&#8220;4&#8243; desktop_visibility=&#8220;yes&#8220; medium_visibility=&#8220;yes&#8220; mobile_visibility=&#8220;yes&#8220;][vc_row_inner][vc_column_inner column_width_percent=&#8220;100&#8243; position_vertical=&#8220;bottom&#8220; gutter_size=&#8220;3&#8243; overlay_alpha=&#8220;50&#8243; shift_x=&#8220;0&#8243; shift_y=&#8220;0&#8243; shift_y_down=&#8220;0&#8243; z_index=&#8220;0&#8243; medium_width=&#8220;7&#8243; mobile_width=&#8220;7&#8243; width=&#8220;2\/3&#8243;][vc_custom_heading]Schutz und Achtung Ihrer personenbezogenen Daten[\/vc_custom_heading][vc_column_text]<strong>Datenschutzrichtlinie<\/strong><\/p>\n<p>Actiw Oy verpflichtet sich, Ihre Privatsph\u00e4re zu sch\u00fctzen und zu respektieren und die geltenden Datenschutz- und Datenschutzgesetze einzuhalten.<\/p>\n<p>Diese Datenschutzrichtlinie informiert Sie \u00fcber die Art und Weise, wie Actiw Oy Ihre Privatsph\u00e4re sowie personenbezogene Daten, die wir \u00fcber Sie verarbeiten, sch\u00fctzt, erl\u00e4utert die Grunds\u00e4tze der Datenerhebung und die Zwecke der Verwendung der Daten und informiert Sie \u00fcber unsere Verwendung von Cookies.<\/p>\n<p>Diese Datenschutzrichtlinie gilt f\u00fcr alle personenbezogenen Daten, die auf der Actiw-Website (uusi.actiw.com) beim Ausf\u00fcllen von Online-Formularen erhoben werden.<\/p>\n<p><strong>Datenverantwortlicher<\/strong><\/p>\n<p>Die personenbezogenen Daten werden in einem Register gesammelt. Der Datenverantwortliche f\u00fcr das Register ist Actiw Oy, Linnatie 11-13, 76850 Naaraj\u00e4rvi, Finnland.<\/p>\n<p><strong>Kontaktdaten des Datenverantwortlichen<\/strong><\/p>\n<p>Datenschutzbeauftragter<br \/>\nName: Juho Kauhanen<br \/>\nEmail: juho.kauhanen@actiw.com<br \/>\nPhone: +358 40 197 1210<\/p>\n<p><strong>Name des Registers, das personenbezogene Daten sammelt<\/strong><\/p>\n<p>Actiw Oy Kunden- und Marketingregister<\/p>\n<p><strong>Sammlung personenbezogener Daten<\/strong><\/p>\n<p>Wenn wir Informationen ben\u00f6tigen, die Sie pers\u00f6nlich identifizieren oder es uns erm\u00f6glichen, mit Ihnen in Kontakt zu treten, werden wir diese in Online-Formularen auf unserer Website abfragen. Sie werden aufgefordert, Online-Formulare auszuf\u00fcllen, wenn Sie bestimmte Dienstleistungen oder Informationen von uns anfordern m\u00f6chten. Wir k\u00f6nnen Sie bitten, uns Informationen wie Name, E-Mail-Adresse, Telefonnummer, Unternehmen, Land, Produktinteresse und Beschreibung Ihres Kontaktbedarfs mitzuteilen.<\/p>\n<p>Bestimmte technische Informationen k\u00f6nnen automatisch erfasst werden, wenn Sie unsere Website nutzen. Dazu geh\u00f6ren beispielsweise die Zugriffszeiten auf die Website, die von Ihnen besuchten Seiten, die von Ihnen verwendeten Links, die von Ihnen angesehenen Inhalte, Informationen \u00fcber Ihre Ger\u00e4te und andere technische Informationen, die Ihr Browser uns zur Verf\u00fcgung stellt.<\/p>\n<p><strong>Cookies<\/strong><\/p>\n<p>Actiw kann in Verbindung mit unseren Dienstleistungen Cookies verwenden und personenbezogene Daten sammeln. Cookies sind kleine Dateien, die auf der Computerfestplatte des Nutzers gespeichert werden. Cookies erleichtern das Navigieren auf unserer Website und erh\u00f6hen die Benutzerfreundlichkeit. Unsere Website verwendet Cookies, um Ihre Einstellungen zu speichern.<\/p>\n<p>Cookies k\u00f6nnen verwendet werden, um den Sitzungsstatus aufrechtzuerhalten und die pers\u00f6nlichen Pr\u00e4ferenzen des Nutzers innerhalb des Online-Dienstes zu erkennen. Wenn Sie keine Cookies erhalten m\u00f6chten oder nicht benachrichtigt werden m\u00f6chten, wenn sie auf Ihrem Computer gespeichert werden, k\u00f6nnen Sie Ihren Webbrowser entsprechend einstellen. Wenn Sie dies tun, beachten Sie bitte, dass Sie m\u00f6glicherweise bestimmte Teile der Website nicht sehen oder nutzen k\u00f6nnen.<\/p>\n<p><strong>Dienste Dritter<\/strong><\/p>\n<p>Die Website von Actiw verwendet ein Formular, das mit dem Cloud-Computing-Dienst von Salesforce als Software (SaaS) verbunden ist, einem Unternehmen, das sich auf Kundenbeziehungsmanagement (CRM) spezialisiert hat. Die Website von Actiw enth\u00e4lt auch Links zu externen Diensten, wie z.\u00a0B. Schaltfl\u00e4chen zum Teilen auf Facebook, YouTube, LinkedIn und Twitter. Diese Drittanbieter k\u00f6nnen Cookies auf dem Computer des Link-Benutzers installieren, und die Verwendung dieser Cookies liegt au\u00dferhalb der Kontrolle von Actiw.<\/p>\n<p><strong>Zwecke der Nutzung personenbezogener Daten<\/strong><\/p>\n<p>Actiw verwendet personenbezogene Daten f\u00fcr die folgenden Zwecke:<\/p>\n<ul>\n<li>Zur Bereitstellung von Dienstleistungen oder zur Unterst\u00fctzung Ihrer Anfrage oder Ihres Kaufs<\/li>\n<li>Zur Verwaltung, Betreuung, Analyse und Entwicklung der Kundenbeziehung<\/li>\n<li>F\u00fcr Marktforschung und digitales Direktmarketing in \u00dcbereinstimmung mit geltendem Recht<\/li>\n<li>Zur Erf\u00fcllung zwingender gesetzlicher Anforderungen und\/oder in Verbindung mit der Strafverfolgung oder anderen zivil- oder strafrechtlichen Verfahren<\/li>\n<\/ul>\n<p><strong>Weitergabe personenbezogener Daten<\/strong><\/p>\n<p>Wir k\u00f6nnen personenbezogene Daten im Rahmen der Datenverarbeitung an externe Unterauftragnehmer weitergeben. Diese externen Unterauftragnehmer verarbeiten die Daten in unserem Auftrag. Die Unterauftragnehmer k\u00f6nnen sich in L\u00e4ndern au\u00dferhalb der Europ\u00e4ischen Union und des Europ\u00e4ischen Wirtschaftsraums befinden, z.\u00a0B. in den Vereinigten Staaten. Diese Unternehmen k\u00f6nnen Ihre personenbezogenen Daten verarbeiten, um z. B. Infrastruktur- und IT-Dienstleistungen oder andere Dienstleistungen anzubieten. In diesen F\u00e4llen wird eine ausreichende Datensicherheit und die Verarbeitung des Registers durch EU-U.S.-Privacy-Shield-Vereinbarungen oder durch eine Vereinbarung mit der Verwendung von Modellklauseln, die von der Europ\u00e4ischen Kommission genehmigt wurden, gew\u00e4hrleistet.<\/p>\n<p><strong>Grunds\u00e4tze des Schutzes personenbezogener Daten<\/strong><\/p>\n<p>Bei der Verarbeitung der personenbezogenen Daten treffen wir die technischen und organisatorischen Ma\u00dfnahmen, die erforderlich sind, um die personenbezogenen Daten gegen unbefugten Zugriff, gegen zuf\u00e4llige oder unrechtm\u00e4\u00dfige Vernichtung, Manipulation, Offenlegung und \u00dcbermittlung und gegen sonstige unrechtm\u00e4\u00dfige Verarbeitung zu sch\u00fctzen.<\/p>\n<p>Nur der Datenverantwortliche und gesondert beauftragte Personen haben Zugang zu den Registerdaten. Die Nutzer unterliegen einer Verschwiegenheitspflicht. Die Registerdaten werden zuverl\u00e4ssig gesichert. Das Niveau der Datensicherheit wird in regelm\u00e4\u00dfigen Abst\u00e4nden durch externe oder interne Audits \u00fcberpr\u00fcft.<\/p>\n<p><strong>Aufbewahrungsfrist f\u00fcr personenbezogene Daten<\/strong><\/p>\n<p>Der Datenverantwortliche speichert personenbezogene Daten nur so lange, wie es f\u00fcr den Zweck, zu dem die Daten erhoben wurden, erforderlich ist, innerhalb der gesetzlichen Beschr\u00e4nkungen und in \u00dcbereinstimmung mit den Anforderungen von Gesetzen und Vorschriften, insbesondere in \u00dcbereinstimmung mit den Rechnungslegungsvorschriften.<\/p>\n<p><strong>Recht auf \u00dcberpr\u00fcfung und \u00c4nderung der registrierten personenbezogenen Daten<\/strong><\/p>\n<p>Jede Person, deren personenbezogene Daten wir erfasst haben, hat als betroffene Person die in der DSGVO festgelegten Rechte. Die betroffenen Personen haben das Recht, ihre eigenen Daten zu \u00fcberpr\u00fcfen, zu berichtigen oder zu l\u00f6schen oder der Datenverarbeitung aus berechtigten Gr\u00fcnden zu widersprechen. Anfragen sind schriftlich an den oben genannten Datenverantwortlichen zu richten. Gem\u00e4\u00df den gesetzlichen Bestimmungen m\u00fcssen Sie Ihren Antrag unterschreiben und ihm eine Fotokopie Ihres Ausweises beif\u00fcgen, auf der Ihre Unterschrift zu erkennen ist. Sie m\u00fcssen auch eine Adresse angeben, an die die Antwort gesendet wird.[\/vc_column_text][\/vc_column_inner][vc_column_inner width=&#8220;1\/3&#8243;][\/vc_column_inner][\/vc_row_inner][\/vc_column][\/vc_row]<\/p>\n","protected":false},"excerpt":{"rendered":"<p>[vc_row row_height_percent=&#8220;90&#8243; override_padding=&#8220;yes&#8220; h_padding=&#8220;2&#8243; top_padding=&#8220;0&#8243; bottom_padding=&#8220;3&#8243; back_image=&#8220;376&#8243; back_repeat=&#8220;no-repeat&#8220; back_position=&#8220;center bottom&#8220; parallax=&#8220;yes&#8220; overlay_color=&#8220;color-970157&#8243; overlay_alpha=&#8220;20&#8243; gutter_size=&#8220;3&#8243; column_width_percent=&#8220;100&#8243; shift_y=&#8220;-5&#8243; z_index=&#8220;2&#8243; bottom_divider=&#8220;fan-opacity&#8220; row_name=&#8220;Header&#8220; el_class=&#8220;header-box&#8220;][vc_column [&hellip;]<\/p>\n","protected":false},"author":3,"featured_media":0,"parent":0,"menu_order":20,"comment_status":"closed","ping_status":"closed","template":"","meta":{"footnotes":""},"yoast_head":"<!-- This site is optimized with the Yoast SEO plugin v21.8.1 - https:\/\/yoast.com\/wordpress\/plugins\/seo\/ -->\n<title>Datenschutzrichtlinie\u00a0\u2013\u00a0Schutz und Achtung Ihrer personenbezogenen Daten\u00a0\u2013\u00a0Actiw<\/title>\n<meta name=\"description\" content=\"Actiw Ltd. verpflichtet sich zum Schutz Ihrer Privatsph\u00e4re und zur Einhaltung der geltenden Datenschutzgesetze. Lesen Sie mehr \u00fcber unsere Datenschutzrichtlinie.\" \/>\n<meta name=\"robots\" content=\"noindex, follow, max-snippet:-1, max-image-preview:large, max-video-preview:-1\" \/>\n<meta property=\"og:locale\" content=\"de_DE\" \/>\n<meta property=\"og:type\" content=\"article\" \/>\n<meta property=\"og:title\" content=\"Datenschutzrichtlinie\u00a0\u2013\u00a0Schutz und Achtung Ihrer personenbezogenen Daten\u00a0\u2013\u00a0Actiw\" \/>\n<meta property=\"og:description\" content=\"Actiw Ltd. verpflichtet sich zum Schutz Ihrer Privatsph\u00e4re und zur Einhaltung der geltenden Datenschutzgesetze. Lesen Sie mehr \u00fcber unsere Datenschutzrichtlinie.\" \/>\n<meta property=\"og:url\" content=\"https:\/\/uusi.actiw.com\/de\/datenschutzrichtlinie\/\" \/>\n<meta property=\"og:site_name\" content=\"ACTIW | Automated loading products &amp; solutions\" \/>\n<meta property=\"article:modified_time\" content=\"2021-10-28T16:36:44+00:00\" \/>\n<meta name=\"twitter:card\" content=\"summary_large_image\" \/>\n<meta name=\"twitter:label1\" content=\"Gesch\u00e4tzte Lesezeit\" \/>\n\t<meta name=\"twitter:data1\" content=\"6\u00a0Minuten\" \/>\n<script type=\"application\/ld+json\" class=\"yoast-schema-graph\">{\"@context\":\"https:\/\/schema.org\",\"@graph\":[{\"@type\":\"WebPage\",\"@id\":\"https:\/\/uusi.actiw.com\/de\/datenschutzrichtlinie\/\",\"url\":\"https:\/\/uusi.actiw.com\/de\/datenschutzrichtlinie\/\",\"name\":\"Datenschutzrichtlinie\u00a0\u2013\u00a0Schutz und Achtung Ihrer personenbezogenen Daten\u00a0\u2013\u00a0Actiw\",\"isPartOf\":{\"@id\":\"https:\/\/uusi.actiw.com\/#website\"},\"datePublished\":\"2021-10-28T16:36:36+00:00\",\"dateModified\":\"2021-10-28T16:36:44+00:00\",\"description\":\"Actiw Ltd. verpflichtet sich zum Schutz Ihrer Privatsph\u00e4re und zur Einhaltung der geltenden Datenschutzgesetze. Lesen Sie mehr \u00fcber unsere Datenschutzrichtlinie.\",\"inLanguage\":\"de\",\"potentialAction\":[{\"@type\":\"ReadAction\",\"target\":[\"https:\/\/uusi.actiw.com\/de\/datenschutzrichtlinie\/\"]}]},{\"@type\":\"WebSite\",\"@id\":\"https:\/\/uusi.actiw.com\/#website\",\"url\":\"https:\/\/uusi.actiw.com\/\",\"name\":\"ACTIW | Automated loading products &amp; solutions\",\"description\":\"Actiw \u2013 Lighten the load\",\"potentialAction\":[{\"@type\":\"SearchAction\",\"target\":{\"@type\":\"EntryPoint\",\"urlTemplate\":\"https:\/\/uusi.actiw.com\/?s={search_term_string}\"},\"query-input\":\"required name=search_term_string\"}],\"inLanguage\":\"de\"}]}<\/script>\n<!-- \/ Yoast SEO plugin. -->","yoast_head_json":{"title":"Datenschutzrichtlinie\u00a0\u2013\u00a0Schutz und Achtung Ihrer personenbezogenen Daten\u00a0\u2013\u00a0Actiw","description":"Actiw Ltd. verpflichtet sich zum Schutz Ihrer Privatsph\u00e4re und zur Einhaltung der geltenden Datenschutzgesetze. Lesen Sie mehr \u00fcber unsere Datenschutzrichtlinie.","robots":{"index":"noindex","follow":"follow","max-snippet":"max-snippet:-1","max-image-preview":"max-image-preview:large","max-video-preview":"max-video-preview:-1"},"og_locale":"de_DE","og_type":"article","og_title":"Datenschutzrichtlinie\u00a0\u2013\u00a0Schutz und Achtung Ihrer personenbezogenen Daten\u00a0\u2013\u00a0Actiw","og_description":"Actiw Ltd. verpflichtet sich zum Schutz Ihrer Privatsph\u00e4re und zur Einhaltung der geltenden Datenschutzgesetze. Lesen Sie mehr \u00fcber unsere Datenschutzrichtlinie.","og_url":"https:\/\/uusi.actiw.com\/de\/datenschutzrichtlinie\/","og_site_name":"ACTIW | Automated loading products &amp; solutions","article_modified_time":"2021-10-28T16:36:44+00:00","twitter_card":"summary_large_image","twitter_misc":{"Gesch\u00e4tzte Lesezeit":"6\u00a0Minuten"},"schema":{"@context":"https:\/\/schema.org","@graph":[{"@type":"WebPage","@id":"https:\/\/uusi.actiw.com\/de\/datenschutzrichtlinie\/","url":"https:\/\/uusi.actiw.com\/de\/datenschutzrichtlinie\/","name":"Datenschutzrichtlinie\u00a0\u2013\u00a0Schutz und Achtung Ihrer personenbezogenen Daten\u00a0\u2013\u00a0Actiw","isPartOf":{"@id":"https:\/\/uusi.actiw.com\/#website"},"datePublished":"2021-10-28T16:36:36+00:00","dateModified":"2021-10-28T16:36:44+00:00","description":"Actiw Ltd. verpflichtet sich zum Schutz Ihrer Privatsph\u00e4re und zur Einhaltung der geltenden Datenschutzgesetze. Lesen Sie mehr \u00fcber unsere Datenschutzrichtlinie.","inLanguage":"de","potentialAction":[{"@type":"ReadAction","target":["https:\/\/uusi.actiw.com\/de\/datenschutzrichtlinie\/"]}]},{"@type":"WebSite","@id":"https:\/\/uusi.actiw.com\/#website","url":"https:\/\/uusi.actiw.com\/","name":"ACTIW | Automated loading products &amp; solutions","description":"Actiw \u2013 Lighten the load","potentialAction":[{"@type":"SearchAction","target":{"@type":"EntryPoint","urlTemplate":"https:\/\/uusi.actiw.com\/?s={search_term_string}"},"query-input":"required name=search_term_string"}],"inLanguage":"de"}]}},"_links":{"self":[{"href":"https:\/\/uusi.actiw.com\/de\/wp-json\/wp\/v2\/pages\/3404"}],"collection":[{"href":"https:\/\/uusi.actiw.com\/de\/wp-json\/wp\/v2\/pages"}],"about":[{"href":"https:\/\/uusi.actiw.com\/de\/wp-json\/wp\/v2\/types\/page"}],"author":[{"embeddable":true,"href":"https:\/\/uusi.actiw.com\/de\/wp-json\/wp\/v2\/users\/3"}],"replies":[{"embeddable":true,"href":"https:\/\/uusi.actiw.com\/de\/wp-json\/wp\/v2\/comments?post=3404"}],"version-history":[{"count":2,"href":"https:\/\/uusi.actiw.com\/de\/wp-json\/wp\/v2\/pages\/3404\/revisions"}],"predecessor-version":[{"id":3406,"href":"https:\/\/uusi.actiw.com\/de\/wp-json\/wp\/v2\/pages\/3404\/revisions\/3406"}],"wp:attachment":[{"href":"https:\/\/uusi.actiw.com\/de\/wp-json\/wp\/v2\/media?parent=3404"}],"curies":[{"name":"wp","href":"https:\/\/api.w.org\/{rel}","templated":true}]}}