{"id":3412,"date":"2021-10-28T20:01:19","date_gmt":"2021-10-28T17:01:19","guid":{"rendered":"https:\/\/uusi.actiw.com\/ueber-uns\/"},"modified":"2022-01-12T11:07:04","modified_gmt":"2022-01-12T09:07:04","slug":"ueber-uns","status":"publish","type":"page","link":"https:\/\/uusi.actiw.com\/de\/ueber-uns\/","title":{"rendered":"\u00dcber uns"},"content":{"rendered":"<p>[vc_row row_height_percent=&#8220;90&#8243; override_padding=&#8220;yes&#8220; h_padding=&#8220;2&#8243; top_padding=&#8220;3&#8243; bottom_padding=&#8220;3&#8243; back_image=&#8220;2073&#8243; back_repeat=&#8220;no-repeat&#8220; back_position=&#8220;center bottom&#8220; parallax=&#8220;yes&#8220; overlay_color=&#8220;color-970157&#8243; overlay_alpha=&#8220;20&#8243; gutter_size=&#8220;3&#8243; column_width_percent=&#8220;100&#8243; shift_y=&#8220;-5&#8243; z_index=&#8220;2&#8243; bottom_divider=&#8220;fan-opacity&#8220; row_name=&#8220;Header&#8220; el_class=&#8220;header-box&#8220;][vc_column column_width_percent=&#8220;100&#8243; position_vertical=&#8220;bottom&#8220; gutter_size=&#8220;3&#8243; overlay_alpha=&#8220;50&#8243; shift_x=&#8220;0&#8243; shift_y=&#8220;0&#8243; shift_y_down=&#8220;0&#8243; z_index=&#8220;0&#8243; medium_width=&#8220;0&#8243; mobile_width=&#8220;0&#8243; width=&#8220;1\/1&#8243;][vc_row_inner row_inner_height_percent=&#8220;0&#8243; overlay_alpha=&#8220;50&#8243; gutter_size=&#8220;3&#8243; shift_y=&#8220;0&#8243; z_index=&#8220;0&#8243; limit_content=&#8220;&#8220; el_class=&#8220;header-texts&#8220;][vc_column_inner column_width_percent=&#8220;100&#8243; position_vertical=&#8220;bottom&#8220; gutter_size=&#8220;3&#8243; overlay_alpha=&#8220;50&#8243; shift_x=&#8220;0&#8243; shift_y=&#8220;0&#8243; shift_y_down=&#8220;0&#8243; z_index=&#8220;0&#8243; medium_width=&#8220;6&#8243; mobile_width=&#8220;7&#8243; width=&#8220;1\/2&#8243;][vc_empty_space empty_h=&#8220;2&#8243; desktop_visibility=&#8220;yes&#8220;][vc_custom_heading text_color=&#8220;color-451140&#8243; heading_semantic=&#8220;h1&#8243; text_size=&#8220;h1&#8243; css_animation=&#8220;top-t-bottom&#8220; uncode_shortcode_id=&#8220;127517&#8243; text_color_type=&#8220;uncode-palette&#8220;]Pionier und f\u00fchrende Hersteller f\u00fcr Warenausgangslogistik[\/vc_custom_heading][vc_empty_space empty_h=&#8220;2&#8243; desktop_visibility=&#8220;yes&#8220; medium_visibility=&#8220;yes&#8220; mobile_visibility=&#8220;yes&#8220;][\/vc_column_inner][vc_column_inner width=&#8220;1\/2&#8243;][\/vc_column_inner][\/vc_row_inner][\/vc_column][\/vc_row][vc_row row_height_percent=&#8220;0&#8243; override_padding=&#8220;yes&#8220; h_padding=&#8220;2&#8243; top_padding=&#8220;3&#8243; bottom_padding=&#8220;4&#8243; overlay_alpha=&#8220;50&#8243; gutter_size=&#8220;4&#8243; column_width_percent=&#8220;100&#8243; shift_y=&#8220;0&#8243; z_index=&#8220;0&#8243;][vc_column column_width_percent=&#8220;100&#8243; gutter_size=&#8220;2&#8243; overlay_alpha=&#8220;50&#8243; shift_x=&#8220;0&#8243; shift_y=&#8220;0&#8243; shift_y_down=&#8220;0&#8243; z_index=&#8220;0&#8243; medium_width=&#8220;7&#8243; mobile_width=&#8220;7&#8243; width=&#8220;1\/1&#8243;][vc_column_text]\t\t\t<!-- Flexy Breadcrumb -->\r\n\t\t\t<div class=\"fbc fbc-page\">\r\n\r\n\t\t\t\t<!-- Breadcrumb wrapper -->\r\n\t\t\t\t<div class=\"fbc-wrap\">\r\n\r\n\t\t\t\t\t<!-- Ordered list-->\r\n\t\t\t\t\t<ol class=\"fbc-items\" itemscope itemtype=\"https:\/\/schema.org\/BreadcrumbList\">\r\n\t\t\t\t\t\t            <li itemprop=\"itemListElement\" itemscope itemtype=\"https:\/\/schema.org\/ListItem\">\r\n                <span itemprop=\"name\">\r\n                    <!-- Home Link -->\r\n                    <a itemprop=\"item\" href=\"https:\/\/uusi.actiw.com\/de\/\">\r\n                    \r\n                        Home                    <\/a>\r\n                <\/span>\r\n                <meta itemprop=\"position\" content=\"1\" \/><!-- Meta Position-->\r\n             <\/li><li><span class=\"fbc-separator\">\/<\/span><\/li><li class=\"active\" itemprop=\"itemListElement\" itemscope itemtype=\"https:\/\/schema.org\/ListItem\"><span itemprop=\"name\" title=\"\u00dcber uns\">\u00dcber uns<\/span><meta itemprop=\"position\" content=\"2\" \/><\/li>\t\t\t\t\t<\/ol>\r\n\t\t\t\t\t<div class=\"clearfix\"><\/div>\r\n\t\t\t\t<\/div>\r\n\t\t\t<\/div>\n<p>[\/vc_column_text][vc_empty_space empty_h=&#8220;4&#8243;][vc_row_inner][vc_column_inner column_width_percent=&#8220;100&#8243; position_vertical=&#8220;bottom&#8220; gutter_size=&#8220;3&#8243; overlay_alpha=&#8220;50&#8243; shift_x=&#8220;0&#8243; shift_y=&#8220;0&#8243; shift_y_down=&#8220;0&#8243; z_index=&#8220;0&#8243; medium_width=&#8220;7&#8243; mobile_width=&#8220;7&#8243; width=&#8220;1\/2&#8243;][vc_custom_heading]\u00dcber uns[\/vc_custom_heading][vc_column_text uncode_shortcode_id=&#8220;916279&#8243;]Actiw ist Pionier und der f\u00fchrenden Hersteller von Warenausgangslogistiksystemen f\u00fcr Lagerung. Actiw verbessert, optimiert und automatisiert seit \u00fcber 30 Jahren Logistikprozesse. Wir sind ein in Finnland ans\u00e4ssiges Unternehmen.[\/vc_column_text][\/vc_column_inner][vc_column_inner column_width_percent=&#8220;100&#8243; position_vertical=&#8220;bottom&#8220; gutter_size=&#8220;3&#8243; overlay_alpha=&#8220;50&#8243; shift_x=&#8220;0&#8243; shift_y=&#8220;0&#8243; shift_y_down=&#8220;0&#8243; z_index=&#8220;0&#8243; medium_width=&#8220;6&#8243; mobile_width=&#8220;7&#8243; width=&#8220;1\/2&#8243;][vc_column_text uncode_shortcode_id=&#8220;819345&#8243;]Wir bieten automatisierte Beladesysteme, intelligente schl\u00fcsselfertige L\u00f6sungen und 24\/7-Services, um die Sicherheit und Produktivit\u00e4t Ihrer Verladung zu verbessern. Wir widmen uns voll und ganz der Aufgabe, Ihre Beladungsvorgang zu erleichtern.[\/vc_column_text][\/vc_column_inner][\/vc_row_inner][\/vc_column][\/vc_row][vc_row row_height_percent=&#8220;0&#8243; override_padding=&#8220;yes&#8220; h_padding=&#8220;2&#8243; top_padding=&#8220;2&#8243; bottom_padding=&#8220;7&#8243; overlay_alpha=&#8220;50&#8243; equal_height=&#8220;yes&#8220; gutter_size=&#8220;3&#8243; column_width_percent=&#8220;100&#8243; shift_y=&#8220;0&#8243; z_index=&#8220;0&#8243;][vc_column column_width_percent=&#8220;100&#8243; gutter_size=&#8220;3&#8243; back_image=&#8220;2508&#8243; overlay_alpha=&#8220;50&#8243; shift_x=&#8220;0&#8243; shift_y=&#8220;0&#8243; shift_y_down=&#8220;0&#8243; z_index=&#8220;0&#8243; medium_width=&#8220;0&#8243; mobile_width=&#8220;0&#8243; width=&#8220;1\/2&#8243;][\/vc_column][vc_column width=&#8220;1\/2&#8243;][vc_column_text uncode_shortcode_id=&#8220;575666&#8243;]<\/p>\n<h5>Unsere Mission &#8211; Was wir tun<\/h5>\n<p>Wir verbessern, optimieren und automatisieren die Outbound-Logistik, um die Sicherheit und Produktivit\u00e4t der industriellen Verladung zu erh\u00f6hen.<\/p>\n<h5>Unsere Vision\u00a0\u2013\u00a0Was wir erreichen wollen<\/h5>\n<p>Wir helfen unseren Kunden, Vorreiter in der Automatisierung der Outbound-Logistik zu werden.<\/p>\n<h5>Unsere Werte\u00a0\u2013\u00a0Die Arbeitsweise von Actiw<\/h5>\n<p><strong>Engagiert<\/strong><br \/>\nWir gehen einen Schritt weiter, um die Beladung unserer Kunden zu optimieren.<br \/>\n<strong>Reaktionsschnell<\/strong><br \/>\nWir halten stets unsere Versprechen gegen\u00fcber unseren Kunden ein.<br \/>\n<strong>Familienunternehmen<\/strong><br \/>\nWir k\u00fcmmern uns um unsere Mitarbeiter und sind ein unabh\u00e4ngiges, finanziell stabiles Unternehmen.[\/vc_column_text][\/vc_column][\/vc_row][vc_row row_height_percent=&#8220;0&#8243; override_padding=&#8220;yes&#8220; h_padding=&#8220;2&#8243; top_padding=&#8220;5&#8243; bottom_padding=&#8220;5&#8243; back_color=&#8220;color-771635&#8243; back_image=&#8220;1533&#8243; back_repeat=&#8220;no-repeat&#8220; back_position=&#8220;center center&#8220; overlay_color=&#8220;color-771635&#8243; overlay_alpha=&#8220;90&#8243; gutter_size=&#8220;3&#8243; column_width_percent=&#8220;100&#8243; shift_y=&#8220;0&#8243; z_index=&#8220;0&#8243; bottom_divider=&#8220;step_3_4&#8243;][vc_column column_width_percent=&#8220;100&#8243; gutter_size=&#8220;3&#8243; style=&#8220;dark&#8220; overlay_alpha=&#8220;50&#8243; shift_x=&#8220;0&#8243; shift_y=&#8220;0&#8243; shift_y_down=&#8220;0&#8243; z_index=&#8220;0&#8243; medium_width=&#8220;0&#8243; mobile_width=&#8220;0&#8243; width=&#8220;1\/1&#8243;][vc_row_inner][vc_column_inner column_width_percent=&#8220;100&#8243; position_vertical=&#8220;bottom&#8220; gutter_size=&#8220;3&#8243; style=&#8220;dark&#8220; overlay_alpha=&#8220;50&#8243; shift_x=&#8220;0&#8243; shift_y=&#8220;0&#8243; shift_y_down=&#8220;0&#8243; z_index=&#8220;0&#8243; medium_width=&#8220;7&#8243; mobile_width=&#8220;7&#8243; width=&#8220;2\/3&#8243;][vc_custom_heading]Bew\u00e4hrtes Know-how zur Optimierung Ihrer Ausgangslogistik[\/vc_custom_heading][\/vc_column_inner][vc_column_inner column_width_percent=&#8220;100&#8243; position_vertical=&#8220;bottom&#8220; gutter_size=&#8220;3&#8243; overlay_alpha=&#8220;50&#8243; shift_x=&#8220;0&#8243; shift_y=&#8220;0&#8243; shift_y_down=&#8220;0&#8243; z_index=&#8220;0&#8243; medium_width=&#8220;6&#8243; mobile_width=&#8220;7&#8243; width=&#8220;1\/3&#8243;][\/vc_column_inner][\/vc_row_inner][vc_row_inner][vc_column_inner column_width_percent=&#8220;100&#8243; align_horizontal=&#8220;align_center&#8220; gutter_size=&#8220;3&#8243; style=&#8220;dark&#8220; overlay_alpha=&#8220;50&#8243; shift_x=&#8220;0&#8243; shift_y=&#8220;0&#8243; shift_y_down=&#8220;0&#8243; z_index=&#8220;0&#8243; medium_width=&#8220;0&#8243; mobile_width=&#8220;0&#8243; width=&#8220;1\/3&#8243;][uncode_counter value=&#8220;30&#8243; prefix=&#8220;+&#8220; counter_color=&#8220;color-451140&#8243; font=&#8220;font-393766&#8243; size=&#8220;h1&#8243; weight=&#8220;700&#8243; text=&#8220;Jahre Erfahrung mit automatisierten L\u00f6sungen in der Outbound-Logistik&#8220; uncode_shortcode_id=&#8220;877002&#8243; counter_color_type=&#8220;uncode-palette&#8220;][\/vc_column_inner][vc_column_inner column_width_percent=&#8220;100&#8243; align_horizontal=&#8220;align_center&#8220; gutter_size=&#8220;3&#8243; style=&#8220;dark&#8220; overlay_alpha=&#8220;50&#8243; shift_x=&#8220;0&#8243; shift_y=&#8220;0&#8243; shift_y_down=&#8220;0&#8243; z_index=&#8220;0&#8243; medium_width=&#8220;0&#8243; mobile_width=&#8220;0&#8243; width=&#8220;1\/3&#8243;][uncode_counter value=&#8220;200&#8243; prefix=&#8220;+&#8220; counter_color=&#8220;color-451140&#8243; font=&#8220;font-393766&#8243; size=&#8220;h1&#8243; weight=&#8220;700&#8243; text=&#8220;Outbound-Logistik L\u00f6sungen f\u00fcr die Industrie&#8220; uncode_shortcode_id=&#8220;732991&#8243; counter_color_type=&#8220;uncode-palette&#8220;][\/vc_column_inner][vc_column_inner column_width_percent=&#8220;100&#8243; align_horizontal=&#8220;align_center&#8220; gutter_size=&#8220;3&#8243; style=&#8220;dark&#8220; overlay_alpha=&#8220;50&#8243; shift_x=&#8220;0&#8243; shift_y=&#8220;0&#8243; shift_y_down=&#8220;0&#8243; z_index=&#8220;0&#8243; medium_width=&#8220;0&#8243; mobile_width=&#8220;0&#8243; width=&#8220;1\/3&#8243;][uncode_counter value=&#8220;1500000&#8243; prefix=&#8220;+&#8220; counter_color=&#8220;color-451140&#8243; font=&#8220;font-393766&#8243; size=&#8220;h1&#8243; weight=&#8220;700&#8243; text=&#8220;verladene Anh\u00e4nger und Container&#8220;][\/vc_column_inner][\/vc_row_inner][vc_raw_html]PGEgbmFtZT0iY29udGFjdHVzIiBzdHlsZT0iZm9udC1zaXplOjBweDsgaGVpZ2h0OjBweDsiPjwvYT4=[\/vc_raw_html][\/vc_column][\/vc_row][vc_row][vc_column width=&#8220;1\/1&#8243;][uncode_block id=&#8220;1450&#8243;][\/vc_column][\/vc_row]<\/p>\n","protected":false},"excerpt":{"rendered":"<p>[vc_row row_height_percent=&#8220;90&#8243; override_padding=&#8220;yes&#8220; h_padding=&#8220;2&#8243; top_padding=&#8220;3&#8243; bottom_padding=&#8220;3&#8243; back_image=&#8220;2073&#8243; back_repeat=&#8220;no-repeat&#8220; back_position=&#8220;center bottom&#8220; parallax=&#8220;yes&#8220; overlay_color=&#8220;color-970157&#8243; overlay_alpha=&#8220;20&#8243; gutter_size=&#8220;3&#8243; column_width_percent=&#8220;100&#8243; shift_y=&#8220;-5&#8243; z_index=&#8220;2&#8243; bottom_divider=&#8220;fan-opacity&#8220; row_name=&#8220;Header&#8220; el_class=&#8220;header-box&#8220;][vc_column [&hellip;]<\/p>\n","protected":false},"author":3,"featured_media":3136,"parent":0,"menu_order":9,"comment_status":"closed","ping_status":"closed","template":"","meta":{"footnotes":""},"yoast_head":"<!-- This site is optimized with the Yoast SEO plugin v21.8.1 - https:\/\/yoast.com\/wordpress\/plugins\/seo\/ -->\n<title>Outbound-Logistik verbessern, optimieren und automatisieren\u00a0\u2013\u00a0Actiw<\/title>\n<meta name=\"description\" content=\"Wir bieten Ihnen automatisierte Beladesysteme, schl\u00fcsselfertige L\u00f6sungen und 24\/7 Service, um die Sicherheit und Produktivit\u00e4t Ihrer Outbound-Logistik zu verbessern.\" \/>\n<meta name=\"robots\" content=\"noindex, follow, max-snippet:-1, max-image-preview:large, max-video-preview:-1\" \/>\n<meta property=\"og:locale\" content=\"de_DE\" \/>\n<meta property=\"og:type\" content=\"article\" \/>\n<meta property=\"og:title\" content=\"Outbound-Logistik verbessern, optimieren und automatisieren\u00a0\u2013\u00a0Actiw\" \/>\n<meta property=\"og:description\" content=\"Wir bieten Ihnen automatisierte Beladesysteme, schl\u00fcsselfertige L\u00f6sungen und 24\/7 Service, um die Sicherheit und Produktivit\u00e4t Ihrer Outbound-Logistik zu verbessern.\" \/>\n<meta property=\"og:url\" content=\"https:\/\/uusi.actiw.com\/de\/ueber-uns\/\" \/>\n<meta property=\"og:site_name\" content=\"ACTIW | Automated loading products &amp; solutions\" \/>\n<meta property=\"article:modified_time\" content=\"2022-01-12T09:07:04+00:00\" \/>\n<meta property=\"og:image\" content=\"https:\/\/uusi.actiw.com\/wp-content\/uploads\/2020\/04\/actiw-about-us.jpg\" \/>\n\t<meta property=\"og:image:width\" content=\"1920\" \/>\n\t<meta property=\"og:image:height\" content=\"1080\" \/>\n\t<meta property=\"og:image:type\" content=\"image\/jpeg\" \/>\n<meta name=\"twitter:card\" content=\"summary_large_image\" \/>\n<meta name=\"twitter:label1\" content=\"Gesch\u00e4tzte Lesezeit\" \/>\n\t<meta name=\"twitter:data1\" content=\"2\u00a0Minuten\" \/>\n<script type=\"application\/ld+json\" class=\"yoast-schema-graph\">{\"@context\":\"https:\/\/schema.org\",\"@graph\":[{\"@type\":\"WebPage\",\"@id\":\"https:\/\/uusi.actiw.com\/de\/ueber-uns\/\",\"url\":\"https:\/\/uusi.actiw.com\/de\/ueber-uns\/\",\"name\":\"Outbound-Logistik verbessern, optimieren und automatisieren\u00a0\u2013\u00a0Actiw\",\"isPartOf\":{\"@id\":\"https:\/\/uusi.actiw.com\/#website\"},\"datePublished\":\"2021-10-28T17:01:19+00:00\",\"dateModified\":\"2022-01-12T09:07:04+00:00\",\"description\":\"Wir bieten Ihnen automatisierte Beladesysteme, schl\u00fcsselfertige L\u00f6sungen und 24\/7 Service, um die Sicherheit und Produktivit\u00e4t Ihrer Outbound-Logistik zu verbessern.\",\"inLanguage\":\"de\",\"potentialAction\":[{\"@type\":\"ReadAction\",\"target\":[\"https:\/\/uusi.actiw.com\/de\/ueber-uns\/\"]}]},{\"@type\":\"WebSite\",\"@id\":\"https:\/\/uusi.actiw.com\/#website\",\"url\":\"https:\/\/uusi.actiw.com\/\",\"name\":\"ACTIW | Automated loading products &amp; solutions\",\"description\":\"Actiw \u2013 Lighten the load\",\"potentialAction\":[{\"@type\":\"SearchAction\",\"target\":{\"@type\":\"EntryPoint\",\"urlTemplate\":\"https:\/\/uusi.actiw.com\/?s={search_term_string}\"},\"query-input\":\"required name=search_term_string\"}],\"inLanguage\":\"de\"}]}<\/script>\n<!-- \/ Yoast SEO plugin. -->","yoast_head_json":{"title":"Outbound-Logistik verbessern, optimieren und automatisieren\u00a0\u2013\u00a0Actiw","description":"Wir bieten Ihnen automatisierte Beladesysteme, schl\u00fcsselfertige L\u00f6sungen und 24\/7 Service, um die Sicherheit und Produktivit\u00e4t Ihrer Outbound-Logistik zu verbessern.","robots":{"index":"noindex","follow":"follow","max-snippet":"max-snippet:-1","max-image-preview":"max-image-preview:large","max-video-preview":"max-video-preview:-1"},"og_locale":"de_DE","og_type":"article","og_title":"Outbound-Logistik verbessern, optimieren und automatisieren\u00a0\u2013\u00a0Actiw","og_description":"Wir bieten Ihnen automatisierte Beladesysteme, schl\u00fcsselfertige L\u00f6sungen und 24\/7 Service, um die Sicherheit und Produktivit\u00e4t Ihrer Outbound-Logistik zu verbessern.","og_url":"https:\/\/uusi.actiw.com\/de\/ueber-uns\/","og_site_name":"ACTIW | Automated loading products &amp; solutions","article_modified_time":"2022-01-12T09:07:04+00:00","og_image":[{"width":1920,"height":1080,"url":"https:\/\/uusi.actiw.com\/wp-content\/uploads\/2020\/04\/actiw-about-us.jpg","type":"image\/jpeg"}],"twitter_card":"summary_large_image","twitter_misc":{"Gesch\u00e4tzte Lesezeit":"2\u00a0Minuten"},"schema":{"@context":"https:\/\/schema.org","@graph":[{"@type":"WebPage","@id":"https:\/\/uusi.actiw.com\/de\/ueber-uns\/","url":"https:\/\/uusi.actiw.com\/de\/ueber-uns\/","name":"Outbound-Logistik verbessern, optimieren und automatisieren\u00a0\u2013\u00a0Actiw","isPartOf":{"@id":"https:\/\/uusi.actiw.com\/#website"},"datePublished":"2021-10-28T17:01:19+00:00","dateModified":"2022-01-12T09:07:04+00:00","description":"Wir bieten Ihnen automatisierte Beladesysteme, schl\u00fcsselfertige L\u00f6sungen und 24\/7 Service, um die Sicherheit und Produktivit\u00e4t Ihrer Outbound-Logistik zu verbessern.","inLanguage":"de","potentialAction":[{"@type":"ReadAction","target":["https:\/\/uusi.actiw.com\/de\/ueber-uns\/"]}]},{"@type":"WebSite","@id":"https:\/\/uusi.actiw.com\/#website","url":"https:\/\/uusi.actiw.com\/","name":"ACTIW | Automated loading products &amp; solutions","description":"Actiw \u2013 Lighten the load","potentialAction":[{"@type":"SearchAction","target":{"@type":"EntryPoint","urlTemplate":"https:\/\/uusi.actiw.com\/?s={search_term_string}"},"query-input":"required name=search_term_string"}],"inLanguage":"de"}]}},"_links":{"self":[{"href":"https:\/\/uusi.actiw.com\/de\/wp-json\/wp\/v2\/pages\/3412"}],"collection":[{"href":"https:\/\/uusi.actiw.com\/de\/wp-json\/wp\/v2\/pages"}],"about":[{"href":"https:\/\/uusi.actiw.com\/de\/wp-json\/wp\/v2\/types\/page"}],"author":[{"embeddable":true,"href":"https:\/\/uusi.actiw.com\/de\/wp-json\/wp\/v2\/users\/3"}],"replies":[{"embeddable":true,"href":"https:\/\/uusi.actiw.com\/de\/wp-json\/wp\/v2\/comments?post=3412"}],"version-history":[{"count":10,"href":"https:\/\/uusi.actiw.com\/de\/wp-json\/wp\/v2\/pages\/3412\/revisions"}],"predecessor-version":[{"id":4428,"href":"https:\/\/uusi.actiw.com\/de\/wp-json\/wp\/v2\/pages\/3412\/revisions\/4428"}],"wp:featuredmedia":[{"embeddable":true,"href":"https:\/\/uusi.actiw.com\/de\/wp-json\/wp\/v2\/media\/3136"}],"wp:attachment":[{"href":"https:\/\/uusi.actiw.com\/de\/wp-json\/wp\/v2\/media?parent=3412"}],"curies":[{"name":"wp","href":"https:\/\/api.w.org\/{rel}","templated":true}]}}