{"id":3751,"date":"2021-12-02T12:32:38","date_gmt":"2021-12-02T10:32:38","guid":{"rendered":"https:\/\/uusi.actiw.com\/industria\/"},"modified":"2021-12-10T21:51:58","modified_gmt":"2021-12-10T19:51:58","slug":"industria","status":"publish","type":"page","link":"https:\/\/uusi.actiw.com\/es\/industria\/","title":{"rendered":"Industria"},"content":{"rendered":"<p>[vc_row row_height_percent=\u00bb90&#8243; override_padding=\u00bbyes\u00bb h_padding=\u00bb2&#8243; top_padding=\u00bb0&#8243; bottom_padding=\u00bb3&#8243; back_image=\u00bb424&#8243; back_repeat=\u00bbno-repeat\u00bb back_position=\u00bbcenter bottom\u00bb parallax=\u00bbyes\u00bb overlay_color=\u00bbcolor-970157&#8243; overlay_alpha=\u00bb20&#8243; gutter_size=\u00bb3&#8243; column_width_percent=\u00bb100&#8243; shift_y=\u00bb-5&#8243; z_index=\u00bb2&#8243; bottom_divider=\u00bbfan-opacity\u00bb row_name=\u00bbHeader\u00bb el_class=\u00bbheader-box\u00bb][vc_column column_width_percent=\u00bb100&#8243; position_vertical=\u00bbbottom\u00bb gutter_size=\u00bb3&#8243; overlay_alpha=\u00bb50&#8243; shift_x=\u00bb0&#8243; shift_y=\u00bb0&#8243; shift_y_down=\u00bb0&#8243; z_index=\u00bb0&#8243; medium_width=\u00bb0&#8243; mobile_width=\u00bb0&#8243; width=\u00bb1\/1&#8243;][vc_row_inner row_inner_height_percent=\u00bb0&#8243; overlay_alpha=\u00bb50&#8243; gutter_size=\u00bb3&#8243; shift_y=\u00bb0&#8243; z_index=\u00bb0&#8243; limit_content=\u00bb\u00bb el_class=\u00bbheader-texts\u00bb][vc_column_inner column_width_percent=\u00bb100&#8243; position_vertical=\u00bbbottom\u00bb gutter_size=\u00bb3&#8243; overlay_alpha=\u00bb50&#8243; shift_x=\u00bb0&#8243; shift_y=\u00bb0&#8243; shift_y_down=\u00bb0&#8243; z_index=\u00bb0&#8243; medium_width=\u00bb6&#8243; mobile_width=\u00bb7&#8243; width=\u00bb1\/2&#8243;][vc_empty_space empty_h=\u00bb2&#8243; desktop_visibility=\u00bbyes\u00bb][vc_custom_heading heading_semantic=\u00bbh1&#8243; text_size=\u00bbh1&#8243; text_color=\u00bbcolor-451140&#8243; css_animation=\u00bbtop-t-bottom\u00bb el_class=\u00bbheader-subtext\u00bb]<\/p>\n<p>Log\u00edstica de expedici\u00f3n automatizada para la industria<\/p>\n<p>[\/vc_custom_heading][vc_empty_space empty_h=\u00bb2&#8243; medium_visibility=\u00bbyes\u00bb mobile_visibility=\u00bbyes\u00bb][\/vc_column_inner][vc_column_inner width=\u00bb1\/2&#8243;][\/vc_column_inner][\/vc_row_inner][\/vc_column][\/vc_row][vc_row row_height_percent=\u00bb0&#8243; override_padding=\u00bbyes\u00bb h_padding=\u00bb2&#8243; top_padding=\u00bb3&#8243; bottom_padding=\u00bb6&#8243; overlay_alpha=\u00bb50&#8243; gutter_size=\u00bb4&#8243; column_width_percent=\u00bb100&#8243; shift_y=\u00bb0&#8243; z_index=\u00bb0&#8243;][vc_column column_width_percent=\u00bb100&#8243; gutter_size=\u00bb2&#8243; overlay_alpha=\u00bb50&#8243; shift_x=\u00bb0&#8243; shift_y=\u00bb0&#8243; shift_y_down=\u00bb0&#8243; z_index=\u00bb0&#8243; medium_width=\u00bb7&#8243; mobile_width=\u00bb7&#8243; width=\u00bb1\/1&#8243;][vc_column_text]<\/p>\n<p>\t\t\t<!-- Flexy Breadcrumb -->\r\n\t\t\t<div class=\"fbc fbc-page\">\r\n\r\n\t\t\t\t<!-- Breadcrumb wrapper -->\r\n\t\t\t\t<div class=\"fbc-wrap\">\r\n\r\n\t\t\t\t\t<!-- Ordered list-->\r\n\t\t\t\t\t<ol class=\"fbc-items\" itemscope itemtype=\"https:\/\/schema.org\/BreadcrumbList\">\r\n\t\t\t\t\t\t            <li itemprop=\"itemListElement\" itemscope itemtype=\"https:\/\/schema.org\/ListItem\">\r\n                <span itemprop=\"name\">\r\n                    <!-- Home Link -->\r\n                    <a itemprop=\"item\" href=\"https:\/\/uusi.actiw.com\/es\/\">\r\n                    \r\n                        Home                    <\/a>\r\n                <\/span>\r\n                <meta itemprop=\"position\" content=\"1\" \/><!-- Meta Position-->\r\n             <\/li><li><span class=\"fbc-separator\">\/<\/span><\/li><li class=\"active\" itemprop=\"itemListElement\" itemscope itemtype=\"https:\/\/schema.org\/ListItem\"><span itemprop=\"name\" title=\"Industria\">Industria<\/span><meta itemprop=\"position\" content=\"2\" \/><\/li>\t\t\t\t\t<\/ol>\r\n\t\t\t\t\t<div class=\"clearfix\"><\/div>\r\n\t\t\t\t<\/div>\r\n\t\t\t<\/div>\r\n\t\t\t[\/vc_column_text][vc_empty_space empty_h=\u00bb3&#8243;][vc_row_inner][vc_column_inner column_width_percent=\u00bb100&#8243; position_vertical=\u00bbbottom\u00bb gutter_size=\u00bb3&#8243; overlay_alpha=\u00bb50&#8243; shift_x=\u00bb0&#8243; shift_y=\u00bb0&#8243; shift_y_down=\u00bb0&#8243; z_index=\u00bb0&#8243; medium_width=\u00bb7&#8243; mobile_width=\u00bb7&#8243; width=\u00bb1\/2&#8243;][vc_custom_heading]<\/p>\n<p>Soluciones de carga industrial automatizadas<\/p>\n<p>[\/vc_custom_heading][\/vc_column_inner][vc_column_inner column_width_percent=\u00bb100&#8243; position_vertical=\u00bbbottom\u00bb gutter_size=\u00bb3&#8243; overlay_alpha=\u00bb50&#8243; shift_x=\u00bb0&#8243; shift_y=\u00bb0&#8243; shift_y_down=\u00bb0&#8243; z_index=\u00bb0&#8243; medium_width=\u00bb6&#8243; mobile_width=\u00bb7&#8243; width=\u00bb1\/2&#8243;][vc_column_text]<\/p>\n<p>Tenemos d\u00e9cadas de experiencia en la resoluci\u00f3n, optimizaci\u00f3n y automatizaci\u00f3n de procesos de carga espec\u00edficos del sector. Descubra c\u00f3mo podemos reducir el riesgo para la seguridad de las personas y de los productos, a la vez que aumentamos el rendimiento de su proceso de carga.<\/p>\n<p>[\/vc_column_text][\/vc_column_inner][\/vc_row_inner][vc_empty_space empty_h=\u00bb2&#8243;][uncode_index el_id=\u00bbindex-196326&#8243; loop=\u00bbsize:20|order_by:menu_order|order:ASC|post_type:page|tax_query:5&#8243; style_preset=\u00bbmetro\u00bb gutter_size=\u00bb2&#8243; page_items=\u00bbtitle,icon|md,media|featured|onpost|original\u00bb screen_lg=\u00bb1000&#8243; screen_md=\u00bb600&#8243; screen_sm=\u00bb480&#8243; single_text=\u00bboverlay\u00bb single_height=\u00bb5&#8243; single_overlay_color=\u00bbcolor-970157&#8243; single_overlay_coloration=\u00bbbottom_gradient\u00bb single_overlay_opacity=\u00bb70&#8243; single_text_visible=\u00bbyes\u00bb single_text_anim=\u00bbno\u00bb single_overlay_visible=\u00bbyes\u00bb single_overlay_anim=\u00bbno\u00bb single_v_position=\u00bbbottom\u00bb single_padding=\u00bb2&#8243; single_title_family=\u00bbfont-393766&#8243; single_title_dimension=\u00bbh4&#8243; single_border=\u00bbyes\u00bb single_icon=\u00bbfa fa-arrow-right2&#8243;][\/vc_column][\/vc_row]<\/p>\n","protected":false},"excerpt":{"rendered":"<p>Con d\u00e9cadas de experiencia en la automatizaci\u00f3n de procesos de carga espec\u00edficos del sector, podemos encontrar la soluci\u00f3n adecuada para sus necesidades.<\/p>\n","protected":false},"author":3,"featured_media":1323,"parent":0,"menu_order":2,"comment_status":"closed","ping_status":"closed","template":"","meta":{"footnotes":""},"yoast_head":"<!-- This site is optimized with the Yoast SEO plugin v21.8.1 - https:\/\/yoast.com\/wordpress\/plugins\/seo\/ -->\n<title>Soluciones de carga automatizadas para varios sectores \u2013 Actiw<\/title>\n<meta name=\"description\" content=\"Descubra c\u00f3mo podemos mejorar el flujo de material de expedici\u00f3n y aumentar la seguridad en el trabajo con soluciones de carga automatizadas en su industria.\" \/>\n<meta name=\"robots\" content=\"noindex, follow, max-snippet:-1, max-image-preview:large, max-video-preview:-1\" \/>\n<meta property=\"og:locale\" content=\"es_ES\" \/>\n<meta property=\"og:type\" content=\"article\" \/>\n<meta property=\"og:title\" content=\"Soluciones de carga automatizadas para varios sectores \u2013 Actiw\" \/>\n<meta property=\"og:description\" content=\"Descubra c\u00f3mo podemos mejorar el flujo de material de expedici\u00f3n y aumentar la seguridad en el trabajo con soluciones de carga automatizadas en su industria.\" \/>\n<meta property=\"og:url\" content=\"https:\/\/uusi.actiw.com\/es\/industria\/\" \/>\n<meta property=\"og:site_name\" content=\"ACTIW | Automated loading products &amp; solutions\" \/>\n<meta property=\"article:modified_time\" content=\"2021-12-10T19:51:58+00:00\" \/>\n<meta property=\"og:image\" content=\"https:\/\/uusi.actiw.com\/wp-content\/uploads\/2020\/02\/actiw-3pl-industry.jpg\" \/>\n\t<meta property=\"og:image:width\" content=\"1920\" \/>\n\t<meta property=\"og:image:height\" content=\"1282\" \/>\n\t<meta property=\"og:image:type\" content=\"image\/jpeg\" \/>\n<meta name=\"twitter:card\" content=\"summary_large_image\" \/>\n<meta name=\"twitter:label1\" content=\"Tiempo de lectura\" \/>\n\t<meta name=\"twitter:data1\" content=\"2 minutos\" \/>\n<script type=\"application\/ld+json\" class=\"yoast-schema-graph\">{\"@context\":\"https:\/\/schema.org\",\"@graph\":[{\"@type\":\"WebPage\",\"@id\":\"https:\/\/uusi.actiw.com\/es\/industria\/\",\"url\":\"https:\/\/uusi.actiw.com\/es\/industria\/\",\"name\":\"Soluciones de carga automatizadas para varios sectores \u2013 Actiw\",\"isPartOf\":{\"@id\":\"https:\/\/uusi.actiw.com\/#website\"},\"datePublished\":\"2021-12-02T10:32:38+00:00\",\"dateModified\":\"2021-12-10T19:51:58+00:00\",\"description\":\"Descubra c\u00f3mo podemos mejorar el flujo de material de expedici\u00f3n y aumentar la seguridad en el trabajo con soluciones de carga automatizadas en su industria.\",\"inLanguage\":\"es\",\"potentialAction\":[{\"@type\":\"ReadAction\",\"target\":[\"https:\/\/uusi.actiw.com\/es\/industria\/\"]}]},{\"@type\":\"WebSite\",\"@id\":\"https:\/\/uusi.actiw.com\/#website\",\"url\":\"https:\/\/uusi.actiw.com\/\",\"name\":\"ACTIW | Automated loading products &amp; solutions\",\"description\":\"Actiw \u2013 Lighten the load\",\"potentialAction\":[{\"@type\":\"SearchAction\",\"target\":{\"@type\":\"EntryPoint\",\"urlTemplate\":\"https:\/\/uusi.actiw.com\/?s={search_term_string}\"},\"query-input\":\"required name=search_term_string\"}],\"inLanguage\":\"es\"}]}<\/script>\n<!-- \/ Yoast SEO plugin. -->","yoast_head_json":{"title":"Soluciones de carga automatizadas para varios sectores \u2013 Actiw","description":"Descubra c\u00f3mo podemos mejorar el flujo de material de expedici\u00f3n y aumentar la seguridad en el trabajo con soluciones de carga automatizadas en su industria.","robots":{"index":"noindex","follow":"follow","max-snippet":"max-snippet:-1","max-image-preview":"max-image-preview:large","max-video-preview":"max-video-preview:-1"},"og_locale":"es_ES","og_type":"article","og_title":"Soluciones de carga automatizadas para varios sectores \u2013 Actiw","og_description":"Descubra c\u00f3mo podemos mejorar el flujo de material de expedici\u00f3n y aumentar la seguridad en el trabajo con soluciones de carga automatizadas en su industria.","og_url":"https:\/\/uusi.actiw.com\/es\/industria\/","og_site_name":"ACTIW | Automated loading products &amp; solutions","article_modified_time":"2021-12-10T19:51:58+00:00","og_image":[{"width":1920,"height":1282,"url":"https:\/\/uusi.actiw.com\/wp-content\/uploads\/2020\/02\/actiw-3pl-industry.jpg","type":"image\/jpeg"}],"twitter_card":"summary_large_image","twitter_misc":{"Tiempo de lectura":"2 minutos"},"schema":{"@context":"https:\/\/schema.org","@graph":[{"@type":"WebPage","@id":"https:\/\/uusi.actiw.com\/es\/industria\/","url":"https:\/\/uusi.actiw.com\/es\/industria\/","name":"Soluciones de carga automatizadas para varios sectores \u2013 Actiw","isPartOf":{"@id":"https:\/\/uusi.actiw.com\/#website"},"datePublished":"2021-12-02T10:32:38+00:00","dateModified":"2021-12-10T19:51:58+00:00","description":"Descubra c\u00f3mo podemos mejorar el flujo de material de expedici\u00f3n y aumentar la seguridad en el trabajo con soluciones de carga automatizadas en su industria.","inLanguage":"es","potentialAction":[{"@type":"ReadAction","target":["https:\/\/uusi.actiw.com\/es\/industria\/"]}]},{"@type":"WebSite","@id":"https:\/\/uusi.actiw.com\/#website","url":"https:\/\/uusi.actiw.com\/","name":"ACTIW | Automated loading products &amp; solutions","description":"Actiw \u2013 Lighten the load","potentialAction":[{"@type":"SearchAction","target":{"@type":"EntryPoint","urlTemplate":"https:\/\/uusi.actiw.com\/?s={search_term_string}"},"query-input":"required name=search_term_string"}],"inLanguage":"es"}]}},"_links":{"self":[{"href":"https:\/\/uusi.actiw.com\/es\/wp-json\/wp\/v2\/pages\/3751"}],"collection":[{"href":"https:\/\/uusi.actiw.com\/es\/wp-json\/wp\/v2\/pages"}],"about":[{"href":"https:\/\/uusi.actiw.com\/es\/wp-json\/wp\/v2\/types\/page"}],"author":[{"embeddable":true,"href":"https:\/\/uusi.actiw.com\/es\/wp-json\/wp\/v2\/users\/3"}],"replies":[{"embeddable":true,"href":"https:\/\/uusi.actiw.com\/es\/wp-json\/wp\/v2\/comments?post=3751"}],"version-history":[{"count":5,"href":"https:\/\/uusi.actiw.com\/es\/wp-json\/wp\/v2\/pages\/3751\/revisions"}],"predecessor-version":[{"id":3941,"href":"https:\/\/uusi.actiw.com\/es\/wp-json\/wp\/v2\/pages\/3751\/revisions\/3941"}],"wp:featuredmedia":[{"embeddable":true,"href":"https:\/\/uusi.actiw.com\/es\/wp-json\/wp\/v2\/media\/1323"}],"wp:attachment":[{"href":"https:\/\/uusi.actiw.com\/es\/wp-json\/wp\/v2\/media?parent=3751"}],"curies":[{"name":"wp","href":"https:\/\/api.w.org\/{rel}","templated":true}]}}