{"id":3809,"date":"2021-12-02T14:49:49","date_gmt":"2021-12-02T12:49:49","guid":{"rendered":"https:\/\/uusi.actiw.com\/servicio-de-atencion-al-cliente\/"},"modified":"2022-01-14T09:10:14","modified_gmt":"2022-01-14T07:10:14","slug":"servicio-de-atencion-al-cliente","status":"publish","type":"page","link":"https:\/\/uusi.actiw.com\/es\/servicio-de-atencion-al-cliente\/","title":{"rendered":"Servicio al cliente"},"content":{"rendered":"<p>[vc_row row_height_percent=\u00bb90&#8243; override_padding=\u00bbyes\u00bb h_padding=\u00bb2&#8243; top_padding=\u00bb5&#8243; bottom_padding=\u00bb3&#8243; back_image=\u00bb1529&#8243; back_repeat=\u00bbno-repeat\u00bb back_position=\u00bbcenter bottom\u00bb parallax=\u00bbyes\u00bb overlay_color=\u00bbcolor-970157&#8243; overlay_alpha=\u00bb25&#8243; gutter_size=\u00bb3&#8243; column_width_percent=\u00bb100&#8243; shift_y=\u00bb-5&#8243; z_index=\u00bb2&#8243; bottom_divider=\u00bbfan-opacity\u00bb row_name=\u00bbHeader\u00bb el_class=\u00bbheader-box\u00bb][vc_column column_width_percent=\u00bb100&#8243; position_vertical=\u00bbbottom\u00bb gutter_size=\u00bb3&#8243; overlay_alpha=\u00bb50&#8243; shift_x=\u00bb0&#8243; shift_y=\u00bb0&#8243; shift_y_down=\u00bb0&#8243; z_index=\u00bb0&#8243; medium_width=\u00bb0&#8243; mobile_width=\u00bb0&#8243; width=\u00bb1\/1&#8243;][vc_row_inner row_inner_height_percent=\u00bb0&#8243; overlay_alpha=\u00bb50&#8243; gutter_size=\u00bb3&#8243; shift_y=\u00bb0&#8243; z_index=\u00bb0&#8243; limit_content=\u00bb\u00bb el_class=\u00bbheader-texts\u00bb][vc_column_inner column_width_percent=\u00bb80&#8243; position_vertical=\u00bbbottom\u00bb gutter_size=\u00bb3&#8243; overlay_alpha=\u00bb50&#8243; shift_x=\u00bb0&#8243; shift_y=\u00bb0&#8243; shift_y_down=\u00bb0&#8243; z_index=\u00bb0&#8243; medium_width=\u00bb6&#8243; mobile_width=\u00bb7&#8243; width=\u00bb2\/3&#8243;][vc_empty_space empty_h=\u00bb2&#8243; desktop_visibility=\u00bbyes\u00bb][vc_custom_heading heading_semantic=\u00bbh1&#8243; text_size=\u00bbh1&#8243; text_color=\u00bbcolor-451140&#8243; css_animation=\u00bbtop-t-bottom\u00bb]El servicio de atenci\u00f3n al cliente mantiene el buen funcionamiento de sus operaciones[\/vc_custom_heading][vc_empty_space empty_h=\u00bb2&#8243; medium_visibility=\u00bbyes\u00bb mobile_visibility=\u00bbyes\u00bb][\/vc_column_inner][vc_column_inner width=\u00bb1\/3&#8243;][\/vc_column_inner][\/vc_row_inner][\/vc_column][\/vc_row][vc_row row_height_percent=\u00bb0&#8243; override_padding=\u00bbyes\u00bb h_padding=\u00bb2&#8243; top_padding=\u00bb3&#8243; bottom_padding=\u00bb6&#8243; overlay_alpha=\u00bb50&#8243; gutter_size=\u00bb4&#8243; column_width_percent=\u00bb100&#8243; shift_y=\u00bb0&#8243; z_index=\u00bb0&#8243;][vc_column column_width_percent=\u00bb100&#8243; gutter_size=\u00bb2&#8243; overlay_alpha=\u00bb50&#8243; shift_x=\u00bb0&#8243; shift_y=\u00bb0&#8243; shift_y_down=\u00bb0&#8243; z_index=\u00bb0&#8243; medium_width=\u00bb7&#8243; mobile_width=\u00bb7&#8243; width=\u00bb1\/1&#8243;][vc_column_text]<\/p>\n<p>\t\t\t<!-- Flexy Breadcrumb -->\r\n\t\t\t<div class=\"fbc fbc-page\">\r\n\r\n\t\t\t\t<!-- Breadcrumb wrapper -->\r\n\t\t\t\t<div class=\"fbc-wrap\">\r\n\r\n\t\t\t\t\t<!-- Ordered list-->\r\n\t\t\t\t\t<ol class=\"fbc-items\" itemscope itemtype=\"https:\/\/schema.org\/BreadcrumbList\">\r\n\t\t\t\t\t\t            <li itemprop=\"itemListElement\" itemscope itemtype=\"https:\/\/schema.org\/ListItem\">\r\n                <span itemprop=\"name\">\r\n                    <!-- Home Link -->\r\n                    <a itemprop=\"item\" href=\"https:\/\/uusi.actiw.com\/es\/\">\r\n                    \r\n                        Home                    <\/a>\r\n                <\/span>\r\n                <meta itemprop=\"position\" content=\"1\" \/><!-- Meta Position-->\r\n             <\/li><li><span class=\"fbc-separator\">\/<\/span><\/li><li class=\"active\" itemprop=\"itemListElement\" itemscope itemtype=\"https:\/\/schema.org\/ListItem\"><span itemprop=\"name\" title=\"Servicio al cliente\">Servicio al cliente<\/span><meta itemprop=\"position\" content=\"2\" \/><\/li>\t\t\t\t\t<\/ol>\r\n\t\t\t\t\t<div class=\"clearfix\"><\/div>\r\n\t\t\t\t<\/div>\r\n\t\t\t<\/div>\r\n\t\t\t[\/vc_column_text][vc_empty_space empty_h=\u00bb3&#8243;][vc_row_inner][vc_column_inner column_width_percent=\u00bb100&#8243; position_vertical=\u00bbbottom\u00bb gutter_size=\u00bb3&#8243; overlay_alpha=\u00bb50&#8243; shift_x=\u00bb0&#8243; shift_y=\u00bb0&#8243; shift_y_down=\u00bb0&#8243; z_index=\u00bb0&#8243; medium_width=\u00bb7&#8243; mobile_width=\u00bb7&#8243; width=\u00bb1\/2&#8243;][vc_custom_heading]Atendemos sus<br \/>\nnecesidades[\/vc_custom_heading][\/vc_column_inner][vc_column_inner column_width_percent=\u00bb100&#8243; position_vertical=\u00bbbottom\u00bb gutter_size=\u00bb3&#8243; overlay_alpha=\u00bb50&#8243; shift_x=\u00bb0&#8243; shift_y=\u00bb0&#8243; shift_y_down=\u00bb0&#8243; z_index=\u00bb0&#8243; medium_width=\u00bb6&#8243; mobile_width=\u00bb7&#8243; width=\u00bb1\/2&#8243;][vc_column_text]Nuestros servicios de asistencia mantienen estable el flujo de material de expedici\u00f3n en todo el mundo las 24 horas del d\u00eda. Tambi\u00e9n podemos recopilar datos de rendimiento para optimizar su equipo Actiw y trabajar en el desarrollo de productos.[\/vc_column_text][\/vc_column_inner][\/vc_row_inner][vc_empty_space empty_h=\u00bb2&#8243;][uncode_index el_id=\u00bbindex-101299&#8243; loop=\u00bbsize:3|order_by:date|post_type:page|by_id:1255,1253,1251&#8243; gutter_size=\u00bb3&#8243; page_items=\u00bbtitle,media|featured|nolink|original,text|excerpt\u00bb screen_lg=\u00bb1000&#8243; screen_md=\u00bb600&#8243; screen_sm=\u00bb480&#8243; images_size=\u00bbone-one\u00bb single_overlay_opacity=\u00bb50&#8243; single_overlay_anim=\u00bbno\u00bb single_image_anim=\u00bbno\u00bb single_padding=\u00bb2&#8243; single_title_semantic=\u00bbh4&#8243; single_title_dimension=\u00bbh4&#8243; single_border=\u00bbyes\u00bb custom_order=\u00bbyes\u00bb order_ids=\u00bb1251,1253,1255&#8243;][\/vc_column][\/vc_row][vc_row][vc_column width=\u00bb1\/1&#8243;][uncode_block id=\u00bb1464&#8243;][\/vc_column][\/vc_row]<\/p>\n","protected":false},"excerpt":{"rendered":"<p>[vc_row row_height_percent=\u00bb90&#8243; override_padding=\u00bbyes\u00bb h_padding=\u00bb2&#8243; top_padding=\u00bb5&#8243; bottom_padding=\u00bb3&#8243; back_image=\u00bb1529&#8243; back_repeat=\u00bbno-repeat\u00bb back_position=\u00bbcenter bottom\u00bb parallax=\u00bbyes\u00bb overlay_color=\u00bbcolor-970157&#8243; overlay_alpha=\u00bb25&#8243; gutter_size=\u00bb3&#8243; column_width_percent=\u00bb100&#8243; shift_y=\u00bb-5&#8243; z_index=\u00bb2&#8243; bottom_divider=\u00bbfan-opacity\u00bb row_name=\u00bbHeader\u00bb el_class=\u00bbheader-box\u00bb][vc_column [&hellip;]<\/p>\n","protected":false},"author":3,"featured_media":1529,"parent":0,"menu_order":4,"comment_status":"closed","ping_status":"closed","template":"","meta":{"footnotes":""},"yoast_head":"<!-- This site is optimized with the Yoast SEO plugin v21.8.1 - https:\/\/yoast.com\/wordpress\/plugins\/seo\/ -->\n<title>El servicio de atenci\u00f3n al cliente mantiene el buen funcionamiento de sus operaciones \u2013 Actiw<\/title>\n<meta name=\"description\" content=\"Los servicios de atenci\u00f3n al cliente y de asistencia t\u00e9cnica de Actiw mantienen estable el flujo de material de expedici\u00f3n en todo el mundo las 24\/7. P\u00f3ngase en contacto con nuestros especialistas para recibir la asistencia que necesite.\" \/>\n<meta name=\"robots\" content=\"noindex, follow, max-snippet:-1, max-image-preview:large, max-video-preview:-1\" \/>\n<meta property=\"og:locale\" content=\"es_ES\" \/>\n<meta property=\"og:type\" content=\"article\" \/>\n<meta property=\"og:title\" content=\"El servicio de atenci\u00f3n al cliente mantiene el buen funcionamiento de sus operaciones \u2013 Actiw\" \/>\n<meta property=\"og:description\" content=\"Los servicios de atenci\u00f3n al cliente y de asistencia t\u00e9cnica de Actiw mantienen estable el flujo de material de expedici\u00f3n en todo el mundo las 24\/7. P\u00f3ngase en contacto con nuestros especialistas para recibir la asistencia que necesite.\" \/>\n<meta property=\"og:url\" content=\"https:\/\/uusi.actiw.com\/es\/servicio-de-atencion-al-cliente\/\" \/>\n<meta property=\"og:site_name\" content=\"ACTIW | Automated loading products &amp; solutions\" \/>\n<meta property=\"article:modified_time\" content=\"2022-01-14T07:10:14+00:00\" \/>\n<meta property=\"og:image\" content=\"https:\/\/uusi.actiw.com\/wp-content\/uploads\/2020\/02\/actiw-customer-care.jpg\" \/>\n\t<meta property=\"og:image:width\" content=\"1920\" \/>\n\t<meta property=\"og:image:height\" content=\"1278\" \/>\n\t<meta property=\"og:image:type\" content=\"image\/jpeg\" \/>\n<meta name=\"twitter:card\" content=\"summary_large_image\" \/>\n<meta name=\"twitter:label1\" content=\"Tiempo de lectura\" \/>\n\t<meta name=\"twitter:data1\" content=\"2 minutos\" \/>\n<script type=\"application\/ld+json\" class=\"yoast-schema-graph\">{\"@context\":\"https:\/\/schema.org\",\"@graph\":[{\"@type\":\"WebPage\",\"@id\":\"https:\/\/uusi.actiw.com\/es\/servicio-de-atencion-al-cliente\/\",\"url\":\"https:\/\/uusi.actiw.com\/es\/servicio-de-atencion-al-cliente\/\",\"name\":\"El servicio de atenci\u00f3n al cliente mantiene el buen funcionamiento de sus operaciones \u2013 Actiw\",\"isPartOf\":{\"@id\":\"https:\/\/uusi.actiw.com\/#website\"},\"datePublished\":\"2021-12-02T12:49:49+00:00\",\"dateModified\":\"2022-01-14T07:10:14+00:00\",\"description\":\"Los servicios de atenci\u00f3n al cliente y de asistencia t\u00e9cnica de Actiw mantienen estable el flujo de material de expedici\u00f3n en todo el mundo las 24\/7. P\u00f3ngase en contacto con nuestros especialistas para recibir la asistencia que necesite.\",\"inLanguage\":\"es\",\"potentialAction\":[{\"@type\":\"ReadAction\",\"target\":[\"https:\/\/uusi.actiw.com\/es\/servicio-de-atencion-al-cliente\/\"]}]},{\"@type\":\"WebSite\",\"@id\":\"https:\/\/uusi.actiw.com\/#website\",\"url\":\"https:\/\/uusi.actiw.com\/\",\"name\":\"ACTIW | Automated loading products &amp; solutions\",\"description\":\"Actiw \u2013 Lighten the load\",\"potentialAction\":[{\"@type\":\"SearchAction\",\"target\":{\"@type\":\"EntryPoint\",\"urlTemplate\":\"https:\/\/uusi.actiw.com\/?s={search_term_string}\"},\"query-input\":\"required name=search_term_string\"}],\"inLanguage\":\"es\"}]}<\/script>\n<!-- \/ Yoast SEO plugin. -->","yoast_head_json":{"title":"El servicio de atenci\u00f3n al cliente mantiene el buen funcionamiento de sus operaciones \u2013 Actiw","description":"Los servicios de atenci\u00f3n al cliente y de asistencia t\u00e9cnica de Actiw mantienen estable el flujo de material de expedici\u00f3n en todo el mundo las 24\/7. P\u00f3ngase en contacto con nuestros especialistas para recibir la asistencia que necesite.","robots":{"index":"noindex","follow":"follow","max-snippet":"max-snippet:-1","max-image-preview":"max-image-preview:large","max-video-preview":"max-video-preview:-1"},"og_locale":"es_ES","og_type":"article","og_title":"El servicio de atenci\u00f3n al cliente mantiene el buen funcionamiento de sus operaciones \u2013 Actiw","og_description":"Los servicios de atenci\u00f3n al cliente y de asistencia t\u00e9cnica de Actiw mantienen estable el flujo de material de expedici\u00f3n en todo el mundo las 24\/7. P\u00f3ngase en contacto con nuestros especialistas para recibir la asistencia que necesite.","og_url":"https:\/\/uusi.actiw.com\/es\/servicio-de-atencion-al-cliente\/","og_site_name":"ACTIW | Automated loading products &amp; solutions","article_modified_time":"2022-01-14T07:10:14+00:00","og_image":[{"width":1920,"height":1278,"url":"https:\/\/uusi.actiw.com\/wp-content\/uploads\/2020\/02\/actiw-customer-care.jpg","type":"image\/jpeg"}],"twitter_card":"summary_large_image","twitter_misc":{"Tiempo de lectura":"2 minutos"},"schema":{"@context":"https:\/\/schema.org","@graph":[{"@type":"WebPage","@id":"https:\/\/uusi.actiw.com\/es\/servicio-de-atencion-al-cliente\/","url":"https:\/\/uusi.actiw.com\/es\/servicio-de-atencion-al-cliente\/","name":"El servicio de atenci\u00f3n al cliente mantiene el buen funcionamiento de sus operaciones \u2013 Actiw","isPartOf":{"@id":"https:\/\/uusi.actiw.com\/#website"},"datePublished":"2021-12-02T12:49:49+00:00","dateModified":"2022-01-14T07:10:14+00:00","description":"Los servicios de atenci\u00f3n al cliente y de asistencia t\u00e9cnica de Actiw mantienen estable el flujo de material de expedici\u00f3n en todo el mundo las 24\/7. P\u00f3ngase en contacto con nuestros especialistas para recibir la asistencia que necesite.","inLanguage":"es","potentialAction":[{"@type":"ReadAction","target":["https:\/\/uusi.actiw.com\/es\/servicio-de-atencion-al-cliente\/"]}]},{"@type":"WebSite","@id":"https:\/\/uusi.actiw.com\/#website","url":"https:\/\/uusi.actiw.com\/","name":"ACTIW | Automated loading products &amp; solutions","description":"Actiw \u2013 Lighten the load","potentialAction":[{"@type":"SearchAction","target":{"@type":"EntryPoint","urlTemplate":"https:\/\/uusi.actiw.com\/?s={search_term_string}"},"query-input":"required name=search_term_string"}],"inLanguage":"es"}]}},"_links":{"self":[{"href":"https:\/\/uusi.actiw.com\/es\/wp-json\/wp\/v2\/pages\/3809"}],"collection":[{"href":"https:\/\/uusi.actiw.com\/es\/wp-json\/wp\/v2\/pages"}],"about":[{"href":"https:\/\/uusi.actiw.com\/es\/wp-json\/wp\/v2\/types\/page"}],"author":[{"embeddable":true,"href":"https:\/\/uusi.actiw.com\/es\/wp-json\/wp\/v2\/users\/3"}],"replies":[{"embeddable":true,"href":"https:\/\/uusi.actiw.com\/es\/wp-json\/wp\/v2\/comments?post=3809"}],"version-history":[{"count":6,"href":"https:\/\/uusi.actiw.com\/es\/wp-json\/wp\/v2\/pages\/3809\/revisions"}],"predecessor-version":[{"id":4451,"href":"https:\/\/uusi.actiw.com\/es\/wp-json\/wp\/v2\/pages\/3809\/revisions\/4451"}],"wp:featuredmedia":[{"embeddable":true,"href":"https:\/\/uusi.actiw.com\/es\/wp-json\/wp\/v2\/media\/1529"}],"wp:attachment":[{"href":"https:\/\/uusi.actiw.com\/es\/wp-json\/wp\/v2\/media?parent=3809"}],"curies":[{"name":"wp","href":"https:\/\/api.w.org\/{rel}","templated":true}]}}