{"id":3821,"date":"2021-12-02T15:01:55","date_gmt":"2021-12-02T13:01:55","guid":{"rendered":"https:\/\/uusi.actiw.com\/quienes-somos\/"},"modified":"2021-12-10T22:15:39","modified_gmt":"2021-12-10T20:15:39","slug":"quienes-somos","status":"publish","type":"page","link":"https:\/\/uusi.actiw.com\/es\/quienes-somos\/","title":{"rendered":"Qui\u00e9nes somos"},"content":{"rendered":"<p>[vc_row row_height_percent=\u00bb90&#8243; override_padding=\u00bbyes\u00bb h_padding=\u00bb2&#8243; top_padding=\u00bb3&#8243; bottom_padding=\u00bb3&#8243; back_image=\u00bb2073&#8243; back_repeat=\u00bbno-repeat\u00bb back_position=\u00bbcenter bottom\u00bb parallax=\u00bbyes\u00bb overlay_color=\u00bbcolor-970157&#8243; overlay_alpha=\u00bb20&#8243; gutter_size=\u00bb3&#8243; column_width_percent=\u00bb100&#8243; shift_y=\u00bb-5&#8243; z_index=\u00bb2&#8243; bottom_divider=\u00bbfan-opacity\u00bb row_name=\u00bbHeader\u00bb el_class=\u00bbheader-box\u00bb][vc_column column_width_percent=\u00bb100&#8243; position_vertical=\u00bbbottom\u00bb gutter_size=\u00bb3&#8243; overlay_alpha=\u00bb50&#8243; shift_x=\u00bb0&#8243; shift_y=\u00bb0&#8243; shift_y_down=\u00bb0&#8243; z_index=\u00bb0&#8243; medium_width=\u00bb0&#8243; mobile_width=\u00bb0&#8243; width=\u00bb1\/1&#8243;][vc_row_inner row_inner_height_percent=\u00bb0&#8243; overlay_alpha=\u00bb50&#8243; gutter_size=\u00bb3&#8243; shift_y=\u00bb0&#8243; z_index=\u00bb0&#8243; limit_content=\u00bb\u00bb el_class=\u00bbheader-texts\u00bb][vc_column_inner column_width_percent=\u00bb100&#8243; position_vertical=\u00bbbottom\u00bb gutter_size=\u00bb3&#8243; overlay_alpha=\u00bb50&#8243; shift_x=\u00bb0&#8243; shift_y=\u00bb0&#8243; shift_y_down=\u00bb0&#8243; z_index=\u00bb0&#8243; medium_width=\u00bb6&#8243; mobile_width=\u00bb7&#8243; width=\u00bb1\/2&#8243;][vc_empty_space empty_h=\u00bb2&#8243; desktop_visibility=\u00bbyes\u00bb][vc_custom_heading heading_semantic=\u00bbh1&#8243; text_size=\u00bbh1&#8243; text_color=\u00bbcolor-451140&#8243; css_animation=\u00bbtop-t-bottom\u00bb]<\/p>\n<p>El innovador l\u00edder en log\u00edstica de salida<\/p>\n<p>[\/vc_custom_heading][vc_empty_space empty_h=\u00bb2&#8243; desktop_visibility=\u00bbyes\u00bb medium_visibility=\u00bbyes\u00bb mobile_visibility=\u00bbyes\u00bb][\/vc_column_inner][vc_column_inner width=\u00bb1\/2&#8243;][\/vc_column_inner][\/vc_row_inner][\/vc_column][\/vc_row][vc_row row_height_percent=\u00bb0&#8243; override_padding=\u00bbyes\u00bb h_padding=\u00bb2&#8243; top_padding=\u00bb3&#8243; bottom_padding=\u00bb4&#8243; overlay_alpha=\u00bb50&#8243; gutter_size=\u00bb4&#8243; column_width_percent=\u00bb100&#8243; shift_y=\u00bb0&#8243; z_index=\u00bb0&#8243;][vc_column column_width_percent=\u00bb100&#8243; gutter_size=\u00bb2&#8243; overlay_alpha=\u00bb50&#8243; shift_x=\u00bb0&#8243; shift_y=\u00bb0&#8243; shift_y_down=\u00bb0&#8243; z_index=\u00bb0&#8243; medium_width=\u00bb7&#8243; mobile_width=\u00bb7&#8243; width=\u00bb1\/1&#8243;][vc_column_text]<\/p>\n<p>\t\t\t<!-- Flexy Breadcrumb -->\r\n\t\t\t<div class=\"fbc fbc-page\">\r\n\r\n\t\t\t\t<!-- Breadcrumb wrapper -->\r\n\t\t\t\t<div class=\"fbc-wrap\">\r\n\r\n\t\t\t\t\t<!-- Ordered list-->\r\n\t\t\t\t\t<ol class=\"fbc-items\" itemscope itemtype=\"https:\/\/schema.org\/BreadcrumbList\">\r\n\t\t\t\t\t\t            <li itemprop=\"itemListElement\" itemscope itemtype=\"https:\/\/schema.org\/ListItem\">\r\n                <span itemprop=\"name\">\r\n                    <!-- Home Link -->\r\n                    <a itemprop=\"item\" href=\"https:\/\/uusi.actiw.com\/es\/\">\r\n                    \r\n                        Home                    <\/a>\r\n                <\/span>\r\n                <meta itemprop=\"position\" content=\"1\" \/><!-- Meta Position-->\r\n             <\/li><li><span class=\"fbc-separator\">\/<\/span><\/li><li class=\"active\" itemprop=\"itemListElement\" itemscope itemtype=\"https:\/\/schema.org\/ListItem\"><span itemprop=\"name\" title=\"Qui\u00e9nes somos\">Qui\u00e9nes somos<\/span><meta itemprop=\"position\" content=\"2\" \/><\/li>\t\t\t\t\t<\/ol>\r\n\t\t\t\t\t<div class=\"clearfix\"><\/div>\r\n\t\t\t\t<\/div>\r\n\t\t\t<\/div>\r\n\t\t\t[\/vc_column_text][vc_empty_space empty_h=\u00bb4&#8243;][vc_row_inner][vc_column_inner column_width_percent=\u00bb100&#8243; position_vertical=\u00bbbottom\u00bb gutter_size=\u00bb3&#8243; overlay_alpha=\u00bb50&#8243; shift_x=\u00bb0&#8243; shift_y=\u00bb0&#8243; shift_y_down=\u00bb0&#8243; z_index=\u00bb0&#8243; medium_width=\u00bb7&#8243; mobile_width=\u00bb7&#8243; width=\u00bb1\/2&#8243;][vc_custom_heading]<\/p>\n<p>Qui\u00e9nes somos<\/p>\n<p>[\/vc_custom_heading][vc_column_text]<\/p>\n<p>Actiw es uno de los principales innovadores de la log\u00edstica de salida y proveedores de soluciones para el almacenamiento industrial. Actiw ha resuelto, optimizado y automatizado los procesos de manipulaci\u00f3n de materiales durante m\u00e1s de 30 a\u00f1os.<\/p>\n<p>[\/vc_column_text][\/vc_column_inner][vc_column_inner column_width_percent=\u00bb100&#8243; position_vertical=\u00bbbottom\u00bb gutter_size=\u00bb3&#8243; overlay_alpha=\u00bb50&#8243; shift_x=\u00bb0&#8243; shift_y=\u00bb0&#8243; shift_y_down=\u00bb0&#8243; z_index=\u00bb0&#8243; medium_width=\u00bb6&#8243; mobile_width=\u00bb7&#8243; width=\u00bb1\/2&#8243;][vc_column_text]<\/p>\n<p>Ofrecemos equipos de carga automatizados, soluciones inteligentes listas para usar y servicios de atenci\u00f3n 24 horas para mejorar la seguridad y la productividad de su carga. Estamos plenamente comprometidos con la tarea de aligerar su carga.<\/p>\n<p>[\/vc_column_text][\/vc_column_inner][\/vc_row_inner][\/vc_column][\/vc_row][vc_row row_height_percent=\u00bb0&#8243; override_padding=\u00bbyes\u00bb h_padding=\u00bb2&#8243; top_padding=\u00bb2&#8243; bottom_padding=\u00bb7&#8243; overlay_alpha=\u00bb50&#8243; equal_height=\u00bbyes\u00bb gutter_size=\u00bb3&#8243; column_width_percent=\u00bb100&#8243; shift_y=\u00bb0&#8243; z_index=\u00bb0&#8243;][vc_column column_width_percent=\u00bb100&#8243; gutter_size=\u00bb3&#8243; back_image=\u00bb2508&#8243; overlay_alpha=\u00bb50&#8243; shift_x=\u00bb0&#8243; shift_y=\u00bb0&#8243; shift_y_down=\u00bb0&#8243; z_index=\u00bb0&#8243; medium_width=\u00bb0&#8243; mobile_width=\u00bb0&#8243; width=\u00bb1\/2&#8243;][\/vc_column][vc_column width=\u00bb1\/2&#8243;][vc_column_text]<\/p>\n<h5>Nuestra misi\u00f3n: lo que hacemos<\/h5>\n<p>Resolver, optimizar y automatizar la log\u00edstica de salida para mejorar la seguridad y la productividad de la carga industrial.<\/p>\n<h5>Nuestra visi\u00f3n: lo que queremos conseguir<\/h5>\n<p>Ayudamos a nuestros clientes a convertirse en l\u00edderes de la automatizaci\u00f3n de la log\u00edstica de expedici\u00f3n.<\/p>\n<h5>Nuestros valores: c\u00f3mo trabaja Actiw<\/h5>\n<p><strong>Compromiso<\/strong><br \/>\nNos esforzamos al m\u00e1ximo para resolver los retos de carga de nuestros clientes.<br \/>\n<strong>Capacidad de respuesta<\/strong><br \/>\nSiempre cumplimos las promesas que les hacemos a nuestros clientes.<br \/>\n<strong>Empresa familiar<\/strong><br \/>\nCuidamos a nuestra gente y somos una empresa independiente y financieramente estable.<\/p>\n<p>[\/vc_column_text][\/vc_column][\/vc_row][vc_row row_height_percent=\u00bb0&#8243; override_padding=\u00bbyes\u00bb h_padding=\u00bb2&#8243; top_padding=\u00bb5&#8243; bottom_padding=\u00bb5&#8243; back_color=\u00bbcolor-771635&#8243; back_image=\u00bb1533&#8243; back_repeat=\u00bbno-repeat\u00bb back_position=\u00bbcenter center\u00bb overlay_color=\u00bbcolor-771635&#8243; overlay_alpha=\u00bb90&#8243; gutter_size=\u00bb3&#8243; column_width_percent=\u00bb100&#8243; shift_y=\u00bb0&#8243; z_index=\u00bb0&#8243; bottom_divider=\u00bbstep_3_4&#8243;][vc_column column_width_percent=\u00bb100&#8243; gutter_size=\u00bb3&#8243; style=\u00bbdark\u00bb overlay_alpha=\u00bb50&#8243; shift_x=\u00bb0&#8243; shift_y=\u00bb0&#8243; shift_y_down=\u00bb0&#8243; z_index=\u00bb0&#8243; medium_width=\u00bb0&#8243; mobile_width=\u00bb0&#8243; width=\u00bb1\/1&#8243;][vc_row_inner][vc_column_inner column_width_percent=\u00bb100&#8243; position_vertical=\u00bbbottom\u00bb gutter_size=\u00bb3&#8243; style=\u00bbdark\u00bb overlay_alpha=\u00bb50&#8243; shift_x=\u00bb0&#8243; shift_y=\u00bb0&#8243; shift_y_down=\u00bb0&#8243; z_index=\u00bb0&#8243; medium_width=\u00bb7&#8243; mobile_width=\u00bb7&#8243; width=\u00bb2\/3&#8243;][vc_custom_heading]<\/p>\n<p>Experiencia probada para optimizar su log\u00edstica de expedici\u00f3n.<\/p>\n<p>[\/vc_custom_heading][\/vc_column_inner][vc_column_inner column_width_percent=\u00bb100&#8243; position_vertical=\u00bbbottom\u00bb gutter_size=\u00bb3&#8243; overlay_alpha=\u00bb50&#8243; shift_x=\u00bb0&#8243; shift_y=\u00bb0&#8243; shift_y_down=\u00bb0&#8243; z_index=\u00bb0&#8243; medium_width=\u00bb6&#8243; mobile_width=\u00bb7&#8243; width=\u00bb1\/3&#8243;][\/vc_column_inner][\/vc_row_inner][vc_row_inner][vc_column_inner column_width_percent=\u00bb100&#8243; align_horizontal=\u00bbalign_center\u00bb gutter_size=\u00bb3&#8243; style=\u00bbdark\u00bb overlay_alpha=\u00bb50&#8243; shift_x=\u00bb0&#8243; shift_y=\u00bb0&#8243; shift_y_down=\u00bb0&#8243; z_index=\u00bb0&#8243; medium_width=\u00bb0&#8243; mobile_width=\u00bb0&#8243; width=\u00bb1\/3&#8243;][uncode_counter value=\u00bb30&#8243; prefix=\u00bb+\u00bb counter_color=\u00bbcolor-451140&#8243; font=\u00bbfont-393766&#8243; size=\u00bbh1&#8243; weight=\u00bb700&#8243; text=\u00bba\u00f1os de experiencia en soluciones log\u00edsticas automatizadas de expedici\u00f3n\u00bb][\/vc_column_inner][vc_column_inner column_width_percent=\u00bb100&#8243; align_horizontal=\u00bbalign_center\u00bb gutter_size=\u00bb3&#8243; style=\u00bbdark\u00bb overlay_alpha=\u00bb50&#8243; shift_x=\u00bb0&#8243; shift_y=\u00bb0&#8243; shift_y_down=\u00bb0&#8243; z_index=\u00bb0&#8243; medium_width=\u00bb0&#8243; mobile_width=\u00bb0&#8243; width=\u00bb1\/3&#8243;][uncode_counter value=\u00bb200&#8243; prefix=\u00bb+\u00bb counter_color=\u00bbcolor-451140&#8243; font=\u00bbfont-393766&#8243; size=\u00bbh1&#8243; weight=\u00bb700&#8243; text=\u00bbproyectos de log\u00edstica de expedici\u00f3n para la industria.\u00bb][\/vc_column_inner][vc_column_inner column_width_percent=\u00bb100&#8243; align_horizontal=\u00bbalign_center\u00bb gutter_size=\u00bb3&#8243; style=\u00bbdark\u00bb overlay_alpha=\u00bb50&#8243; shift_x=\u00bb0&#8243; shift_y=\u00bb0&#8243; shift_y_down=\u00bb0&#8243; z_index=\u00bb0&#8243; medium_width=\u00bb0&#8243; mobile_width=\u00bb0&#8243; width=\u00bb1\/3&#8243;][uncode_counter value=\u00bb1500000&#8243; prefix=\u00bb+\u00bb counter_color=\u00bbcolor-451140&#8243; font=\u00bbfont-393766&#8243; size=\u00bbh1&#8243; weight=\u00bb700&#8243; text=\u00bbremolques y contenedores cargados\u00bb][\/vc_column_inner][\/vc_row_inner][vc_raw_html]PHA+PGEgbmFtZT0iY29udGFjdHVzIiBzdHlsZT0iZm9udC1zaXplOiAwcHg7IGhlaWdodDogMHB4OyIgZGF0YS1tY2Utc3R5bGU9ImZvbnQtc2l6ZTogMHB4OyBoZWlnaHQ6IDBweDsiIGNsYXNzPSJtY2UtaXRlbS1hbmNob3IiPjwvYT48L3A+[\/vc_raw_html][\/vc_column][\/vc_row][vc_row][vc_column width=\u00bb1\/1&#8243;]<\/p>\n<p>[uncode_block id=\u00bb1450&#8243;][\/vc_column][\/vc_row]<\/p>\n","protected":false},"excerpt":{"rendered":"<p>[vc_row row_height_percent=\u00bb90&#8243; override_padding=\u00bbyes\u00bb h_padding=\u00bb2&#8243; top_padding=\u00bb3&#8243; bottom_padding=\u00bb3&#8243; back_image=\u00bb2073&#8243; back_repeat=\u00bbno-repeat\u00bb back_position=\u00bbcenter bottom\u00bb parallax=\u00bbyes\u00bb overlay_color=\u00bbcolor-970157&#8243; overlay_alpha=\u00bb20&#8243; gutter_size=\u00bb3&#8243; column_width_percent=\u00bb100&#8243; shift_y=\u00bb-5&#8243; z_index=\u00bb2&#8243; bottom_divider=\u00bbfan-opacity\u00bb row_name=\u00bbHeader\u00bb el_class=\u00bbheader-box\u00bb][vc_column [&hellip;]<\/p>\n","protected":false},"author":3,"featured_media":2073,"parent":0,"menu_order":9,"comment_status":"closed","ping_status":"closed","template":"","meta":{"footnotes":""},"yoast_head":"<!-- This site is optimized with the Yoast SEO plugin v21.8.1 - https:\/\/yoast.com\/wordpress\/plugins\/seo\/ -->\n<title>Resolver, optimizar y automatizar la log\u00edstica de salida \u2013 Actiw<\/title>\n<meta name=\"description\" content=\"Le ofrecemos equipos de carga automatizados, soluciones inteligentes listas para usar y servicios de atenci\u00f3n 24 horas para mejorar la seguridad y la productividad de su log\u00edstica de salida.\" \/>\n<meta name=\"robots\" content=\"noindex, follow, max-snippet:-1, max-image-preview:large, max-video-preview:-1\" \/>\n<meta property=\"og:locale\" content=\"es_ES\" \/>\n<meta property=\"og:type\" content=\"article\" \/>\n<meta property=\"og:title\" content=\"Resolver, optimizar y automatizar la log\u00edstica de salida \u2013 Actiw\" \/>\n<meta property=\"og:description\" content=\"Le ofrecemos equipos de carga automatizados, soluciones inteligentes listas para usar y servicios de atenci\u00f3n 24 horas para mejorar la seguridad y la productividad de su log\u00edstica de salida.\" \/>\n<meta property=\"og:url\" content=\"https:\/\/uusi.actiw.com\/es\/quienes-somos\/\" \/>\n<meta property=\"og:site_name\" content=\"ACTIW | Automated loading products &amp; solutions\" \/>\n<meta property=\"article:modified_time\" content=\"2021-12-10T20:15:39+00:00\" \/>\n<meta property=\"og:image\" content=\"https:\/\/uusi.actiw.com\/wp-content\/uploads\/2020\/04\/actiw-about-us.jpg\" \/>\n\t<meta property=\"og:image:width\" content=\"1920\" \/>\n\t<meta property=\"og:image:height\" content=\"1080\" \/>\n\t<meta property=\"og:image:type\" content=\"image\/jpeg\" \/>\n<meta name=\"twitter:card\" content=\"summary_large_image\" \/>\n<meta name=\"twitter:label1\" content=\"Tiempo de lectura\" \/>\n\t<meta name=\"twitter:data1\" content=\"5 minutos\" \/>\n<script type=\"application\/ld+json\" class=\"yoast-schema-graph\">{\"@context\":\"https:\/\/schema.org\",\"@graph\":[{\"@type\":\"WebPage\",\"@id\":\"https:\/\/uusi.actiw.com\/es\/quienes-somos\/\",\"url\":\"https:\/\/uusi.actiw.com\/es\/quienes-somos\/\",\"name\":\"Resolver, optimizar y automatizar la log\u00edstica de salida \u2013 Actiw\",\"isPartOf\":{\"@id\":\"https:\/\/uusi.actiw.com\/#website\"},\"datePublished\":\"2021-12-02T13:01:55+00:00\",\"dateModified\":\"2021-12-10T20:15:39+00:00\",\"description\":\"Le ofrecemos equipos de carga automatizados, soluciones inteligentes listas para usar y servicios de atenci\u00f3n 24 horas para mejorar la seguridad y la productividad de su log\u00edstica de salida.\",\"inLanguage\":\"es\",\"potentialAction\":[{\"@type\":\"ReadAction\",\"target\":[\"https:\/\/uusi.actiw.com\/es\/quienes-somos\/\"]}]},{\"@type\":\"WebSite\",\"@id\":\"https:\/\/uusi.actiw.com\/#website\",\"url\":\"https:\/\/uusi.actiw.com\/\",\"name\":\"ACTIW | Automated loading products &amp; solutions\",\"description\":\"Actiw \u2013 Lighten the load\",\"potentialAction\":[{\"@type\":\"SearchAction\",\"target\":{\"@type\":\"EntryPoint\",\"urlTemplate\":\"https:\/\/uusi.actiw.com\/?s={search_term_string}\"},\"query-input\":\"required name=search_term_string\"}],\"inLanguage\":\"es\"}]}<\/script>\n<!-- \/ Yoast SEO plugin. -->","yoast_head_json":{"title":"Resolver, optimizar y automatizar la log\u00edstica de salida \u2013 Actiw","description":"Le ofrecemos equipos de carga automatizados, soluciones inteligentes listas para usar y servicios de atenci\u00f3n 24 horas para mejorar la seguridad y la productividad de su log\u00edstica de salida.","robots":{"index":"noindex","follow":"follow","max-snippet":"max-snippet:-1","max-image-preview":"max-image-preview:large","max-video-preview":"max-video-preview:-1"},"og_locale":"es_ES","og_type":"article","og_title":"Resolver, optimizar y automatizar la log\u00edstica de salida \u2013 Actiw","og_description":"Le ofrecemos equipos de carga automatizados, soluciones inteligentes listas para usar y servicios de atenci\u00f3n 24 horas para mejorar la seguridad y la productividad de su log\u00edstica de salida.","og_url":"https:\/\/uusi.actiw.com\/es\/quienes-somos\/","og_site_name":"ACTIW | Automated loading products &amp; solutions","article_modified_time":"2021-12-10T20:15:39+00:00","og_image":[{"width":1920,"height":1080,"url":"https:\/\/uusi.actiw.com\/wp-content\/uploads\/2020\/04\/actiw-about-us.jpg","type":"image\/jpeg"}],"twitter_card":"summary_large_image","twitter_misc":{"Tiempo de lectura":"5 minutos"},"schema":{"@context":"https:\/\/schema.org","@graph":[{"@type":"WebPage","@id":"https:\/\/uusi.actiw.com\/es\/quienes-somos\/","url":"https:\/\/uusi.actiw.com\/es\/quienes-somos\/","name":"Resolver, optimizar y automatizar la log\u00edstica de salida \u2013 Actiw","isPartOf":{"@id":"https:\/\/uusi.actiw.com\/#website"},"datePublished":"2021-12-02T13:01:55+00:00","dateModified":"2021-12-10T20:15:39+00:00","description":"Le ofrecemos equipos de carga automatizados, soluciones inteligentes listas para usar y servicios de atenci\u00f3n 24 horas para mejorar la seguridad y la productividad de su log\u00edstica de salida.","inLanguage":"es","potentialAction":[{"@type":"ReadAction","target":["https:\/\/uusi.actiw.com\/es\/quienes-somos\/"]}]},{"@type":"WebSite","@id":"https:\/\/uusi.actiw.com\/#website","url":"https:\/\/uusi.actiw.com\/","name":"ACTIW | Automated loading products &amp; solutions","description":"Actiw \u2013 Lighten the load","potentialAction":[{"@type":"SearchAction","target":{"@type":"EntryPoint","urlTemplate":"https:\/\/uusi.actiw.com\/?s={search_term_string}"},"query-input":"required name=search_term_string"}],"inLanguage":"es"}]}},"_links":{"self":[{"href":"https:\/\/uusi.actiw.com\/es\/wp-json\/wp\/v2\/pages\/3821"}],"collection":[{"href":"https:\/\/uusi.actiw.com\/es\/wp-json\/wp\/v2\/pages"}],"about":[{"href":"https:\/\/uusi.actiw.com\/es\/wp-json\/wp\/v2\/types\/page"}],"author":[{"embeddable":true,"href":"https:\/\/uusi.actiw.com\/es\/wp-json\/wp\/v2\/users\/3"}],"replies":[{"embeddable":true,"href":"https:\/\/uusi.actiw.com\/es\/wp-json\/wp\/v2\/comments?post=3821"}],"version-history":[{"count":6,"href":"https:\/\/uusi.actiw.com\/es\/wp-json\/wp\/v2\/pages\/3821\/revisions"}],"predecessor-version":[{"id":3955,"href":"https:\/\/uusi.actiw.com\/es\/wp-json\/wp\/v2\/pages\/3821\/revisions\/3955"}],"wp:featuredmedia":[{"embeddable":true,"href":"https:\/\/uusi.actiw.com\/es\/wp-json\/wp\/v2\/media\/2073"}],"wp:attachment":[{"href":"https:\/\/uusi.actiw.com\/es\/wp-json\/wp\/v2\/media?parent=3821"}],"curies":[{"name":"wp","href":"https:\/\/api.w.org\/{rel}","templated":true}]}}