{"id":3827,"date":"2021-12-02T15:03:59","date_gmt":"2021-12-02T13:03:59","guid":{"rendered":"https:\/\/uusi.actiw.com\/etusivu\/"},"modified":"2022-02-17T21:22:18","modified_gmt":"2022-02-17T19:22:18","slug":"etusivu","status":"publish","type":"page","link":"https:\/\/uusi.actiw.com\/es\/","title":{"rendered":"Etusivu"},"content":{"rendered":"<p>[vc_row row_height_percent=\u00bb90&#8243; override_padding=\u00bbyes\u00bb h_padding=\u00bb2&#8243; top_padding=\u00bb5&#8243; bottom_padding=\u00bb3&#8243; back_image=\u00bb4651&#8243; back_repeat=\u00bbno-repeat\u00bb back_position=\u00bbcenter center\u00bb overlay_color=\u00bbcolor-970157&#8243; overlay_alpha=\u00bb30&#8243; gutter_size=\u00bb3&#8243; column_width_percent=\u00bb100&#8243; shift_y=\u00bb0&#8243; z_index=\u00bb0&#8243; back_size=\u00bbcover\u00bb uncode_shortcode_id=\u00bb382797&#8243; overlay_color_type=\u00bbuncode-palette\u00bb shape_dividers=\u00bb\u00bb][vc_column column_width_percent=\u00bb100&#8243; position_vertical=\u00bbbottom\u00bb gutter_size=\u00bb3&#8243; overlay_alpha=\u00bb50&#8243; shift_x=\u00bb0&#8243; shift_y=\u00bb0&#8243; shift_y_down=\u00bb0&#8243; z_index=\u00bb0&#8243; medium_width=\u00bb0&#8243; mobile_width=\u00bb0&#8243; width=\u00bb2\/3&#8243;][vc_empty_space empty_h=\u00bb2&#8243; desktop_visibility=\u00bbyes\u00bb][vc_custom_heading text_color=\u00bbcolor-451140&#8243; heading_semantic=\u00bbh1&#8243; text_size=\u00bbh4&#8243; css_animation=\u00bbsingle-slide\u00bb uncode_shortcode_id=\u00bb187235&#8243; text_color_type=\u00bbuncode-palette\u00bb]Welcome\u00a0to the Actiw Showroom[\/vc_custom_heading][vc_custom_heading text_color=\u00bbcolor-451140&#8243; heading_semantic=\u00bbh1&#8243; text_size=\u00bbh1&#8243; css_animation=\u00bbtop-t-bottom\u00bb animation_delay=\u00bb500&#8243; el_class=\u00bbheader-subtext\u00bb uncode_shortcode_id=\u00bb708953&#8243; text_color_type=\u00bbuncode-palette\u00bb]Explore our solutions in<br \/>\nvirtual loading environments[\/vc_custom_heading][vc_empty_space empty_h=\u00bb2&#8243; desktop_visibility=\u00bbyes\u00bb medium_visibility=\u00bbyes\u00bb mobile_visibility=\u00bbyes\u00bb][vc_button button_color=\u00bbaccent\u00bb radius=\u00bbbtn-round\u00bb hover_fx=\u00bbfull-colored\u00bb border_width=\u00bb0&#8243; css_animation=\u00bbtop-t-bottom\u00bb animation_delay=\u00bb600&#8243; link=\u00bburl:https%3A%2F%2Factiw-showroom.web.app%2F|title:Go%20to%20showroom|target:%20_blank|\u00bb el_class=\u00bbbutton-orange\u00bb button_color_type=\u00bbuncode-palette\u00bb uncode_shortcode_id=\u00bb588165&#8243;]Go to showroom[\/vc_button][\/vc_column][vc_column width=\u00bb1\/3&#8243;][\/vc_column][\/vc_row][vc_row row_height_percent=\u00bb0&#8243; override_padding=\u00bbyes\u00bb h_padding=\u00bb0&#8243; top_padding=\u00bb1&#8243; bottom_padding=\u00bb2&#8243; overlay_alpha=\u00bb50&#8243; gutter_size=\u00bb0&#8243; column_width_percent=\u00bb100&#8243; shift_y=\u00bb0&#8243; z_index=\u00bb0&#8243; el_class=\u00bbinverted-device-order\u00bb][vc_column column_width_percent=\u00bb100&#8243; gutter_size=\u00bb3&#8243; override_padding=\u00bbyes\u00bb column_padding=\u00bb2&#8243; style=\u00bblight\u00bb overlay_alpha=\u00bb50&#8243; shift_x=\u00bb0&#8243; shift_y=\u00bb0&#8243; shift_y_down=\u00bb0&#8243; z_index=\u00bb0&#8243; medium_width=\u00bb0&#8243; mobile_width=\u00bb0&#8243; width=\u00bb2\/3&#8243; mobile_height=\u00bb340&#8243;][vc_empty_space empty_h=\u00bb2&#8243;][vc_column_text text_lead=\u00bbyes\u00bb]Actiw ofrece equipos de carga automatizados, soluciones inteligentes \u00abllave en mano\u00bb y servicio 24\/7 para mejorar la seguridad y la productividad de su carga industrial. Llevamos m\u00e1s de 30 a\u00f1os resolviendo, optimizando y automatizando el flujo de expedici\u00f3n de material.<\/p>\n<p>[\/vc_column_text][\/vc_column][vc_column column_width_percent=\u00bb100&#8243; position_horizontal=\u00bbleft\u00bb align_horizontal=\u00bbalign_center\u00bb gutter_size=\u00bb0&#8243; override_padding=\u00bbyes\u00bb column_padding=\u00bb4&#8243; expand_height=\u00bbyes\u00bb style=\u00bbdark\u00bb back_color=\u00bbcolor-771635&#8243; overlay_alpha=\u00bb50&#8243; shift_x=\u00bb0&#8243; shift_y=\u00bb-5&#8243; shift_y_down=\u00bb0&#8243; z_index=\u00bb8&#8243; medium_width=\u00bb0&#8243; mobile_width=\u00bb5&#8243; width=\u00bb1\/3&#8243; el_class=\u00bbblue-header-box\u00bb][vc_custom_heading text_color=\u00bbcolor-451140&#8243; heading_semantic=\u00bbh4&#8243; text_size=\u00bbh4&#8243; uncode_shortcode_id=\u00bb951739&#8243; text_color_type=\u00bbuncode-palette\u00bb]Optimice su carga en m\u00e1s de[\/vc_custom_heading][uncode_counter value=\u00bb50&#8243; counter_color=\u00bbcolor-451140&#8243; font=\u00bbfont-393766&#8243; size=\u00bbh1&#8243; weight=\u00bb700&#8243; height=\u00bbfontheight-146349&#8243; suffix=\u00bb%\u00bb][vc_empty_space empty_h=\u00bb1&#8243;][\/vc_column][\/vc_row][vc_row row_height_percent=\u00bb0&#8243; override_padding=\u00bbyes\u00bb h_padding=\u00bb2&#8243; top_padding=\u00bb3&#8243; bottom_padding=\u00bb6&#8243; overlay_alpha=\u00bb50&#8243; gutter_size=\u00bb4&#8243; column_width_percent=\u00bb100&#8243; shift_y=\u00bb0&#8243; z_index=\u00bb0&#8243;][vc_column column_width_percent=\u00bb100&#8243; gutter_size=\u00bb2&#8243; overlay_alpha=\u00bb50&#8243; shift_x=\u00bb0&#8243; shift_y=\u00bb0&#8243; shift_y_down=\u00bb0&#8243; z_index=\u00bb0&#8243; medium_width=\u00bb7&#8243; mobile_width=\u00bb7&#8243; width=\u00bb1\/1&#8243;][vc_row_inner][vc_column_inner column_width_percent=\u00bb100&#8243; position_vertical=\u00bbbottom\u00bb gutter_size=\u00bb3&#8243; overlay_alpha=\u00bb50&#8243; shift_x=\u00bb0&#8243; shift_y=\u00bb0&#8243; shift_y_down=\u00bb0&#8243; z_index=\u00bb0&#8243; medium_width=\u00bb7&#8243; mobile_width=\u00bb7&#8243; width=\u00bb1\/2&#8243;][vc_custom_heading]Aumente la seguridad y productividad de su carga<\/p>\n<p>[\/vc_custom_heading][\/vc_column_inner][vc_column_inner column_width_percent=\u00bb100&#8243; position_vertical=\u00bbbottom\u00bb gutter_size=\u00bb3&#8243; overlay_alpha=\u00bb50&#8243; shift_x=\u00bb0&#8243; shift_y=\u00bb0&#8243; shift_y_down=\u00bb0&#8243; z_index=\u00bb0&#8243; medium_width=\u00bb6&#8243; mobile_width=\u00bb7&#8243; width=\u00bb1\/2&#8243;][vc_column_text]Los equipos de carga de Actiw aportan un mayor nivel de velocidad, eficacia y seguridad a sus procesos de carga automatizados. Con la capacidad de integrarse a su almac\u00e9n, Actiw marcar\u00e1 la diferencia en el flujo de material de salida.<\/p>\n<p>[\/vc_column_text][\/vc_column_inner][\/vc_row_inner][vc_empty_space empty_h=\u00bb2&#8243;][uncode_index el_id=\u00bbindex-746809&#8243; loop=\u00bbsize:3|order_by:menu_order|order:ASC|post_type:page|by_id:2042,57,55&#8243; style_preset=\u00bbmetro\u00bb gutter_size=\u00bb2&#8243; page_items=\u00bbicon|md,title,text|excerpt,media|featured|onpost|poster\u00bb screen_lg=\u00bb1000&#8243; screen_md=\u00bb600&#8243; screen_sm=\u00bb480&#8243; single_text=\u00bboverlay\u00bb single_height=\u00bb6&#8243; single_back_color=\u00bbcolor-451140&#8243; single_overlay_color=\u00bbcolor-970157&#8243; single_overlay_coloration=\u00bbbottom_gradient\u00bb single_overlay_blend=\u00bbdarken\u00bb single_overlay_opacity=\u00bb95&#8243; single_overlay_visible=\u00bbyes\u00bb single_overlay_anim=\u00bbno\u00bb single_text_visible=\u00bbyes\u00bb single_text_anim=\u00bbno\u00bb single_v_position=\u00bbbottom\u00bb single_padding=\u00bb2&#8243; single_title_semantic=\u00bbh4&#8243; single_title_weight=\u00bb700&#8243; single_text_lead=\u00bbyes\u00bb single_border=\u00bbyes\u00bb single_image_anim_move=\u00bbyes\u00bb items=\u00bbeyIzOV9pIjp7ImltYWdlc19zaXplIjoiIn0sIjM3X2kiOnsiaW1hZ2VzX3NpemUiOiIifSwiNTNfaSI6eyJzaW5nbGVfdGV4dF9sZWFkIjoibm8ifSwiMjA0Ml9pIjp7InNpbmdsZV9sYXlvdXRfcGFnZV9pdGVtcyI6Imljb258bWQsdGl0bGUsdGV4dHxleGNlcnB0LG1lZGlhfGN1c3RvbXxvbnBvc3R8cG9zdGVyIiwiYmFja19pbWFnZSI6IjI4MDEifSwiNTVfaSI6eyJiYWNrX2ltYWdlIjoiMjgwMCIsInNpbmdsZV9sYXlvdXRfcGFnZV9pdGVtcyI6Imljb258bWQsdGl0bGUsdGV4dHxleGNlcnB0LG1lZGlhfGN1c3RvbXxvbnBvc3R8cG9zdGVyIiwic2luZ2xlX2ltYWdlX2NvbG9yYXRpb24iOiIifX0=\u00bb single_icon=\u00bbfa fa-arrow-right2&#8243; order_ids=\u00bb53,55,57&#8243; el_class=\u00bbpost-grid-texts\u00bb][\/vc_column][\/vc_row][vc_row row_height_percent=\u00bb0&#8243; override_padding=\u00bbyes\u00bb h_padding=\u00bb2&#8243; top_padding=\u00bb5&#8243; bottom_padding=\u00bb5&#8243; back_color=\u00bbcolor-771635&#8243; back_image=\u00bb1533&#8243; back_repeat=\u00bbno-repeat\u00bb back_position=\u00bbcenter center\u00bb overlay_color=\u00bbcolor-771635&#8243; overlay_alpha=\u00bb90&#8243; gutter_size=\u00bb3&#8243; column_width_percent=\u00bb100&#8243; shift_y=\u00bb0&#8243; z_index=\u00bb0&#8243; bottom_divider=\u00bbstep_3_4&#8243;][vc_column column_width_percent=\u00bb100&#8243; gutter_size=\u00bb3&#8243; style=\u00bbdark\u00bb overlay_alpha=\u00bb50&#8243; shift_x=\u00bb0&#8243; shift_y=\u00bb0&#8243; shift_y_down=\u00bb0&#8243; z_index=\u00bb0&#8243; medium_width=\u00bb0&#8243; mobile_width=\u00bb0&#8243; width=\u00bb1\/1&#8243;][vc_row_inner][vc_column_inner column_width_percent=\u00bb100&#8243; position_vertical=\u00bbbottom\u00bb gutter_size=\u00bb3&#8243; style=\u00bbdark\u00bb overlay_alpha=\u00bb50&#8243; shift_x=\u00bb0&#8243; shift_y=\u00bb0&#8243; shift_y_down=\u00bb0&#8243; z_index=\u00bb0&#8243; medium_width=\u00bb7&#8243; mobile_width=\u00bb7&#8243; width=\u00bb2\/3&#8243;][vc_custom_heading]Experiencia probada para optimizar su log\u00edstica de expedici\u00f3n<\/p>\n<p>[\/vc_custom_heading][\/vc_column_inner][vc_column_inner column_width_percent=\u00bb100&#8243; position_vertical=\u00bbbottom\u00bb gutter_size=\u00bb3&#8243; overlay_alpha=\u00bb50&#8243; shift_x=\u00bb0&#8243; shift_y=\u00bb0&#8243; shift_y_down=\u00bb0&#8243; z_index=\u00bb0&#8243; medium_width=\u00bb6&#8243; mobile_width=\u00bb7&#8243; width=\u00bb1\/3&#8243;][\/vc_column_inner][\/vc_row_inner][vc_row_inner][vc_column_inner column_width_percent=\u00bb100&#8243; align_horizontal=\u00bbalign_center\u00bb gutter_size=\u00bb3&#8243; style=\u00bbdark\u00bb overlay_alpha=\u00bb50&#8243; shift_x=\u00bb0&#8243; shift_y=\u00bb0&#8243; shift_y_down=\u00bb0&#8243; z_index=\u00bb0&#8243; medium_width=\u00bb0&#8243; mobile_width=\u00bb0&#8243; width=\u00bb1\/3&#8243;][uncode_counter value=\u00bb30&#8243; counter_color=\u00bbcolor-451140&#8243; font=\u00bbfont-393766&#8243; size=\u00bbh1&#8243; weight=\u00bb700&#8243; text=\u00bba\u00f1os de experiencia en soluciones log\u00edsticas automatizadas de expedici\u00f3n\u00bb suffix=\u00bb+\u00bb][\/vc_column_inner][vc_column_inner column_width_percent=\u00bb100&#8243; align_horizontal=\u00bbalign_center\u00bb gutter_size=\u00bb3&#8243; style=\u00bbdark\u00bb overlay_alpha=\u00bb50&#8243; shift_x=\u00bb0&#8243; shift_y=\u00bb0&#8243; shift_y_down=\u00bb0&#8243; z_index=\u00bb0&#8243; medium_width=\u00bb0&#8243; mobile_width=\u00bb0&#8243; width=\u00bb1\/3&#8243;][uncode_counter value=\u00bb200&#8243; counter_color=\u00bbcolor-451140&#8243; font=\u00bbfont-393766&#8243; size=\u00bbh1&#8243; weight=\u00bb700&#8243; text=\u00bbproyectos de log\u00edstica de expedici\u00f3n para la industria\u00bb suffix=\u00bb+\u00bb][\/vc_column_inner][vc_column_inner column_width_percent=\u00bb100&#8243; align_horizontal=\u00bbalign_center\u00bb gutter_size=\u00bb3&#8243; style=\u00bbdark\u00bb overlay_alpha=\u00bb50&#8243; shift_x=\u00bb0&#8243; shift_y=\u00bb0&#8243; shift_y_down=\u00bb0&#8243; z_index=\u00bb0&#8243; medium_width=\u00bb0&#8243; mobile_width=\u00bb0&#8243; width=\u00bb1\/3&#8243;][uncode_counter value=\u00bb1,500,000&#8243; counter_color=\u00bbcolor-451140&#8243; font=\u00bbfont-393766&#8243; size=\u00bbh1&#8243; weight=\u00bb700&#8243; text=\u00bbremolques y contenedores cargados\u00bb suffix=\u00bb+\u00bb][\/vc_column_inner][\/vc_row_inner][vc_raw_html]PHA+PGEgc3R5bGU9ImZvbnQtc2l6ZTogMHB4OyBoZWlnaHQ6IDBweDsiIG5hbWU9ImNvbnRhY3R1cyIgZGF0YS1tY2Utc3R5bGU9ImZvbnQtc2l6ZTogMHB4OyBoZWlnaHQ6IDBweDsiIGNsYXNzPSJtY2UtaXRlbS1hbmNob3IiPjwvYT48L3A+[\/vc_raw_html][\/vc_column][\/vc_row][vc_row unlock_row_content=\u00bbyes\u00bb row_height_percent=\u00bb0&#8243; override_padding=\u00bbyes\u00bb h_padding=\u00bb0&#8243; top_padding=\u00bb0&#8243; bottom_padding=\u00bb0&#8243; back_color=\u00bbcolor-771635&#8243; overlay_alpha=\u00bb50&#8243; equal_height=\u00bbyes\u00bb gutter_size=\u00bb0&#8243; column_width_percent=\u00bb100&#8243; shift_y=\u00bb0&#8243; z_index=\u00bb0&#8243;][vc_column column_width_percent=\u00bb100&#8243; gutter_size=\u00bb3&#8243; override_padding=\u00bbyes\u00bb column_padding=\u00bb5&#8243; style=\u00bbdark\u00bb back_image=\u00bb762&#8243; back_repeat=\u00bbno-repeat\u00bb back_position=\u00bbcenter center\u00bb overlay_color=\u00bbcolor-970157&#8243; overlay_alpha=\u00bb50&#8243; shift_x=\u00bb0&#8243; shift_y=\u00bb0&#8243; shift_y_down=\u00bb0&#8243; z_index=\u00bb0&#8243; medium_width=\u00bb0&#8243; mobile_width=\u00bb0&#8243; width=\u00bb1\/2&#8243; mobile_height=\u00bb340&#8243;][vc_custom_heading heading_semantic=\u00bbh6&#8243; text_size=\u00bbh6&#8243; text_weight=\u00bb600&#8243; text_transform=\u00bbuppercase\u00bb text_height=\u00bbfontheight-146349&#8243; sub_reduced=\u00bbyes\u00bb]TESTIMONIO DE UN CLIENTE<\/p>\n<p>[\/vc_custom_heading][vc_custom_heading heading_semantic=\u00bbh3&#8243; text_size=\u00bbh4&#8243;]\u00abActiw nos ha ayudado mucho con la automatizaci\u00f3n. No solo nos han vendido m\u00e1quinas, sino que nos han ense\u00f1ado las mejores pr\u00e1cticas\u00bb.<\/p>\n<p>[\/vc_custom_heading][vc_column_text text_lead=\u00bbyes\u00bb]Jefe de servicios de entrega de una empresa petroqu\u00edmica<\/p>\n<p>[\/vc_column_text][vc_button button_color=\u00bbaccent\u00bb radius=\u00bbbtn-round\u00bb hover_fx=\u00bbfull-colored\u00bb border_width=\u00bb0&#8243; link=\u00bburl:https%3A%2F%2Fuusi.actiw.com%2Fes%2Fexperiencias-de-clientes%2F|title:LEER%20HISTORIAS%20DE%20CLIENTES|\u00bb el_class=\u00bbbutton-orange\u00bb]LEER HISTORIAS DE CLIENTES<\/p>\n<p>[\/vc_button][\/vc_column][vc_column column_width_use_pixel=\u00bbyes\u00bb position_horizontal=\u00bbleft\u00bb gutter_size=\u00bb3&#8243; override_padding=\u00bbyes\u00bb column_padding=\u00bb5&#8243; style=\u00bbdark\u00bb back_image=\u00bb1862&#8243; back_repeat=\u00bbno-repeat\u00bb back_position=\u00bbright top\u00bb overlay_color=\u00bbcolor-970157&#8243; overlay_alpha=\u00bb25&#8243; shift_x=\u00bb0&#8243; shift_y=\u00bb0&#8243; shift_y_down=\u00bb0&#8243; z_index=\u00bb0&#8243; medium_width=\u00bb0&#8243; mobile_width=\u00bb0&#8243; width=\u00bb1\/2&#8243; column_width_pixel=\u00bb528&#8243;][vc_custom_heading heading_semantic=\u00bbh6&#8243; text_size=\u00bbh6&#8243; text_weight=\u00bb600&#8243; text_transform=\u00bbuppercase\u00bb text_height=\u00bbfontheight-146349&#8243; sub_reduced=\u00bbyes\u00bb]CONTACTAR CON NUESTROS EXPERTOS EN CARGA<\/p>\n<p>[\/vc_custom_heading][vc_custom_heading heading_semantic=\u00bbh3&#8243;]\u00bfTiene<br \/>\nalguna duda?<\/p>\n<p>[\/vc_custom_heading][vc_column_text text_lead=\u00bbyes\u00bb el_class=\u00bbextra-padding\u00bb]P\u00f3ngase en contacto con nuestros expertos para conocer c\u00f3mo las soluciones log\u00edsticas de Actiw pueden mejorar su negocio.<\/p>\n<p>[\/vc_column_text][vc_row_inner row_inner_height_percent=\u00bb0&#8243; overlay_alpha=\u00bb50&#8243; equal_height=\u00bbyes\u00bb gutter_size=\u00bb2&#8243; shift_y=\u00bb0&#8243; z_index=\u00bb0&#8243; limit_content=\u00bb\u00bb el_class=\u00bbcontact-box-buttons\u00bb][vc_column_inner column_width_percent=\u00bb100&#8243; position_horizontal=\u00bbleft\u00bb gutter_size=\u00bb3&#8243; overlay_alpha=\u00bb50&#8243; shift_x=\u00bb0&#8243; shift_y=\u00bb0&#8243; shift_y_down=\u00bb0&#8243; z_index=\u00bb0&#8243; medium_width=\u00bb7&#8243; mobile_width=\u00bb7&#8243; width=\u00bb1\/1&#8243;][vc_icon display=\u00bbinline\u00bb icon_image=\u00bb661&#8243; icon_color=\u00bbcolor-117229&#8243; background_style=\u00bbfa-rounded\u00bb media_size=\u00bb80&#8243; link=\u00bburl:tel%3A%2B358207424820|||\u00bb el_class=\u00bbcontact-box-btn\u00bb][\/vc_icon][vc_icon display=\u00bbinline\u00bb icon_image=\u00bb659&#8243; icon_color=\u00bbcolor-117229&#8243; background_style=\u00bbfa-rounded\u00bb media_size=\u00bb60&#8243; link=\u00bburl:mailto%3Ainfo%40actiw.com|||\u00bb el_class=\u00bbcontact-box-btn\u00bb][\/vc_icon][\/vc_column_inner][\/vc_row_inner][\/vc_column][\/vc_row][vc_row][vc_column width=\u00bb1\/1&#8243;][uncode_block id=\u00bb1450&#8243;][\/vc_column][\/vc_row]<\/p>\n","protected":false},"excerpt":{"rendered":"<p>[vc_row row_height_percent=\u00bb90&#8243; override_padding=\u00bbyes\u00bb h_padding=\u00bb2&#8243; top_padding=\u00bb5&#8243; bottom_padding=\u00bb3&#8243; back_image=\u00bb4651&#8243; back_repeat=\u00bbno-repeat\u00bb back_position=\u00bbcenter center\u00bb overlay_color=\u00bbcolor-970157&#8243; overlay_alpha=\u00bb30&#8243; gutter_size=\u00bb3&#8243; column_width_percent=\u00bb100&#8243; shift_y=\u00bb0&#8243; z_index=\u00bb0&#8243; back_size=\u00bbcover\u00bb uncode_shortcode_id=\u00bb382797&#8243; overlay_color_type=\u00bbuncode-palette\u00bb shape_dividers=\u00bb\u00bb][vc_column [&hellip;]<\/p>\n","protected":false},"author":3,"featured_media":0,"parent":0,"menu_order":1,"comment_status":"closed","ping_status":"closed","template":"","meta":{"footnotes":""},"yoast_head":"<!-- This site is optimized with the Yoast SEO plugin v21.8.1 - https:\/\/yoast.com\/wordpress\/plugins\/seo\/ -->\n<title>ACTIW | Productos y soluciones de carga automatizados<\/title>\n<meta name=\"description\" content=\"Tenemos 30 a\u00f1os de experiencia en la automatizaci\u00f3n del flujo de material de expedici\u00f3n en varios sectores. Encuentre equipos y soluciones de carga automatizados para sus necesidades.\" \/>\n<meta name=\"robots\" content=\"noindex, follow, max-snippet:-1, max-image-preview:large, max-video-preview:-1\" \/>\n<meta property=\"og:locale\" content=\"es_ES\" \/>\n<meta property=\"og:type\" content=\"article\" \/>\n<meta property=\"og:title\" content=\"ACTIW | Productos y soluciones de carga automatizados\" \/>\n<meta property=\"og:description\" content=\"Tenemos 30 a\u00f1os de experiencia en la automatizaci\u00f3n del flujo de material de expedici\u00f3n en varios sectores. Encuentre equipos y soluciones de carga automatizados para sus necesidades.\" \/>\n<meta property=\"og:url\" content=\"https:\/\/uusi.actiw.com\/es\/\" \/>\n<meta property=\"og:site_name\" content=\"ACTIW | Automated loading products &amp; solutions\" \/>\n<meta property=\"article:modified_time\" content=\"2022-02-17T19:22:18+00:00\" \/>\n<meta name=\"twitter:card\" content=\"summary_large_image\" \/>\n<meta name=\"twitter:label1\" content=\"Tiempo de lectura\" \/>\n\t<meta name=\"twitter:data1\" content=\"3 minutos\" \/>\n<script type=\"application\/ld+json\" class=\"yoast-schema-graph\">{\"@context\":\"https:\/\/schema.org\",\"@graph\":[{\"@type\":\"WebPage\",\"@id\":\"https:\/\/uusi.actiw.com\/es\/\",\"url\":\"https:\/\/uusi.actiw.com\/es\/\",\"name\":\"ACTIW | Productos y soluciones de carga automatizados\",\"isPartOf\":{\"@id\":\"https:\/\/uusi.actiw.com\/#website\"},\"datePublished\":\"2021-12-02T13:03:59+00:00\",\"dateModified\":\"2022-02-17T19:22:18+00:00\",\"description\":\"Tenemos 30 a\u00f1os de experiencia en la automatizaci\u00f3n del flujo de material de expedici\u00f3n en varios sectores. Encuentre equipos y soluciones de carga automatizados para sus necesidades.\",\"inLanguage\":\"es\",\"potentialAction\":[{\"@type\":\"ReadAction\",\"target\":[\"https:\/\/uusi.actiw.com\/es\/\"]}]},{\"@type\":\"WebSite\",\"@id\":\"https:\/\/uusi.actiw.com\/#website\",\"url\":\"https:\/\/uusi.actiw.com\/\",\"name\":\"ACTIW | Automated loading products &amp; solutions\",\"description\":\"Actiw \u2013 Lighten the load\",\"potentialAction\":[{\"@type\":\"SearchAction\",\"target\":{\"@type\":\"EntryPoint\",\"urlTemplate\":\"https:\/\/uusi.actiw.com\/?s={search_term_string}\"},\"query-input\":\"required name=search_term_string\"}],\"inLanguage\":\"es\"}]}<\/script>\n<!-- \/ Yoast SEO plugin. -->","yoast_head_json":{"title":"ACTIW | Productos y soluciones de carga automatizados","description":"Tenemos 30 a\u00f1os de experiencia en la automatizaci\u00f3n del flujo de material de expedici\u00f3n en varios sectores. Encuentre equipos y soluciones de carga automatizados para sus necesidades.","robots":{"index":"noindex","follow":"follow","max-snippet":"max-snippet:-1","max-image-preview":"max-image-preview:large","max-video-preview":"max-video-preview:-1"},"og_locale":"es_ES","og_type":"article","og_title":"ACTIW | Productos y soluciones de carga automatizados","og_description":"Tenemos 30 a\u00f1os de experiencia en la automatizaci\u00f3n del flujo de material de expedici\u00f3n en varios sectores. Encuentre equipos y soluciones de carga automatizados para sus necesidades.","og_url":"https:\/\/uusi.actiw.com\/es\/","og_site_name":"ACTIW | Automated loading products &amp; solutions","article_modified_time":"2022-02-17T19:22:18+00:00","twitter_card":"summary_large_image","twitter_misc":{"Tiempo de lectura":"3 minutos"},"schema":{"@context":"https:\/\/schema.org","@graph":[{"@type":"WebPage","@id":"https:\/\/uusi.actiw.com\/es\/","url":"https:\/\/uusi.actiw.com\/es\/","name":"ACTIW | Productos y soluciones de carga automatizados","isPartOf":{"@id":"https:\/\/uusi.actiw.com\/#website"},"datePublished":"2021-12-02T13:03:59+00:00","dateModified":"2022-02-17T19:22:18+00:00","description":"Tenemos 30 a\u00f1os de experiencia en la automatizaci\u00f3n del flujo de material de expedici\u00f3n en varios sectores. Encuentre equipos y soluciones de carga automatizados para sus necesidades.","inLanguage":"es","potentialAction":[{"@type":"ReadAction","target":["https:\/\/uusi.actiw.com\/es\/"]}]},{"@type":"WebSite","@id":"https:\/\/uusi.actiw.com\/#website","url":"https:\/\/uusi.actiw.com\/","name":"ACTIW | Automated loading products &amp; solutions","description":"Actiw \u2013 Lighten the load","potentialAction":[{"@type":"SearchAction","target":{"@type":"EntryPoint","urlTemplate":"https:\/\/uusi.actiw.com\/?s={search_term_string}"},"query-input":"required name=search_term_string"}],"inLanguage":"es"}]}},"_links":{"self":[{"href":"https:\/\/uusi.actiw.com\/es\/wp-json\/wp\/v2\/pages\/3827"}],"collection":[{"href":"https:\/\/uusi.actiw.com\/es\/wp-json\/wp\/v2\/pages"}],"about":[{"href":"https:\/\/uusi.actiw.com\/es\/wp-json\/wp\/v2\/types\/page"}],"author":[{"embeddable":true,"href":"https:\/\/uusi.actiw.com\/es\/wp-json\/wp\/v2\/users\/3"}],"replies":[{"embeddable":true,"href":"https:\/\/uusi.actiw.com\/es\/wp-json\/wp\/v2\/comments?post=3827"}],"version-history":[{"count":16,"href":"https:\/\/uusi.actiw.com\/es\/wp-json\/wp\/v2\/pages\/3827\/revisions"}],"predecessor-version":[{"id":4672,"href":"https:\/\/uusi.actiw.com\/es\/wp-json\/wp\/v2\/pages\/3827\/revisions\/4672"}],"wp:attachment":[{"href":"https:\/\/uusi.actiw.com\/es\/wp-json\/wp\/v2\/media?parent=3827"}],"curies":[{"name":"wp","href":"https:\/\/api.w.org\/{rel}","templated":true}]}}