{"id":3854,"date":"2021-12-03T13:09:59","date_gmt":"2021-12-03T11:09:59","guid":{"rendered":"https:\/\/uusi.actiw.com\/politica-de-privacidad\/"},"modified":"2021-12-03T13:10:20","modified_gmt":"2021-12-03T11:10:20","slug":"politica-de-privacidad","status":"publish","type":"page","link":"https:\/\/uusi.actiw.com\/es\/politica-de-privacidad\/","title":{"rendered":"Pol\u00edtica de privacidad"},"content":{"rendered":"<p>[vc_row row_height_percent=\u00bb90&#8243; override_padding=\u00bbyes\u00bb h_padding=\u00bb2&#8243; top_padding=\u00bb0&#8243; bottom_padding=\u00bb3&#8243; back_image=\u00bb376&#8243; back_repeat=\u00bbno-repeat\u00bb back_position=\u00bbcenter bottom\u00bb parallax=\u00bbyes\u00bb overlay_color=\u00bbcolor-970157&#8243; overlay_alpha=\u00bb20&#8243; gutter_size=\u00bb3&#8243; column_width_percent=\u00bb100&#8243; shift_y=\u00bb-5&#8243; z_index=\u00bb2&#8243; bottom_divider=\u00bbfan-opacity\u00bb row_name=\u00bbHeader\u00bb el_class=\u00bbheader-box\u00bb][vc_column column_width_percent=\u00bb100&#8243; position_vertical=\u00bbbottom\u00bb gutter_size=\u00bb3&#8243; overlay_alpha=\u00bb50&#8243; shift_x=\u00bb0&#8243; shift_y=\u00bb0&#8243; shift_y_down=\u00bb0&#8243; z_index=\u00bb0&#8243; medium_width=\u00bb0&#8243; mobile_width=\u00bb0&#8243; width=\u00bb1\/1&#8243;][vc_row_inner row_inner_height_percent=\u00bb0&#8243; overlay_alpha=\u00bb50&#8243; gutter_size=\u00bb3&#8243; shift_y=\u00bb0&#8243; z_index=\u00bb0&#8243; limit_content=\u00bb\u00bb el_class=\u00bbheader-texts\u00bb][vc_column_inner column_width_percent=\u00bb100&#8243; position_vertical=\u00bbbottom\u00bb gutter_size=\u00bb3&#8243; overlay_alpha=\u00bb50&#8243; shift_x=\u00bb0&#8243; shift_y=\u00bb0&#8243; shift_y_down=\u00bb0&#8243; z_index=\u00bb0&#8243; medium_width=\u00bb6&#8243; mobile_width=\u00bb7&#8243; width=\u00bb1\/2&#8243;][vc_empty_space empty_h=\u00bb2&#8243; desktop_visibility=\u00bbyes\u00bb][vc_custom_heading heading_semantic=\u00bbh1&#8243; text_size=\u00bbh1&#8243; text_color=\u00bbcolor-451140&#8243; css_animation=\u00bbtop-t-bottom\u00bb el_class=\u00bbheader-subtext\u00bb]Pol\u00edtica de privacidad[\/vc_custom_heading][vc_empty_space empty_h=\u00bb2&#8243; medium_visibility=\u00bbyes\u00bb mobile_visibility=\u00bbyes\u00bb][\/vc_column_inner][vc_column_inner width=\u00bb1\/2&#8243;][\/vc_column_inner][\/vc_row_inner][\/vc_column][\/vc_row][vc_row row_height_percent=\u00bb0&#8243; override_padding=\u00bbyes\u00bb h_padding=\u00bb2&#8243; top_padding=\u00bb3&#8243; bottom_padding=\u00bb6&#8243; overlay_alpha=\u00bb50&#8243; gutter_size=\u00bb4&#8243; column_width_percent=\u00bb100&#8243; shift_y=\u00bb0&#8243; z_index=\u00bb0&#8243;][vc_column column_width_percent=\u00bb100&#8243; gutter_size=\u00bb2&#8243; overlay_alpha=\u00bb50&#8243; shift_x=\u00bb0&#8243; shift_y=\u00bb0&#8243; shift_y_down=\u00bb0&#8243; z_index=\u00bb0&#8243; medium_width=\u00bb7&#8243; mobile_width=\u00bb7&#8243; width=\u00bb1\/1&#8243;][vc_column_text]<\/p>\n<p>\t\t\t<!-- Flexy Breadcrumb -->\r\n\t\t\t<div class=\"fbc fbc-page\">\r\n\r\n\t\t\t\t<!-- Breadcrumb wrapper -->\r\n\t\t\t\t<div class=\"fbc-wrap\">\r\n\r\n\t\t\t\t\t<!-- Ordered list-->\r\n\t\t\t\t\t<ol class=\"fbc-items\" itemscope itemtype=\"https:\/\/schema.org\/BreadcrumbList\">\r\n\t\t\t\t\t\t            <li itemprop=\"itemListElement\" itemscope itemtype=\"https:\/\/schema.org\/ListItem\">\r\n                <span itemprop=\"name\">\r\n                    <!-- Home Link -->\r\n                    <a itemprop=\"item\" href=\"https:\/\/uusi.actiw.com\/es\/\">\r\n                    \r\n                        Home                    <\/a>\r\n                <\/span>\r\n                <meta itemprop=\"position\" content=\"1\" \/><!-- Meta Position-->\r\n             <\/li><li><span class=\"fbc-separator\">\/<\/span><\/li><li class=\"active\" itemprop=\"itemListElement\" itemscope itemtype=\"https:\/\/schema.org\/ListItem\"><span itemprop=\"name\" title=\"Pol\u00edtica de privacidad\">Pol\u00edtica de privacidad<\/span><meta itemprop=\"position\" content=\"2\" \/><\/li>\t\t\t\t\t<\/ol>\r\n\t\t\t\t\t<div class=\"clearfix\"><\/div>\r\n\t\t\t\t<\/div>\r\n\t\t\t<\/div>\r\n\t\t\t[\/vc_column_text][vc_empty_space empty_h=\u00bb4&#8243; desktop_visibility=\u00bbyes\u00bb medium_visibility=\u00bbyes\u00bb mobile_visibility=\u00bbyes\u00bb][vc_row_inner][vc_column_inner column_width_percent=\u00bb100&#8243; position_vertical=\u00bbbottom\u00bb gutter_size=\u00bb3&#8243; overlay_alpha=\u00bb50&#8243; shift_x=\u00bb0&#8243; shift_y=\u00bb0&#8243; shift_y_down=\u00bb0&#8243; z_index=\u00bb0&#8243; medium_width=\u00bb7&#8243; mobile_width=\u00bb7&#8243; width=\u00bb2\/3&#8243;][vc_custom_heading]Proteger y respetar sus datos personales[\/vc_custom_heading][vc_column_text]<strong>Pol\u00edtica de privacidad<\/strong><\/p>\n<p>Actiw Oy se compromete a proteger y respetar su privacidad, y a cumplir las leyes de privacidad y protecci\u00f3n de datos vigentes.<\/p>\n<p>Esta pol\u00edtica de privacidad le informa sobre las formas en que Actiw Oy protege su privacidad, los datos personales que procesamos, los principios de la recopilaci\u00f3n de datos, la finalidad del tratamiento de datos y nuestro uso de cookies.<\/p>\n<p>Esta pol\u00edtica de privacidad se aplica a todos los datos personales recogidos en el sitio web de Actiw (uusi.actiw.com) al rellenar los formularios en l\u00ednea.<\/p>\n<p><strong>Responsable del tratamiento de datos<\/strong><\/p>\n<p>Los datos personales se recogen en un registro. El responsable del registro es Actiw Oy, Linnatie 11-13, 76850 Naaraj\u00e4rvi, Finlandia.<\/p>\n<p><strong>Datos de contacto del responsable del tratamiento<\/strong><\/p>\n<p>Responsable de la protecci\u00f3n de datos<br \/>\nNombre: Juho Kauhanen<br \/>\nCorreo electr\u00f3nico: juho.kauhanen@actiw.com<br \/>\nTel\u00e9fono: +358 40 197 1210<\/p>\n<p><strong>Nombre del registro que recoge los datos personales<\/strong><\/p>\n<p>Registro de clientes y marketing de Actiw Oy<\/p>\n<p><strong>Recopilaci\u00f3n de datos personales<\/strong><\/p>\n<p>Cuando necesitemos informaci\u00f3n que le identifique personalmente o nos permita ponernos en contacto con usted, se la pediremos en los formularios en l\u00ednea de nuestro sitio web. Se le pedir\u00e1 que rellene formularios en l\u00ednea cuando quiera solicitarnos servicios o informaci\u00f3n espec\u00edficos. Podemos pedirle que nos proporcione informaci\u00f3n como el nombre, la direcci\u00f3n de correo electr\u00f3nico, el n\u00famero de tel\u00e9fono, la empresa, el pa\u00eds, el inter\u00e9s en el producto y la descripci\u00f3n de sus necesidades de contacto.<\/p>\n<p>Cierta informaci\u00f3n t\u00e9cnica se recoger\u00e1 por defecto al utilizar nuestro sitio web. Dicha informaci\u00f3n incluye, por ejemplo, las horas de acceso al sitio web, las p\u00e1ginas que visita, los enlaces que utiliza, el contenido que ha visto, informaci\u00f3n sobre sus dispositivos y otros datos t\u00e9cnicos de este tipo que nos proporciona su navegador.<\/p>\n<p><strong>Cookies<\/strong><\/p>\n<p>Actiw puede utilizar cookies en relaci\u00f3n con nuestros servicios y recoger datos personales. Las cookies son archivos peque\u00f1os que se guardan en el disco duro del ordenador del usuario. Las cookies facilitan la navegaci\u00f3n y el uso de nuestro sitio web. Nuestro sitio web utiliza cookies para recordar sus preferencias.<\/p>\n<p>Las cookies pueden utilizarse para mantener la sesi\u00f3n de un usuario abierta y ayudar a identificar sus preferencias personales del servicio en l\u00ednea. En su navegador, puede configurar si quiere que las cookies se guarden en su ordenador o no, o si desea recibir notificaciones sobre ellas. Si lo hace, tenga en cuenta que es posible que no pueda ver ni utilizar determinadas partes del sitio web.<\/p>\n<p><strong>Servicios de terceros<\/strong><\/p>\n<p>El sitio web de Actiw utiliza un formulario que est\u00e1 conectado a Salesforce, un proveedor de servicio en la nube (SaaS) especializado en la gesti\u00f3n de las relaciones con los clientes (CRM). El sitio web de Actiw incluye tambi\u00e9n enlaces a servicios externos, como los botones para compartir de Facebook, YouTube, LinkedIn y Twitter. Los proveedores de servicios externos pueden utilizar los enlaces para instalar cookies en el ordenador del usuario, y el uso de estas cookies est\u00e1 fuera del control de Actiw.<\/p>\n<p><strong>Finalidad del tratamiento de datos personales<\/strong><\/p>\n<p>Actiw utiliza los datos personales para los siguientes fines:<\/p>\n<ul>\n<li>Prestar servicios o respaldar su solicitud o compra<\/li>\n<li>Gestionar, alojar, analizar y desarrollar la relaci\u00f3n con el cliente<\/li>\n<li>Realizar estudios de mercado y marketing digital directo de acuerdo con la legislaci\u00f3n vigente<\/li>\n<li>Cumplir con cualquier requisito legal obligatorio que pueda estar relacionado con la aplicaci\u00f3n de la ley u otros procedimientos judiciales civiles o penales<\/li>\n<\/ul>\n<p><strong>Transferencias de datos personales<\/strong><\/p>\n<p>Podemos compartir los datos personales con subcontratistas externos al procesar los datos. Estos subcontratistas externos procesan los datos en nuestro nombre. Los subcontratistas pueden ubicarse en pa\u00edses fuera de la Uni\u00f3n Europea y del Espacio Econ\u00f3mico Europeo como, por ejemplo, en los Estados Unidos. Estas empresas pueden tratar sus datos personales para ofrecerle, por ejemplo, servicios de infraestructura e inform\u00e1tica u otros servicios. En estos casos, la seguridad de los datos y el tratamiento del registro est\u00e1n garantizados con el Escudo de Privacidad UE-EE.\u00a0UU, o mediante otro tipo de acuerdo con cl\u00e1usulas aprobadas por la Comisi\u00f3n Europea.<\/p>\n<p><strong>Principios de protecci\u00f3n de datos personales<\/strong><\/p>\n<p>Al tratar datos personales, llevamos a cabo las medidas t\u00e9cnicas y organizativas necesarias para protegerlos contra el acceso no autorizado, la destrucci\u00f3n accidental o ilegal, la manipulaci\u00f3n, la divulgaci\u00f3n y la transferencia, as\u00ed como contra cualquier otro tipo de tratamiento ilegal.<\/p>\n<p>Solo el responsable del tratamiento y las personas designadas tienen acceso a los datos del registro. Los usuarios est\u00e1n sujetos a una obligaci\u00f3n de confidencialidad. Los datos del registro est\u00e1n protegidos con una copia de seguridad. El nivel de seguridad de los datos se controla regularmente mediante auditor\u00edas externas o internas.<\/p>\n<p><strong>Periodo de conservaci\u00f3n de los datos personales<\/strong><\/p>\n<p>El responsable del tratamiento de datos personales los almacenar\u00e1 \u00fanicamente durante el tiempo necesario y con el fin para el que se recogieron, de acuerdo con las limitaciones y requisitos establecidos por la ley y los reglamentos, sobre todo, de acuerdo con los requisitos contables.<\/p>\n<p><strong>Derecho a revisar y modificar los datos personales registrados<\/strong><\/p>\n<p>Como titular de los datos personales recopilados, puede ejercer los derechos que se establecen en el RGPD. Los titulares de los datos del registro tienen derecho a revisar, rectificar o eliminar sus propios datos o rechazar el tratamiento de datos por motivos justificados. Las solicitudes deben hacerse por escrito y enviarse al responsable del tratamiento de datos mencionado anteriormente. De acuerdo con los requisitos legales, debe firmar su solicitud y adjuntar una fotocopia de su documento de identidad, en la que figure su firma. Adem\u00e1s, debe indicar una direcci\u00f3n a la que se le enviar\u00e1 una respuesta.[\/vc_column_text][\/vc_column_inner][vc_column_inner width=\u00bb1\/3&#8243;][\/vc_column_inner][\/vc_row_inner][\/vc_column][\/vc_row]<\/p>\n","protected":false},"excerpt":{"rendered":"<p>[vc_row row_height_percent=\u00bb90&#8243; override_padding=\u00bbyes\u00bb h_padding=\u00bb2&#8243; top_padding=\u00bb0&#8243; bottom_padding=\u00bb3&#8243; back_image=\u00bb376&#8243; back_repeat=\u00bbno-repeat\u00bb back_position=\u00bbcenter bottom\u00bb parallax=\u00bbyes\u00bb overlay_color=\u00bbcolor-970157&#8243; overlay_alpha=\u00bb20&#8243; gutter_size=\u00bb3&#8243; column_width_percent=\u00bb100&#8243; shift_y=\u00bb-5&#8243; z_index=\u00bb2&#8243; bottom_divider=\u00bbfan-opacity\u00bb row_name=\u00bbHeader\u00bb el_class=\u00bbheader-box\u00bb][vc_column [&hellip;]<\/p>\n","protected":false},"author":3,"featured_media":0,"parent":0,"menu_order":20,"comment_status":"closed","ping_status":"closed","template":"","meta":{"footnotes":""},"yoast_head":"<!-- This site is optimized with the Yoast SEO plugin v21.8.1 - https:\/\/yoast.com\/wordpress\/plugins\/seo\/ -->\n<title>Proteger y respetar sus datos personales \u2013 Actiw<\/title>\n<meta name=\"description\" content=\"Actiw Ltd. se compromete a proteger su privacidad y a cumplir con las leyes de protecci\u00f3n de datos y privacidad vigentes. M\u00e1s informaci\u00f3n sobre la pol\u00edtica de privacidad\" \/>\n<meta name=\"robots\" content=\"noindex, follow, max-snippet:-1, max-image-preview:large, max-video-preview:-1\" \/>\n<meta property=\"og:locale\" content=\"es_ES\" \/>\n<meta property=\"og:type\" content=\"article\" \/>\n<meta property=\"og:title\" content=\"Proteger y respetar sus datos personales \u2013 Actiw\" \/>\n<meta property=\"og:description\" content=\"Actiw Ltd. se compromete a proteger su privacidad y a cumplir con las leyes de protecci\u00f3n de datos y privacidad vigentes. M\u00e1s informaci\u00f3n sobre la pol\u00edtica de privacidad\" \/>\n<meta property=\"og:url\" content=\"https:\/\/uusi.actiw.com\/es\/politica-de-privacidad\/\" \/>\n<meta property=\"og:site_name\" content=\"ACTIW | Automated loading products &amp; solutions\" \/>\n<meta property=\"article:modified_time\" content=\"2021-12-03T11:10:20+00:00\" \/>\n<meta name=\"twitter:card\" content=\"summary_large_image\" \/>\n<meta name=\"twitter:label1\" content=\"Tiempo de lectura\" \/>\n\t<meta name=\"twitter:data1\" content=\"6 minutos\" \/>\n<script type=\"application\/ld+json\" class=\"yoast-schema-graph\">{\"@context\":\"https:\/\/schema.org\",\"@graph\":[{\"@type\":\"WebPage\",\"@id\":\"https:\/\/uusi.actiw.com\/es\/politica-de-privacidad\/\",\"url\":\"https:\/\/uusi.actiw.com\/es\/politica-de-privacidad\/\",\"name\":\"Proteger y respetar sus datos personales \u2013 Actiw\",\"isPartOf\":{\"@id\":\"https:\/\/uusi.actiw.com\/#website\"},\"datePublished\":\"2021-12-03T11:09:59+00:00\",\"dateModified\":\"2021-12-03T11:10:20+00:00\",\"description\":\"Actiw Ltd. se compromete a proteger su privacidad y a cumplir con las leyes de protecci\u00f3n de datos y privacidad vigentes. M\u00e1s informaci\u00f3n sobre la pol\u00edtica de privacidad\",\"inLanguage\":\"es\",\"potentialAction\":[{\"@type\":\"ReadAction\",\"target\":[\"https:\/\/uusi.actiw.com\/es\/politica-de-privacidad\/\"]}]},{\"@type\":\"WebSite\",\"@id\":\"https:\/\/uusi.actiw.com\/#website\",\"url\":\"https:\/\/uusi.actiw.com\/\",\"name\":\"ACTIW | Automated loading products &amp; solutions\",\"description\":\"Actiw \u2013 Lighten the load\",\"potentialAction\":[{\"@type\":\"SearchAction\",\"target\":{\"@type\":\"EntryPoint\",\"urlTemplate\":\"https:\/\/uusi.actiw.com\/?s={search_term_string}\"},\"query-input\":\"required name=search_term_string\"}],\"inLanguage\":\"es\"}]}<\/script>\n<!-- \/ Yoast SEO plugin. -->","yoast_head_json":{"title":"Proteger y respetar sus datos personales \u2013 Actiw","description":"Actiw Ltd. se compromete a proteger su privacidad y a cumplir con las leyes de protecci\u00f3n de datos y privacidad vigentes. M\u00e1s informaci\u00f3n sobre la pol\u00edtica de privacidad","robots":{"index":"noindex","follow":"follow","max-snippet":"max-snippet:-1","max-image-preview":"max-image-preview:large","max-video-preview":"max-video-preview:-1"},"og_locale":"es_ES","og_type":"article","og_title":"Proteger y respetar sus datos personales \u2013 Actiw","og_description":"Actiw Ltd. se compromete a proteger su privacidad y a cumplir con las leyes de protecci\u00f3n de datos y privacidad vigentes. M\u00e1s informaci\u00f3n sobre la pol\u00edtica de privacidad","og_url":"https:\/\/uusi.actiw.com\/es\/politica-de-privacidad\/","og_site_name":"ACTIW | Automated loading products &amp; solutions","article_modified_time":"2021-12-03T11:10:20+00:00","twitter_card":"summary_large_image","twitter_misc":{"Tiempo de lectura":"6 minutos"},"schema":{"@context":"https:\/\/schema.org","@graph":[{"@type":"WebPage","@id":"https:\/\/uusi.actiw.com\/es\/politica-de-privacidad\/","url":"https:\/\/uusi.actiw.com\/es\/politica-de-privacidad\/","name":"Proteger y respetar sus datos personales \u2013 Actiw","isPartOf":{"@id":"https:\/\/uusi.actiw.com\/#website"},"datePublished":"2021-12-03T11:09:59+00:00","dateModified":"2021-12-03T11:10:20+00:00","description":"Actiw Ltd. se compromete a proteger su privacidad y a cumplir con las leyes de protecci\u00f3n de datos y privacidad vigentes. M\u00e1s informaci\u00f3n sobre la pol\u00edtica de privacidad","inLanguage":"es","potentialAction":[{"@type":"ReadAction","target":["https:\/\/uusi.actiw.com\/es\/politica-de-privacidad\/"]}]},{"@type":"WebSite","@id":"https:\/\/uusi.actiw.com\/#website","url":"https:\/\/uusi.actiw.com\/","name":"ACTIW | Automated loading products &amp; solutions","description":"Actiw \u2013 Lighten the load","potentialAction":[{"@type":"SearchAction","target":{"@type":"EntryPoint","urlTemplate":"https:\/\/uusi.actiw.com\/?s={search_term_string}"},"query-input":"required name=search_term_string"}],"inLanguage":"es"}]}},"_links":{"self":[{"href":"https:\/\/uusi.actiw.com\/es\/wp-json\/wp\/v2\/pages\/3854"}],"collection":[{"href":"https:\/\/uusi.actiw.com\/es\/wp-json\/wp\/v2\/pages"}],"about":[{"href":"https:\/\/uusi.actiw.com\/es\/wp-json\/wp\/v2\/types\/page"}],"author":[{"embeddable":true,"href":"https:\/\/uusi.actiw.com\/es\/wp-json\/wp\/v2\/users\/3"}],"replies":[{"embeddable":true,"href":"https:\/\/uusi.actiw.com\/es\/wp-json\/wp\/v2\/comments?post=3854"}],"version-history":[{"count":2,"href":"https:\/\/uusi.actiw.com\/es\/wp-json\/wp\/v2\/pages\/3854\/revisions"}],"predecessor-version":[{"id":3856,"href":"https:\/\/uusi.actiw.com\/es\/wp-json\/wp\/v2\/pages\/3854\/revisions\/3856"}],"wp:attachment":[{"href":"https:\/\/uusi.actiw.com\/es\/wp-json\/wp\/v2\/media?parent=3854"}],"curies":[{"name":"wp","href":"https:\/\/api.w.org\/{rel}","templated":true}]}}